{"id":2141,"date":"2025-06-12T11:10:11","date_gmt":"2025-06-12T11:10:11","guid":{"rendered":"https:\/\/beyond-skin.ch\/?post_type=product&#038;p=2141"},"modified":"2026-02-26T15:32:33","modified_gmt":"2026-02-26T13:32:33","slug":"natural-pure-edp","status":"publish","type":"product","link":"https:\/\/beyondskin.nura-kibris.com\/fr\/produkt\/natural-pure-edp\/","title":{"rendered":"NATURAL &#038; PURE EdP"},"content":{"rendered":"<p>Die Komposition<br \/>\nEin frischer, minimalistischer aber lang anhaltender Duft, der w\u00e4hrend des Tragens seinen zarten, holzigen Akkord entfaltet und Sie so verf\u00fchren wird. Die Kombination aus Moschus und Sandelholz wird durch einen leuchtenden und lebendigen Herzakkord aus Bl\u00fctenbl\u00e4ttern erg\u00e4nzt und schafft so ein nat\u00fcrliches und reines Dufterlebnis \u2013 Natural &amp; Pure.<\/p>\n<p>Duftnote<br \/>\n&#8211; Kopfnote: Tonkabohne, Roibusch, Gr\u00fcner Tee<br \/>\n&#8211; Herznote: Sandelholz, Moschus<br \/>\n&#8211; Basisnote: Bl\u00e4tter von wei\u00dfen Bl\u00fcten<\/p>\n<p>50 ml<\/p>\n","protected":false},"excerpt":{"rendered":"<p><strong>Eleganz und Grazie <\/strong><\/p>\n","protected":false},"featured_media":2142,"comment_status":"open","ping_status":"closed","template":"","meta":[],"product_brand":[40],"product_cat":[127],"product_tag":[171],"class_list":{"0":"post-2141","1":"product","2":"type-product","3":"status-publish","4":"has-post-thumbnail","6":"product_brand-mbr","7":"product_cat-duefte-seifen","8":"product_tag-duefte-aromen-seifen","10":"first","11":"instock","12":"taxable","13":"shipping-taxable","14":"purchasable","15":"product-type-simple"},"_links":{"self":[{"href":"https:\/\/beyondskin.nura-kibris.com\/fr\/wp-json\/wp\/v2\/product\/2141","targetHints":{"allow":["GET"]}}],"collection":[{"href":"https:\/\/beyondskin.nura-kibris.com\/fr\/wp-json\/wp\/v2\/product"}],"about":[{"href":"https:\/\/beyondskin.nura-kibris.com\/fr\/wp-json\/wp\/v2\/types\/product"}],"replies":[{"embeddable":true,"href":"https:\/\/beyondskin.nura-kibris.com\/fr\/wp-json\/wp\/v2\/comments?post=2141"}],"wp:featuredmedia":[{"embeddable":true,"href":"https:\/\/beyondskin.nura-kibris.com\/fr\/wp-json\/wp\/v2\/media\/2142"}],"wp:attachment":[{"href":"https:\/\/beyondskin.nura-kibris.com\/fr\/wp-json\/wp\/v2\/media?parent=2141"}],"wp:term":[{"taxonomy":"product_brand","embeddable":true,"href":"https:\/\/beyondskin.nura-kibris.com\/fr\/wp-json\/wp\/v2\/product_brand?post=2141"},{"taxonomy":"product_cat","embeddable":true,"href":"https:\/\/beyondskin.nura-kibris.com\/fr\/wp-json\/wp\/v2\/product_cat?post=2141"},{"taxonomy":"product_tag","embeddable":true,"href":"https:\/\/beyondskin.nura-kibris.com\/fr\/wp-json\/wp\/v2\/product_tag?post=2141"}],"curies":[{"name":"wp","href":"https:\/\/api.w.org\/{rel}","templated":true}]}}