{"id":2133,"date":"2025-06-12T10:19:15","date_gmt":"2025-06-12T10:19:15","guid":{"rendered":"https:\/\/beyond-skin.ch\/?post_type=product&#038;p=2133"},"modified":"2026-02-26T15:31:56","modified_gmt":"2026-02-26T13:31:56","slug":"after-sun-liquid-mask","status":"publish","type":"product","link":"https:\/\/beyondskin.nura-kibris.com\/fr\/produkt\/after-sun-liquid-mask\/","title":{"rendered":"After SUN Liquid Mask"},"content":{"rendered":"<p>Eine beruhigende Liquid-Maske, die die durch UV-Strahlung beanspruchte Haut sofort beruhigt,den Feuchtigkeitshaushalt nachhaltig ausgleicht und wichtige Zellschutzfunktionen aktiviert.<\/p>\n<p>&#8211; Beruhigende Komponenten pflegen die durch UV-Einstrahlung gestresste Haut und geben ihr ein entspanntes und geschmeidiges Hautgef\u00fchl<br \/>\n&#8211; Feuchtigkeitsverlust wird nachhaltig ausgeglichen<br \/>\n&#8211; Das hauteigene Immunsystem wird aktiviert, der Zellschutz sowie die Regenerationsfunktionen unterst\u00fctzt<br \/>\n&#8211; Sonnenverursachte Linien und F\u00e4ltchen werden gemindert<br \/>\n&#8211; Eine gleichm\u00e4\u00dfige, sch\u00f6ne Br\u00e4une kann so noch lange erhalten werden<\/p>\n<p>Hauptwirkstoffe: Hyalurons\u00e4ure, Thalassine 2G, MultiEx BSASMTM, Ectoin, Allantoin, Panthenol, SymHelios\u00ae 1031<\/p>\n<p>8 x 1 St\u00fcck<\/p>\n","protected":false},"excerpt":{"rendered":"<p><strong>Das Pflegeplus nach der Sonne<\/strong><\/p>\n","protected":false},"featured_media":2134,"comment_status":"open","ping_status":"closed","template":"","meta":[],"product_brand":[40],"product_cat":[117,125],"product_tag":[170],"class_list":{"0":"post-2133","1":"product","2":"type-product","3":"status-publish","4":"has-post-thumbnail","6":"product_brand-mbr","7":"product_cat-masken","8":"product_cat-sonnenschutz","9":"product_tag-sichere-sonnengekuesste-haut","11":"first","12":"instock","13":"taxable","14":"shipping-taxable","15":"purchasable","16":"product-type-simple"},"_links":{"self":[{"href":"https:\/\/beyondskin.nura-kibris.com\/fr\/wp-json\/wp\/v2\/product\/2133","targetHints":{"allow":["GET"]}}],"collection":[{"href":"https:\/\/beyondskin.nura-kibris.com\/fr\/wp-json\/wp\/v2\/product"}],"about":[{"href":"https:\/\/beyondskin.nura-kibris.com\/fr\/wp-json\/wp\/v2\/types\/product"}],"replies":[{"embeddable":true,"href":"https:\/\/beyondskin.nura-kibris.com\/fr\/wp-json\/wp\/v2\/comments?post=2133"}],"wp:featuredmedia":[{"embeddable":true,"href":"https:\/\/beyondskin.nura-kibris.com\/fr\/wp-json\/wp\/v2\/media\/2134"}],"wp:attachment":[{"href":"https:\/\/beyondskin.nura-kibris.com\/fr\/wp-json\/wp\/v2\/media?parent=2133"}],"wp:term":[{"taxonomy":"product_brand","embeddable":true,"href":"https:\/\/beyondskin.nura-kibris.com\/fr\/wp-json\/wp\/v2\/product_brand?post=2133"},{"taxonomy":"product_cat","embeddable":true,"href":"https:\/\/beyondskin.nura-kibris.com\/fr\/wp-json\/wp\/v2\/product_cat?post=2133"},{"taxonomy":"product_tag","embeddable":true,"href":"https:\/\/beyondskin.nura-kibris.com\/fr\/wp-json\/wp\/v2\/product_tag?post=2133"}],"curies":[{"name":"wp","href":"https:\/\/api.w.org\/{rel}","templated":true}]}}