{"id":2128,"date":"2025-06-12T10:09:39","date_gmt":"2025-06-12T10:09:39","guid":{"rendered":"https:\/\/beyond-skin.ch\/?post_type=product&#038;p=2128"},"modified":"2026-02-26T15:31:43","modified_gmt":"2026-02-26T13:31:43","slug":"high-protection-lip-eye-spf-50","status":"publish","type":"product","link":"https:\/\/beyondskin.nura-kibris.com\/fr\/produkt\/high-protection-lip-eye-spf-50\/","title":{"rendered":"High Protection Lip &#038; Eye SPF 50"},"content":{"rendered":"<p>Eine pflegende Sonnenschutzcreme speziell f\u00fcr die Augenpartie und Lippen mit SPF 50 und viel Feuchtigkeit. Sch\u00fctzt, pflegt und regeneriert sonnenempfindliche Haut zuverl\u00e4ssig w\u00e4hrend des Sonnenbadens.<\/p>\n<p>&#8211; Sch\u00fctzt und pflegt die empfindliche Lippen- und Augenpartie<br \/>\n&#8211; Beugt Sonnenbrand und Hautalterung vor<br \/>\n&#8211; Versorgt die Haut intensiv mit Feuchtigkeit<br \/>\n&#8211; Gl\u00e4ttet kleine Hautunebenheiten, Linien und F\u00e4ltchen<\/p>\n<p>Hauptwirkstoffe: Tinosorb M\u00ae, Stammzellen aus der Preiselbeere, Orchideen Stammzellen Extrakt, Panthenol, Vitamin C, Vitamin E<\/p>\n<p>7.5 ml<\/p>\n","protected":false},"excerpt":{"rendered":"<p><strong>Hoher Schutz f\u00fcr sonnenempfindliche Hautpartien<\/strong><\/p>\n","protected":false},"featured_media":2130,"comment_status":"open","ping_status":"closed","template":"","meta":[],"product_brand":[40],"product_cat":[121],"product_tag":[170],"class_list":{"0":"post-2128","1":"product","2":"type-product","3":"status-publish","4":"has-post-thumbnail","6":"product_brand-mbr","7":"product_cat-lippenpflege","8":"product_tag-sichere-sonnengekuesste-haut","10":"first","11":"instock","12":"taxable","13":"shipping-taxable","14":"purchasable","15":"product-type-simple"},"_links":{"self":[{"href":"https:\/\/beyondskin.nura-kibris.com\/fr\/wp-json\/wp\/v2\/product\/2128","targetHints":{"allow":["GET"]}}],"collection":[{"href":"https:\/\/beyondskin.nura-kibris.com\/fr\/wp-json\/wp\/v2\/product"}],"about":[{"href":"https:\/\/beyondskin.nura-kibris.com\/fr\/wp-json\/wp\/v2\/types\/product"}],"replies":[{"embeddable":true,"href":"https:\/\/beyondskin.nura-kibris.com\/fr\/wp-json\/wp\/v2\/comments?post=2128"}],"wp:featuredmedia":[{"embeddable":true,"href":"https:\/\/beyondskin.nura-kibris.com\/fr\/wp-json\/wp\/v2\/media\/2130"}],"wp:attachment":[{"href":"https:\/\/beyondskin.nura-kibris.com\/fr\/wp-json\/wp\/v2\/media?parent=2128"}],"wp:term":[{"taxonomy":"product_brand","embeddable":true,"href":"https:\/\/beyondskin.nura-kibris.com\/fr\/wp-json\/wp\/v2\/product_brand?post=2128"},{"taxonomy":"product_cat","embeddable":true,"href":"https:\/\/beyondskin.nura-kibris.com\/fr\/wp-json\/wp\/v2\/product_cat?post=2128"},{"taxonomy":"product_tag","embeddable":true,"href":"https:\/\/beyondskin.nura-kibris.com\/fr\/wp-json\/wp\/v2\/product_tag?post=2128"}],"curies":[{"name":"wp","href":"https:\/\/api.w.org\/{rel}","templated":true}]}}