{"id":2117,"date":"2025-06-12T09:58:34","date_gmt":"2025-06-12T09:58:34","guid":{"rendered":"https:\/\/beyond-skin.ch\/?post_type=product&#038;p=2117"},"modified":"2026-02-26T15:31:21","modified_gmt":"2026-02-26T13:31:21","slug":"high-protection-face-cream-spf-30","status":"publish","type":"product","link":"https:\/\/beyondskin.nura-kibris.com\/fr\/produkt\/high-protection-face-cream-spf-30\/","title":{"rendered":"High Protection Face Cream SPF 30"},"content":{"rendered":"<p>Die innovative und hochwirksame Pflegecreme sch\u00fctzt, pflegt und regeneriert ungebr\u00e4unte, sonnenungewohnte Haut zuverl\u00e4ssig. Die leichte, nicht klebende Textur l\u00e4sst sich einfach auftragen und zieht schnell ein. Die Haut ist herrlich weich, leicht mattiert und optimal gesch\u00fctzt. Die empfindliche und besonders gef\u00e4hrdete Gesichtshaut erh\u00e4lt eine gleichm\u00e4ssige und gesunde Br\u00e4une.<\/p>\n<p>&#8211; Die leichte, nicht klebende Textur l\u00e4sst sich dank des patentierten Twistlocksystems sauber entnehmen, einfach auftragen und zieht schnell ein.<br \/>\n&#8211; Mit der innovativen Produkttechnologie des MBR\u00ae UV-A\/UV-B PROTECTION SYSTEMS wird die Haut vor Sonnenbrand und Hautalterung, Falten und Pigmentflecken durch \u00fcberm\u00e4ssige Sonneneinwirkung bewahrt.<br \/>\n&#8211; Die ausgewogenen Komponenten des MBR\u00ae CARE\/REPAIR SYSTEMS versorgen die Haut intensiv mit der notwendigen Feuchtigkeit, gl\u00e4tten kleine Hautunebenheiten und halten die Gesichtsz\u00fcge elastisch.<br \/>\n&#8211; Mit dem intelligenten MBR\u00ae CELL DEFENSE SYSTEM wird der nat\u00fcrliche Immun- und Zellschutz aktiviert und das hauteigene Abwehrsystem stimuliert.<br \/>\n&#8211; Die Haut ist herrlich weich, leicht mattiert und optimal gesch\u00fctzt. Die empfindliche und besonders gef\u00e4hrdete Gesichtshaut erh\u00e4lt eine gleichm\u00e4ssige und gesunde Br\u00e4une.<\/p>\n<p>Hauptwirkstoffe: Tinosorb\u00ae M, Parsol, Uvinul, Aloe Vera Blattsaft Pulver, Ectoin, Allantoin, D-Panthenol, Vitamin E, Jojoba\u00f6l, Cocos\u00f6l, Sojasamen\u00f6l<\/p>\n<p>50 ml \u2022 100 ml<\/p>\n","protected":false},"excerpt":{"rendered":"<p><strong>Hoher Schutz f\u00fcr sonnenungewohnte Gesichtshaut<\/strong><\/p>\n","protected":false},"featured_media":2120,"comment_status":"open","ping_status":"closed","template":"","meta":[],"product_brand":[40],"product_cat":[],"product_tag":[170],"class_list":{"0":"post-2117","1":"product","2":"type-product","3":"status-publish","4":"has-post-thumbnail","6":"product_brand-mbr","7":"product_tag-sichere-sonnengekuesste-haut","9":"first","10":"instock","11":"taxable","12":"shipping-taxable","13":"purchasable","14":"product-type-variable"},"_links":{"self":[{"href":"https:\/\/beyondskin.nura-kibris.com\/fr\/wp-json\/wp\/v2\/product\/2117","targetHints":{"allow":["GET"]}}],"collection":[{"href":"https:\/\/beyondskin.nura-kibris.com\/fr\/wp-json\/wp\/v2\/product"}],"about":[{"href":"https:\/\/beyondskin.nura-kibris.com\/fr\/wp-json\/wp\/v2\/types\/product"}],"replies":[{"embeddable":true,"href":"https:\/\/beyondskin.nura-kibris.com\/fr\/wp-json\/wp\/v2\/comments?post=2117"}],"wp:featuredmedia":[{"embeddable":true,"href":"https:\/\/beyondskin.nura-kibris.com\/fr\/wp-json\/wp\/v2\/media\/2120"}],"wp:attachment":[{"href":"https:\/\/beyondskin.nura-kibris.com\/fr\/wp-json\/wp\/v2\/media?parent=2117"}],"wp:term":[{"taxonomy":"product_brand","embeddable":true,"href":"https:\/\/beyondskin.nura-kibris.com\/fr\/wp-json\/wp\/v2\/product_brand?post=2117"},{"taxonomy":"product_cat","embeddable":true,"href":"https:\/\/beyondskin.nura-kibris.com\/fr\/wp-json\/wp\/v2\/product_cat?post=2117"},{"taxonomy":"product_tag","embeddable":true,"href":"https:\/\/beyondskin.nura-kibris.com\/fr\/wp-json\/wp\/v2\/product_tag?post=2117"}],"curies":[{"name":"wp","href":"https:\/\/api.w.org\/{rel}","templated":true}]}}