{"id":2109,"date":"2025-06-12T09:43:50","date_gmt":"2025-06-12T09:43:50","guid":{"rendered":"https:\/\/beyond-skin.ch\/?post_type=product&#038;p=2109"},"modified":"2026-02-19T18:05:38","modified_gmt":"2026-02-19T16:05:38","slug":"scalp-reanimation","status":"publish","type":"product","link":"https:\/\/beyondskin.nura-kibris.com\/fr\/produkt\/scalp-reanimation\/","title":{"rendered":"Scalp Reanimation"},"content":{"rendered":"<p>Ein Power-Cocktail zur Vitalisierung und Kr\u00e4ftigung der Haarwurzeln. Zur t\u00e4glichen Pflege gegen vorzeitigen Haarausfall und bereits gelichtetem Haar, um das Wachstum anzuregen. Reanimiert, regeneriert, vitalisiert und sch\u00fctzt vor \u00e4u\u00dferen Einfl\u00fcssen.<\/p>\n<p>&#8211; Stimuliert den Zellmetabolismus<br \/>\n&#8211; St\u00e4rkt Kopfhaut und Haar, erfrischt<br \/>\n&#8211; Verbessert die Haarsubstanz, erh\u00f6ht die Haardichte<br \/>\n&#8211; Wirkt beruhigend und befeuchtend, gibt dem Haar Glanz und Elastizit\u00e4t<br \/>\n&#8211; Verbessert den Zustand gesch\u00e4digter Haare<br \/>\n&#8211; Sch\u00fctzt, verdickt das Haar<\/p>\n<p>Hauptwirkstoffe: CapixylTM hochdosiert, Lactil\u00ae , MultiEx BSASMTM, Coffein, Inositol<\/p>\n<p>100 ml<\/p>\n","protected":false},"excerpt":{"rendered":"<p><strong>Das t\u00e4gliche Fitnesstraining f\u00fcr die Kopfhaut<\/strong><\/p>\n","protected":false},"featured_media":2110,"comment_status":"open","ping_status":"closed","template":"","meta":[],"product_brand":[40],"product_cat":[123,124],"product_tag":[162,163],"class_list":{"0":"post-2109","1":"product","2":"type-product","3":"status-publish","4":"has-post-thumbnail","6":"product_brand-mbr","7":"product_cat-haarpflege","8":"product_cat-maennerpflege","9":"product_tag-silhouette","10":"product_tag-spezialthemen","12":"first","13":"instock","14":"taxable","15":"shipping-taxable","16":"purchasable","17":"product-type-simple"},"_links":{"self":[{"href":"https:\/\/beyondskin.nura-kibris.com\/fr\/wp-json\/wp\/v2\/product\/2109","targetHints":{"allow":["GET"]}}],"collection":[{"href":"https:\/\/beyondskin.nura-kibris.com\/fr\/wp-json\/wp\/v2\/product"}],"about":[{"href":"https:\/\/beyondskin.nura-kibris.com\/fr\/wp-json\/wp\/v2\/types\/product"}],"replies":[{"embeddable":true,"href":"https:\/\/beyondskin.nura-kibris.com\/fr\/wp-json\/wp\/v2\/comments?post=2109"}],"wp:featuredmedia":[{"embeddable":true,"href":"https:\/\/beyondskin.nura-kibris.com\/fr\/wp-json\/wp\/v2\/media\/2110"}],"wp:attachment":[{"href":"https:\/\/beyondskin.nura-kibris.com\/fr\/wp-json\/wp\/v2\/media?parent=2109"}],"wp:term":[{"taxonomy":"product_brand","embeddable":true,"href":"https:\/\/beyondskin.nura-kibris.com\/fr\/wp-json\/wp\/v2\/product_brand?post=2109"},{"taxonomy":"product_cat","embeddable":true,"href":"https:\/\/beyondskin.nura-kibris.com\/fr\/wp-json\/wp\/v2\/product_cat?post=2109"},{"taxonomy":"product_tag","embeddable":true,"href":"https:\/\/beyondskin.nura-kibris.com\/fr\/wp-json\/wp\/v2\/product_tag?post=2109"}],"curies":[{"name":"wp","href":"https:\/\/api.w.org\/{rel}","templated":true}]}}