{"id":2107,"date":"2025-06-12T09:41:11","date_gmt":"2025-06-12T09:41:11","guid":{"rendered":"https:\/\/beyond-skin.ch\/?post_type=product&#038;p=2107"},"modified":"2026-02-19T18:05:18","modified_gmt":"2026-02-19T16:05:18","slug":"hair-care","status":"publish","type":"product","link":"https:\/\/beyondskin.nura-kibris.com\/fr\/produkt\/hair-care\/","title":{"rendered":"Hair &#038; Care"},"content":{"rendered":"<p>Pflegendes, mildes Haarshampoo zur t\u00e4glichen Anwendung. Sch\u00fctzt das Haar vor dem Austrocknen und macht das Haar geschmeidig.<\/p>\n<p>&#8211; Vitalisiert die Kopfhaut und regt das Haarwachstum an<br \/>\n&#8211; Regeneriert und kr\u00e4ftigt glanzloses Haar<br \/>\n&#8211; St\u00e4rkt die Haarwurzeln<br \/>\n&#8211; Entfernt zuverl\u00e4ssig s\u00e4mtliche Stylingr\u00fcckst\u00e4nde<br \/>\n&#8211; Silikonfrei<\/p>\n<p>Hauptwirkstoffe: CapixylTM, Weizenpulver, Coffein, Biotin<\/p>\n<p>200 ml<\/p>\n","protected":false},"excerpt":{"rendered":"<p><strong>Die sanfte Haar- und Kopfhautpflege<\/strong><\/p>\n","protected":false},"featured_media":2108,"comment_status":"open","ping_status":"closed","template":"","meta":[],"product_brand":[40],"product_cat":[123,124],"product_tag":[162,163],"class_list":{"0":"post-2107","1":"product","2":"type-product","3":"status-publish","4":"has-post-thumbnail","6":"product_brand-mbr","7":"product_cat-haarpflege","8":"product_cat-maennerpflege","9":"product_tag-silhouette","10":"product_tag-spezialthemen","12":"first","13":"instock","14":"taxable","15":"shipping-taxable","16":"purchasable","17":"product-type-simple"},"_links":{"self":[{"href":"https:\/\/beyondskin.nura-kibris.com\/fr\/wp-json\/wp\/v2\/product\/2107","targetHints":{"allow":["GET"]}}],"collection":[{"href":"https:\/\/beyondskin.nura-kibris.com\/fr\/wp-json\/wp\/v2\/product"}],"about":[{"href":"https:\/\/beyondskin.nura-kibris.com\/fr\/wp-json\/wp\/v2\/types\/product"}],"replies":[{"embeddable":true,"href":"https:\/\/beyondskin.nura-kibris.com\/fr\/wp-json\/wp\/v2\/comments?post=2107"}],"wp:featuredmedia":[{"embeddable":true,"href":"https:\/\/beyondskin.nura-kibris.com\/fr\/wp-json\/wp\/v2\/media\/2108"}],"wp:attachment":[{"href":"https:\/\/beyondskin.nura-kibris.com\/fr\/wp-json\/wp\/v2\/media?parent=2107"}],"wp:term":[{"taxonomy":"product_brand","embeddable":true,"href":"https:\/\/beyondskin.nura-kibris.com\/fr\/wp-json\/wp\/v2\/product_brand?post=2107"},{"taxonomy":"product_cat","embeddable":true,"href":"https:\/\/beyondskin.nura-kibris.com\/fr\/wp-json\/wp\/v2\/product_cat?post=2107"},{"taxonomy":"product_tag","embeddable":true,"href":"https:\/\/beyondskin.nura-kibris.com\/fr\/wp-json\/wp\/v2\/product_tag?post=2107"}],"curies":[{"name":"wp","href":"https:\/\/api.w.org\/{rel}","templated":true}]}}