{"id":2105,"date":"2025-06-12T09:38:49","date_gmt":"2025-06-12T09:38:49","guid":{"rendered":"https:\/\/beyond-skin.ch\/?post_type=product&#038;p=2105"},"modified":"2026-02-19T18:03:49","modified_gmt":"2026-02-19T16:03:49","slug":"the-eye-cream","status":"publish","type":"product","link":"https:\/\/beyondskin.nura-kibris.com\/fr\/produkt\/the-eye-cream\/","title":{"rendered":"The Eye Cream"},"content":{"rendered":"<p>Die luxuri\u00f6se Anti-Aging Augencreme ist ideal f\u00fcr die anspruchsvolle M\u00e4nnerhaut. Sie sorgt mit hautidentischen Lipiden f\u00fcr eine erfrischte und strahlende Augenpartie.<\/p>\n<p>&#8211; Wirkt aktiv gegen die sichtbaren Anzeichen der m\u00fcden Augenpartie<br \/>\n&#8211; Verleiht der Haut den besonderen Frische-Kick<br \/>\n&#8211; Spendet intensiv Feuchtigkeit<\/p>\n<p>Hauptwirkstoffe: Aquaxyl, Syn-Hycan, Munapsys, Cyclopeptide, K\u00fcstenkamille<\/p>\n<p>15 ml<\/p>\n","protected":false},"excerpt":{"rendered":"<p><strong>Anti-Aging Augencreme f\u00fcr frische Energie<\/strong><\/p>\n","protected":false},"featured_media":2106,"comment_status":"open","ping_status":"closed","template":"","meta":[],"product_brand":[40],"product_cat":[120,124],"product_tag":[155,163,160],"class_list":{"0":"post-2105","1":"product","2":"type-product","3":"status-publish","4":"has-post-thumbnail","6":"product_brand-mbr","7":"product_cat-augenpflege","8":"product_cat-maennerpflege","9":"product_tag-anti-aging","10":"product_tag-spezialthemen","11":"product_tag-trockene-haut","13":"first","14":"instock","15":"taxable","16":"shipping-taxable","17":"purchasable","18":"product-type-simple"},"_links":{"self":[{"href":"https:\/\/beyondskin.nura-kibris.com\/fr\/wp-json\/wp\/v2\/product\/2105","targetHints":{"allow":["GET"]}}],"collection":[{"href":"https:\/\/beyondskin.nura-kibris.com\/fr\/wp-json\/wp\/v2\/product"}],"about":[{"href":"https:\/\/beyondskin.nura-kibris.com\/fr\/wp-json\/wp\/v2\/types\/product"}],"replies":[{"embeddable":true,"href":"https:\/\/beyondskin.nura-kibris.com\/fr\/wp-json\/wp\/v2\/comments?post=2105"}],"wp:featuredmedia":[{"embeddable":true,"href":"https:\/\/beyondskin.nura-kibris.com\/fr\/wp-json\/wp\/v2\/media\/2106"}],"wp:attachment":[{"href":"https:\/\/beyondskin.nura-kibris.com\/fr\/wp-json\/wp\/v2\/media?parent=2105"}],"wp:term":[{"taxonomy":"product_brand","embeddable":true,"href":"https:\/\/beyondskin.nura-kibris.com\/fr\/wp-json\/wp\/v2\/product_brand?post=2105"},{"taxonomy":"product_cat","embeddable":true,"href":"https:\/\/beyondskin.nura-kibris.com\/fr\/wp-json\/wp\/v2\/product_cat?post=2105"},{"taxonomy":"product_tag","embeddable":true,"href":"https:\/\/beyondskin.nura-kibris.com\/fr\/wp-json\/wp\/v2\/product_tag?post=2105"}],"curies":[{"name":"wp","href":"https:\/\/api.w.org\/{rel}","templated":true}]}}