{"id":2103,"date":"2025-06-12T09:33:24","date_gmt":"2025-06-12T09:33:24","guid":{"rendered":"https:\/\/beyond-skin.ch\/?post_type=product&#038;p=2103"},"modified":"2026-02-19T18:03:15","modified_gmt":"2026-02-19T16:03:15","slug":"eye-injection","status":"publish","type":"product","link":"https:\/\/beyondskin.nura-kibris.com\/fr\/produkt\/eye-injection\/","title":{"rendered":"Eye Injection"},"content":{"rendered":"<p>Hochkonzentriertes, \u00f6lfreies Power-Gel f\u00fcr die Augenpartie mit einer abschwellenden, festigenden und straffenden Wirkstoffkombination.<\/p>\n<p>&#8211; Mindert feine Linien und F\u00e4ltchen<br \/>\n&#8211; Stimuliert das nat\u00fcrliche, hauteigene Feuchtigkeitsnetzwerk, erh\u00f6ht die Anzahl der wassertransportierenden Proteine<br \/>\n&#8211; Befeuchtet die Haut bis in tiefere Schichten<br \/>\n&#8211; Wirkt intensiv gewebefestigend<br \/>\n&#8211; Ist wohltuend und erfrischend bei geschwollener Augenpartie und Neigung zu Tr\u00e4nens\u00e4cken<\/p>\n<p>Hauptwirkstoffe: Hyalurons\u00e4ure, K\u00fcstenkamille, CroNolineTM, Shambrilla\u00f6l, Cyclopeptide-5, Aqua Cell, Ergothioneine (Thiotaine) EGT<\/p>\n<p>15 ml<\/p>\n","protected":false},"excerpt":{"rendered":"<p><strong>Die erfrischende Energie<\/strong><\/p>\n","protected":false},"featured_media":2104,"comment_status":"open","ping_status":"closed","template":"","meta":[],"product_brand":[40],"product_cat":[120,124],"product_tag":[155,160],"class_list":{"0":"post-2103","1":"product","2":"type-product","3":"status-publish","4":"has-post-thumbnail","6":"product_brand-mbr","7":"product_cat-augenpflege","8":"product_cat-maennerpflege","9":"product_tag-anti-aging","10":"product_tag-trockene-haut","12":"first","13":"instock","14":"taxable","15":"shipping-taxable","16":"purchasable","17":"product-type-simple"},"_links":{"self":[{"href":"https:\/\/beyondskin.nura-kibris.com\/fr\/wp-json\/wp\/v2\/product\/2103","targetHints":{"allow":["GET"]}}],"collection":[{"href":"https:\/\/beyondskin.nura-kibris.com\/fr\/wp-json\/wp\/v2\/product"}],"about":[{"href":"https:\/\/beyondskin.nura-kibris.com\/fr\/wp-json\/wp\/v2\/types\/product"}],"replies":[{"embeddable":true,"href":"https:\/\/beyondskin.nura-kibris.com\/fr\/wp-json\/wp\/v2\/comments?post=2103"}],"wp:featuredmedia":[{"embeddable":true,"href":"https:\/\/beyondskin.nura-kibris.com\/fr\/wp-json\/wp\/v2\/media\/2104"}],"wp:attachment":[{"href":"https:\/\/beyondskin.nura-kibris.com\/fr\/wp-json\/wp\/v2\/media?parent=2103"}],"wp:term":[{"taxonomy":"product_brand","embeddable":true,"href":"https:\/\/beyondskin.nura-kibris.com\/fr\/wp-json\/wp\/v2\/product_brand?post=2103"},{"taxonomy":"product_cat","embeddable":true,"href":"https:\/\/beyondskin.nura-kibris.com\/fr\/wp-json\/wp\/v2\/product_cat?post=2103"},{"taxonomy":"product_tag","embeddable":true,"href":"https:\/\/beyondskin.nura-kibris.com\/fr\/wp-json\/wp\/v2\/product_tag?post=2103"}],"curies":[{"name":"wp","href":"https:\/\/api.w.org\/{rel}","templated":true}]}}