{"id":2101,"date":"2025-06-12T09:31:03","date_gmt":"2025-06-12T09:31:03","guid":{"rendered":"https:\/\/beyond-skin.ch\/?post_type=product&#038;p=2101"},"modified":"2026-02-19T18:02:44","modified_gmt":"2026-02-19T16:02:44","slug":"the-cream","status":"publish","type":"product","link":"https:\/\/beyondskin.nura-kibris.com\/fr\/produkt\/the-cream\/","title":{"rendered":"The Cream"},"content":{"rendered":"<p>Reichhaltige, aber leicht geschmeidige Gesichtscreme f\u00fcr die anspruchsvolle M\u00e4nnerhaut mit allem, was sie ben\u00f6tigt.<\/p>\n<p>&#8211; Verringert Linien und Falten<br \/>\n&#8211; Intensiv feuchtigkeitsspendend<br \/>\n&#8211; Aktiviert die Collagensynthese und sorgt f\u00fcr mehr Festigkeit und Elastizit\u00e4t<br \/>\n&#8211; Boostet die hauteigene Produktion von Hyaluron<br \/>\n&#8211; Die Haut wirkt frischer und j\u00fcnger, die Widerstandskraft der Haut wird erh\u00f6ht<\/p>\n<p>Hauptwirkstoffe: MunapsysTM, Thalassine 2G, Aquaxyl\u00ae, Syn\u00ae-Hycan, Cyclopeptide-5, Vitamin E, Sheabutter, Abyssinian Oil<\/p>\n<p>50 ml<\/p>\n","protected":false},"excerpt":{"rendered":"<p><strong>Luxus pur f\u00fcr den Mann von heute<\/strong><\/p>\n","protected":false},"featured_media":2102,"comment_status":"open","ping_status":"closed","template":"","meta":[],"product_brand":[40],"product_cat":[119,124],"product_tag":[155,163],"class_list":{"0":"post-2101","1":"product","2":"type-product","3":"status-publish","4":"has-post-thumbnail","6":"product_brand-mbr","7":"product_cat-cremen","8":"product_cat-maennerpflege","9":"product_tag-anti-aging","10":"product_tag-spezialthemen","12":"first","13":"instock","14":"taxable","15":"shipping-taxable","16":"purchasable","17":"product-type-simple"},"_links":{"self":[{"href":"https:\/\/beyondskin.nura-kibris.com\/fr\/wp-json\/wp\/v2\/product\/2101","targetHints":{"allow":["GET"]}}],"collection":[{"href":"https:\/\/beyondskin.nura-kibris.com\/fr\/wp-json\/wp\/v2\/product"}],"about":[{"href":"https:\/\/beyondskin.nura-kibris.com\/fr\/wp-json\/wp\/v2\/types\/product"}],"replies":[{"embeddable":true,"href":"https:\/\/beyondskin.nura-kibris.com\/fr\/wp-json\/wp\/v2\/comments?post=2101"}],"wp:featuredmedia":[{"embeddable":true,"href":"https:\/\/beyondskin.nura-kibris.com\/fr\/wp-json\/wp\/v2\/media\/2102"}],"wp:attachment":[{"href":"https:\/\/beyondskin.nura-kibris.com\/fr\/wp-json\/wp\/v2\/media?parent=2101"}],"wp:term":[{"taxonomy":"product_brand","embeddable":true,"href":"https:\/\/beyondskin.nura-kibris.com\/fr\/wp-json\/wp\/v2\/product_brand?post=2101"},{"taxonomy":"product_cat","embeddable":true,"href":"https:\/\/beyondskin.nura-kibris.com\/fr\/wp-json\/wp\/v2\/product_cat?post=2101"},{"taxonomy":"product_tag","embeddable":true,"href":"https:\/\/beyondskin.nura-kibris.com\/fr\/wp-json\/wp\/v2\/product_tag?post=2101"}],"curies":[{"name":"wp","href":"https:\/\/api.w.org\/{rel}","templated":true}]}}