{"id":2089,"date":"2025-06-12T08:51:47","date_gmt":"2025-06-12T08:51:47","guid":{"rendered":"https:\/\/beyond-skin.ch\/?post_type=product&#038;p=2089"},"modified":"2026-02-19T17:53:28","modified_gmt":"2026-02-19T15:53:28","slug":"cell-power-foot-leg-cream","status":"publish","type":"product","link":"https:\/\/beyondskin.nura-kibris.com\/fr\/produkt\/cell-power-foot-leg-cream\/","title":{"rendered":"Cell-Power Foot &#038; Leg Cream"},"content":{"rendered":"<p>Belebende, k\u00fchlende und entstauende Fu\u00df- und Beincreme.<\/p>\n<p>&#8211; K\u00fchlt, entspannt, erfrischt<br \/>\n&#8211; Gl\u00e4ttet trockene, strapazierte Haut, macht sie geschmeidig<br \/>\n&#8211; Wirkt regenerierend, hautbefeuchtend und beruhigend<br \/>\n&#8211; Entstaut sofort schmerzende, schwere Beine und F\u00fc\u00dfe und gibt ihnen ein Gef\u00fchl von Leichtigkeit<\/p>\n<p>Hauptwirkstoffe: Sheabutter, Cooling Agent, Zistrosen\u00f6l, Lavendel\u00f6l, K\u00fcstenkamille, Harnstoff, Panthenol, Seetangextrakte<\/p>\n<p>100 ml<\/p>\n","protected":false},"excerpt":{"rendered":"<p><strong>Neue Leichtigkeit f\u00fcr die Beine<\/strong><\/p>\n","protected":false},"featured_media":2090,"comment_status":"open","ping_status":"closed","template":"","meta":[],"product_brand":[40],"product_cat":[122],"product_tag":[162,163],"class_list":{"0":"post-2089","1":"product","2":"type-product","3":"status-publish","4":"has-post-thumbnail","6":"product_brand-mbr","7":"product_cat-koerperpflege","8":"product_tag-silhouette","9":"product_tag-spezialthemen","11":"first","12":"instock","13":"taxable","14":"shipping-taxable","15":"purchasable","16":"product-type-simple"},"_links":{"self":[{"href":"https:\/\/beyondskin.nura-kibris.com\/fr\/wp-json\/wp\/v2\/product\/2089","targetHints":{"allow":["GET"]}}],"collection":[{"href":"https:\/\/beyondskin.nura-kibris.com\/fr\/wp-json\/wp\/v2\/product"}],"about":[{"href":"https:\/\/beyondskin.nura-kibris.com\/fr\/wp-json\/wp\/v2\/types\/product"}],"replies":[{"embeddable":true,"href":"https:\/\/beyondskin.nura-kibris.com\/fr\/wp-json\/wp\/v2\/comments?post=2089"}],"wp:featuredmedia":[{"embeddable":true,"href":"https:\/\/beyondskin.nura-kibris.com\/fr\/wp-json\/wp\/v2\/media\/2090"}],"wp:attachment":[{"href":"https:\/\/beyondskin.nura-kibris.com\/fr\/wp-json\/wp\/v2\/media?parent=2089"}],"wp:term":[{"taxonomy":"product_brand","embeddable":true,"href":"https:\/\/beyondskin.nura-kibris.com\/fr\/wp-json\/wp\/v2\/product_brand?post=2089"},{"taxonomy":"product_cat","embeddable":true,"href":"https:\/\/beyondskin.nura-kibris.com\/fr\/wp-json\/wp\/v2\/product_cat?post=2089"},{"taxonomy":"product_tag","embeddable":true,"href":"https:\/\/beyondskin.nura-kibris.com\/fr\/wp-json\/wp\/v2\/product_tag?post=2089"}],"curies":[{"name":"wp","href":"https:\/\/api.w.org\/{rel}","templated":true}]}}