{"id":2086,"date":"2025-06-12T08:48:51","date_gmt":"2025-06-12T08:48:51","guid":{"rendered":"https:\/\/beyond-skin.ch\/?post_type=product&#038;p=2086"},"modified":"2026-02-19T17:49:24","modified_gmt":"2026-02-19T15:49:24","slug":"cell-power-hornskin-reducer","status":"publish","type":"product","link":"https:\/\/beyondskin.nura-kibris.com\/fr\/produkt\/cell-power-hornskin-reducer\/","title":{"rendered":"Cell-Power Hornskin Reducer"},"content":{"rendered":"<p>Effektive Spezialpflege zur gezielten Reduzierung verhornter, trockener und rauer Haut.<\/p>\n<p>&#8211; Lockert und reduziert die Gewebestruktur der Hornhaut<br \/>\n&#8211; Entfernt Verhornungen, ohne die Haut zu reizen<br \/>\n&#8211; Gleicht Mangel an Lipiden und Feuchtigkeit aus<br \/>\n&#8211; H\u00e4lt die F\u00fc\u00dfe angenehm weich, glatt und geschmeidig<\/p>\n<p>Hauptwirkstoffe: Aprilose, Sheabutter, Shambrilla\u00f6l, Bisabolol-Kamille Complex, Allantoin, Carnitin (L-Carnitin), Menthol, Puderkomplex<\/p>\n<p>100 ml<\/p>\n","protected":false},"excerpt":{"rendered":"<p><strong>Der effektive Hornhautreduzierer<\/strong><\/p>\n","protected":false},"featured_media":2088,"comment_status":"open","ping_status":"closed","template":"","meta":[],"product_brand":[40],"product_cat":[122],"product_tag":[162,163],"class_list":{"0":"post-2086","1":"product","2":"type-product","3":"status-publish","4":"has-post-thumbnail","6":"product_brand-mbr","7":"product_cat-koerperpflege","8":"product_tag-silhouette","9":"product_tag-spezialthemen","11":"first","12":"instock","13":"taxable","14":"shipping-taxable","15":"purchasable","16":"product-type-simple"},"_links":{"self":[{"href":"https:\/\/beyondskin.nura-kibris.com\/fr\/wp-json\/wp\/v2\/product\/2086","targetHints":{"allow":["GET"]}}],"collection":[{"href":"https:\/\/beyondskin.nura-kibris.com\/fr\/wp-json\/wp\/v2\/product"}],"about":[{"href":"https:\/\/beyondskin.nura-kibris.com\/fr\/wp-json\/wp\/v2\/types\/product"}],"replies":[{"embeddable":true,"href":"https:\/\/beyondskin.nura-kibris.com\/fr\/wp-json\/wp\/v2\/comments?post=2086"}],"wp:featuredmedia":[{"embeddable":true,"href":"https:\/\/beyondskin.nura-kibris.com\/fr\/wp-json\/wp\/v2\/media\/2088"}],"wp:attachment":[{"href":"https:\/\/beyondskin.nura-kibris.com\/fr\/wp-json\/wp\/v2\/media?parent=2086"}],"wp:term":[{"taxonomy":"product_brand","embeddable":true,"href":"https:\/\/beyondskin.nura-kibris.com\/fr\/wp-json\/wp\/v2\/product_brand?post=2086"},{"taxonomy":"product_cat","embeddable":true,"href":"https:\/\/beyondskin.nura-kibris.com\/fr\/wp-json\/wp\/v2\/product_cat?post=2086"},{"taxonomy":"product_tag","embeddable":true,"href":"https:\/\/beyondskin.nura-kibris.com\/fr\/wp-json\/wp\/v2\/product_tag?post=2086"}],"curies":[{"name":"wp","href":"https:\/\/api.w.org\/{rel}","templated":true}]}}