{"id":2084,"date":"2025-06-12T08:43:35","date_gmt":"2025-06-12T08:43:35","guid":{"rendered":"https:\/\/beyond-skin.ch\/?post_type=product&#038;p=2084"},"modified":"2026-02-19T17:26:51","modified_gmt":"2026-02-19T15:26:51","slug":"cell-power-nail-oil","status":"publish","type":"product","link":"https:\/\/beyondskin.nura-kibris.com\/fr\/produkt\/cell-power-nail-oil\/","title":{"rendered":"Cell-Power Nail Oil"},"content":{"rendered":"<p>Kr\u00e4ftigendes Nagel\u00f6l f\u00fcr gesunde und gepflegte N\u00e4gel.<\/p>\n<p>&#8211; Pflegt trockene und spr\u00f6de N\u00e4gel<br \/>\n&#8211; St\u00e4rkt Nagel und Nagelhaut<br \/>\n&#8211; Macht br\u00fcchige N\u00e4gel wieder elastisch (sie splittern nicht mehr so leicht ab)<br \/>\n&#8211; L\u00e4sst trockene sowie rissige Nagelhaut weich und geschmeidig werden, sodass sie seltener einreisst<\/p>\n<p>Hauptwirkstoffe: Abyssinian Oil, Mandel\u00f6l, Oliven\u00f6l, Macadamianuss\u00f6l, Argan\u00f6l, Vitamin E<\/p>\n<p>7.5 ml<\/p>\n","protected":false},"excerpt":{"rendered":"<p><strong>Der Nagelspezialist<\/strong><\/p>\n","protected":false},"featured_media":2085,"comment_status":"open","ping_status":"closed","template":"","meta":[],"product_brand":[40],"product_cat":[122],"product_tag":[162,160],"class_list":{"0":"post-2084","1":"product","2":"type-product","3":"status-publish","4":"has-post-thumbnail","6":"product_brand-mbr","7":"product_cat-koerperpflege","8":"product_tag-silhouette","9":"product_tag-trockene-haut","11":"first","12":"instock","13":"taxable","14":"shipping-taxable","15":"purchasable","16":"product-type-simple"},"_links":{"self":[{"href":"https:\/\/beyondskin.nura-kibris.com\/fr\/wp-json\/wp\/v2\/product\/2084","targetHints":{"allow":["GET"]}}],"collection":[{"href":"https:\/\/beyondskin.nura-kibris.com\/fr\/wp-json\/wp\/v2\/product"}],"about":[{"href":"https:\/\/beyondskin.nura-kibris.com\/fr\/wp-json\/wp\/v2\/types\/product"}],"replies":[{"embeddable":true,"href":"https:\/\/beyondskin.nura-kibris.com\/fr\/wp-json\/wp\/v2\/comments?post=2084"}],"wp:featuredmedia":[{"embeddable":true,"href":"https:\/\/beyondskin.nura-kibris.com\/fr\/wp-json\/wp\/v2\/media\/2085"}],"wp:attachment":[{"href":"https:\/\/beyondskin.nura-kibris.com\/fr\/wp-json\/wp\/v2\/media?parent=2084"}],"wp:term":[{"taxonomy":"product_brand","embeddable":true,"href":"https:\/\/beyondskin.nura-kibris.com\/fr\/wp-json\/wp\/v2\/product_brand?post=2084"},{"taxonomy":"product_cat","embeddable":true,"href":"https:\/\/beyondskin.nura-kibris.com\/fr\/wp-json\/wp\/v2\/product_cat?post=2084"},{"taxonomy":"product_tag","embeddable":true,"href":"https:\/\/beyondskin.nura-kibris.com\/fr\/wp-json\/wp\/v2\/product_tag?post=2084"}],"curies":[{"name":"wp","href":"https:\/\/api.w.org\/{rel}","templated":true}]}}