{"id":2071,"date":"2025-06-12T08:17:57","date_gmt":"2025-06-12T08:17:57","guid":{"rendered":"https:\/\/beyond-skin.ch\/?post_type=product&#038;p=2071"},"modified":"2026-03-03T13:19:01","modified_gmt":"2026-03-03T11:19:01","slug":"cell-power-rich-contouring-cream","status":"publish","type":"product","link":"https:\/\/beyondskin.nura-kibris.com\/fr\/produkt\/cell-power-rich-contouring-cream\/","title":{"rendered":"Cell-Power Rich Contouring Cream"},"content":{"rendered":"<p>Reichhaltige, sahnige Wohlf\u00fchlpflege f\u00fcr regenerationsbed\u00fcrftige, strapazierte, trockene Haut.<\/p>\n<p>&#8211; Regeneriert die Haut, unterst\u00fctzt die hauteigenen Reparaturvorg\u00e4nge<br \/>\n&#8211; Strafft, festigt die Haut<br \/>\n&#8211; Gleicht trockene Haut aus<br \/>\n&#8211; Bes\u00e4nftigt, sch\u00fctzt vor freien Radikalen<br \/>\n&#8211; Macht die Haut praller und glatter<br \/>\n&#8211; Hinterl\u00e4sst ein samtweiches Hautgef\u00fchl<\/p>\n<p>Hauptwirkstoffe: Sheabutter, Avocado\u00f6l, Shambrilla\u00f6l, Abyssinian Oil, Jojoba\u00f6l, Argan\u00f6l, Hyalurons\u00e4ure, Komplex aus Coffein, Niacin und Pentavitin\u00ae, MultiEx BSASMTM<\/p>\n<p>100 ml \u2022 200 ml \u2022 400 ml<\/p>\n","protected":false},"excerpt":{"rendered":"<p><strong>Die Wohlf\u00fchlpflege f\u00fcr mehr Festigkeit<\/strong><\/p>\n","protected":false},"featured_media":2077,"comment_status":"open","ping_status":"closed","template":"","meta":[],"product_brand":[40],"product_cat":[122],"product_tag":[162,160],"class_list":{"0":"post-2071","1":"product","2":"type-product","3":"status-publish","4":"has-post-thumbnail","6":"product_brand-mbr","7":"product_cat-koerperpflege","8":"product_tag-silhouette","9":"product_tag-trockene-haut","11":"first","12":"instock","13":"taxable","14":"shipping-taxable","15":"purchasable","16":"product-type-variable"},"_links":{"self":[{"href":"https:\/\/beyondskin.nura-kibris.com\/fr\/wp-json\/wp\/v2\/product\/2071","targetHints":{"allow":["GET"]}}],"collection":[{"href":"https:\/\/beyondskin.nura-kibris.com\/fr\/wp-json\/wp\/v2\/product"}],"about":[{"href":"https:\/\/beyondskin.nura-kibris.com\/fr\/wp-json\/wp\/v2\/types\/product"}],"replies":[{"embeddable":true,"href":"https:\/\/beyondskin.nura-kibris.com\/fr\/wp-json\/wp\/v2\/comments?post=2071"}],"wp:featuredmedia":[{"embeddable":true,"href":"https:\/\/beyondskin.nura-kibris.com\/fr\/wp-json\/wp\/v2\/media\/2077"}],"wp:attachment":[{"href":"https:\/\/beyondskin.nura-kibris.com\/fr\/wp-json\/wp\/v2\/media?parent=2071"}],"wp:term":[{"taxonomy":"product_brand","embeddable":true,"href":"https:\/\/beyondskin.nura-kibris.com\/fr\/wp-json\/wp\/v2\/product_brand?post=2071"},{"taxonomy":"product_cat","embeddable":true,"href":"https:\/\/beyondskin.nura-kibris.com\/fr\/wp-json\/wp\/v2\/product_cat?post=2071"},{"taxonomy":"product_tag","embeddable":true,"href":"https:\/\/beyondskin.nura-kibris.com\/fr\/wp-json\/wp\/v2\/product_tag?post=2071"}],"curies":[{"name":"wp","href":"https:\/\/api.w.org\/{rel}","templated":true}]}}