{"id":2065,"date":"2025-06-12T08:01:02","date_gmt":"2025-06-12T08:01:02","guid":{"rendered":"https:\/\/beyond-skin.ch\/?post_type=product&#038;p=2065"},"modified":"2026-03-03T13:15:46","modified_gmt":"2026-03-03T11:15:46","slug":"cell-power-bust-up-concentrate","status":"publish","type":"product","link":"https:\/\/beyondskin.nura-kibris.com\/fr\/produkt\/cell-power-bust-up-concentrate\/","title":{"rendered":"Cell-Power Bust up Concentrate"},"content":{"rendered":"<p>Straffende Intensivpflege f\u00fcr einen gefestigten sch\u00f6nen Busen. Bewahrt jugendliche Festigkeit und Elastizit\u00e4t des Brustgewebes.<\/p>\n<p>&#8211; St\u00e4rkt die Schutzfunktion des Hautgewebes<br \/>\n&#8211; Festigt, strafft und gl\u00e4ttet<br \/>\n&#8211; Bewahrt und verbessert die Spannkraft der Haut<br \/>\n&#8211; St\u00e4rkt das Hautgewebe<br \/>\n&#8211; Macht die Haut zart und geschmeidig<br \/>\n&#8211; Beugt vorzeitiger Hauterschlaffung vor<\/p>\n<p>Hauptwirkstoffe: MultiEx Phytrogen (eine Kombination aus Traubensilberkerze, Staudenkn\u00f6terich, Soja Isoflavone, Chinesische Engelwurz, Rotklee, Granatapfel, Kudzu = Pueraria Lobata), Argan\u00f6l, Shambrilla\u00f6l<\/p>\n<p>50 ml<\/p>\n","protected":false},"excerpt":{"rendered":"<p><strong>Der unsichtbare BH mit Liftingeffekt<\/strong><\/p>\n","protected":false},"featured_media":2066,"comment_status":"open","ping_status":"closed","template":"","meta":[],"product_brand":[40],"product_cat":[122],"product_tag":[162,163],"class_list":{"0":"post-2065","1":"product","2":"type-product","3":"status-publish","4":"has-post-thumbnail","6":"product_brand-mbr","7":"product_cat-koerperpflege","8":"product_tag-silhouette","9":"product_tag-spezialthemen","11":"first","12":"instock","13":"taxable","14":"shipping-taxable","15":"purchasable","16":"product-type-simple"},"_links":{"self":[{"href":"https:\/\/beyondskin.nura-kibris.com\/fr\/wp-json\/wp\/v2\/product\/2065","targetHints":{"allow":["GET"]}}],"collection":[{"href":"https:\/\/beyondskin.nura-kibris.com\/fr\/wp-json\/wp\/v2\/product"}],"about":[{"href":"https:\/\/beyondskin.nura-kibris.com\/fr\/wp-json\/wp\/v2\/types\/product"}],"replies":[{"embeddable":true,"href":"https:\/\/beyondskin.nura-kibris.com\/fr\/wp-json\/wp\/v2\/comments?post=2065"}],"wp:featuredmedia":[{"embeddable":true,"href":"https:\/\/beyondskin.nura-kibris.com\/fr\/wp-json\/wp\/v2\/media\/2066"}],"wp:attachment":[{"href":"https:\/\/beyondskin.nura-kibris.com\/fr\/wp-json\/wp\/v2\/media?parent=2065"}],"wp:term":[{"taxonomy":"product_brand","embeddable":true,"href":"https:\/\/beyondskin.nura-kibris.com\/fr\/wp-json\/wp\/v2\/product_brand?post=2065"},{"taxonomy":"product_cat","embeddable":true,"href":"https:\/\/beyondskin.nura-kibris.com\/fr\/wp-json\/wp\/v2\/product_cat?post=2065"},{"taxonomy":"product_tag","embeddable":true,"href":"https:\/\/beyondskin.nura-kibris.com\/fr\/wp-json\/wp\/v2\/product_tag?post=2065"}],"curies":[{"name":"wp","href":"https:\/\/api.w.org\/{rel}","templated":true}]}}