{"id":2060,"date":"2025-06-12T07:58:10","date_gmt":"2025-06-12T07:58:10","guid":{"rendered":"https:\/\/beyond-skin.ch\/?post_type=product&#038;p=2060"},"modified":"2026-03-03T13:13:55","modified_gmt":"2026-03-03T11:13:55","slug":"cell-power-neck-decollete-cream","status":"publish","type":"product","link":"https:\/\/beyondskin.nura-kibris.com\/fr\/produkt\/cell-power-neck-decollete-cream\/","title":{"rendered":"Cell-Power Neck &#038; Decollet\u00e9 Cream"},"content":{"rendered":"<p>Reichhaltige, intensiv straffende Pflegecreme, welche die Leistungsf\u00e4higkeit der Haut aktiv steigert.<\/p>\n<p>&#8211; Stimuliert die regenerativen Funktionen der Haut<br \/>\n&#8211; St\u00e4rkt, sch\u00fctzt, befeuchtet intensiv<br \/>\n&#8211; Verlangsamt den Alterungsprozess<br \/>\n&#8211; Verbessert die Mikrozirkulation<br \/>\n&#8211; Macht die Haut glatter, fester, widerstandsf\u00e4higer<\/p>\n<p>Hauptwirkstoffe: Phytosan, Sheabutter, Oliven\u00f6l, Abyssinian Oil, Hyalurons\u00e4ure, Shambrilla\u00f6l, Pentavitin\u00ae, Nicotinamid<\/p>\n<p>100 ml \u2022 200 ml<\/p>\n","protected":false},"excerpt":{"rendered":"<p><strong>Die Spezialistin f\u00fcr Hals und Decollet\u00e9<\/strong><\/p>\n","protected":false},"featured_media":2064,"comment_status":"open","ping_status":"closed","template":"","meta":[],"product_brand":[40],"product_cat":[122],"product_tag":[162,160],"class_list":{"0":"post-2060","1":"product","2":"type-product","3":"status-publish","4":"has-post-thumbnail","6":"product_brand-mbr","7":"product_cat-koerperpflege","8":"product_tag-silhouette","9":"product_tag-trockene-haut","11":"first","12":"instock","13":"taxable","14":"shipping-taxable","15":"purchasable","16":"product-type-variable"},"_links":{"self":[{"href":"https:\/\/beyondskin.nura-kibris.com\/fr\/wp-json\/wp\/v2\/product\/2060","targetHints":{"allow":["GET"]}}],"collection":[{"href":"https:\/\/beyondskin.nura-kibris.com\/fr\/wp-json\/wp\/v2\/product"}],"about":[{"href":"https:\/\/beyondskin.nura-kibris.com\/fr\/wp-json\/wp\/v2\/types\/product"}],"replies":[{"embeddable":true,"href":"https:\/\/beyondskin.nura-kibris.com\/fr\/wp-json\/wp\/v2\/comments?post=2060"}],"wp:featuredmedia":[{"embeddable":true,"href":"https:\/\/beyondskin.nura-kibris.com\/fr\/wp-json\/wp\/v2\/media\/2064"}],"wp:attachment":[{"href":"https:\/\/beyondskin.nura-kibris.com\/fr\/wp-json\/wp\/v2\/media?parent=2060"}],"wp:term":[{"taxonomy":"product_brand","embeddable":true,"href":"https:\/\/beyondskin.nura-kibris.com\/fr\/wp-json\/wp\/v2\/product_brand?post=2060"},{"taxonomy":"product_cat","embeddable":true,"href":"https:\/\/beyondskin.nura-kibris.com\/fr\/wp-json\/wp\/v2\/product_cat?post=2060"},{"taxonomy":"product_tag","embeddable":true,"href":"https:\/\/beyondskin.nura-kibris.com\/fr\/wp-json\/wp\/v2\/product_tag?post=2060"}],"curies":[{"name":"wp","href":"https:\/\/api.w.org\/{rel}","templated":true}]}}