{"id":2056,"date":"2025-06-12T07:45:24","date_gmt":"2025-06-12T07:45:24","guid":{"rendered":"https:\/\/beyond-skin.ch\/?post_type=product&#038;p=2056"},"modified":"2026-03-03T13:10:45","modified_gmt":"2026-03-03T11:10:45","slug":"cell-power-lipo-shower-gel","status":"publish","type":"product","link":"https:\/\/beyondskin.nura-kibris.com\/fr\/produkt\/cell-power-lipo-shower-gel\/","title":{"rendered":"Cell-Power Lipo Shower Gel"},"content":{"rendered":"<p>Dusch- und Badegel mit r\u00fcckfettenden Lipiden zur Reinigung, Pflege und Belebung des K\u00f6rpers.<\/p>\n<p>&#8211; Reinigt besonders mild und hautfettschonend<br \/>\n&#8211; R\u00fcckfettende Lipide bieten Schutz und Pflege, verhindern das Austrocknen der Haut<br \/>\n&#8211; Wirkt wohltuend und dynamisierend<br \/>\n&#8211; Festigt und strafft das Hautgewebe<br \/>\n&#8211; Steigert die Energie und Vitalit\u00e4t der Haut<br \/>\n&#8211; Bringt die Haut ins Gleichgewicht<br \/>\n&#8211; Optimal hautvertr\u00e4glich<\/p>\n<p>Hauptwirkstoffe: Lamesoft\u00ae PO, Guargum-antistatisch, Centella Asiatica, S\u00fc\u00dfholzwurzelextrakt, K\u00fcstenkamille, Gr\u00fcner Tee, Rosmarin<\/p>\n<p>200 ml<\/p>\n","protected":false},"excerpt":{"rendered":"<p><strong>Die vitalisierende Reinigung<\/strong><\/p>\n","protected":false},"featured_media":2057,"comment_status":"open","ping_status":"closed","template":"","meta":[],"product_brand":[40],"product_cat":[122],"product_tag":[162],"class_list":{"0":"post-2056","1":"product","2":"type-product","3":"status-publish","4":"has-post-thumbnail","6":"product_brand-mbr","7":"product_cat-koerperpflege","8":"product_tag-silhouette","10":"first","11":"instock","12":"taxable","13":"shipping-taxable","14":"purchasable","15":"product-type-simple"},"_links":{"self":[{"href":"https:\/\/beyondskin.nura-kibris.com\/fr\/wp-json\/wp\/v2\/product\/2056","targetHints":{"allow":["GET"]}}],"collection":[{"href":"https:\/\/beyondskin.nura-kibris.com\/fr\/wp-json\/wp\/v2\/product"}],"about":[{"href":"https:\/\/beyondskin.nura-kibris.com\/fr\/wp-json\/wp\/v2\/types\/product"}],"replies":[{"embeddable":true,"href":"https:\/\/beyondskin.nura-kibris.com\/fr\/wp-json\/wp\/v2\/comments?post=2056"}],"wp:featuredmedia":[{"embeddable":true,"href":"https:\/\/beyondskin.nura-kibris.com\/fr\/wp-json\/wp\/v2\/media\/2057"}],"wp:attachment":[{"href":"https:\/\/beyondskin.nura-kibris.com\/fr\/wp-json\/wp\/v2\/media?parent=2056"}],"wp:term":[{"taxonomy":"product_brand","embeddable":true,"href":"https:\/\/beyondskin.nura-kibris.com\/fr\/wp-json\/wp\/v2\/product_brand?post=2056"},{"taxonomy":"product_cat","embeddable":true,"href":"https:\/\/beyondskin.nura-kibris.com\/fr\/wp-json\/wp\/v2\/product_cat?post=2056"},{"taxonomy":"product_tag","embeddable":true,"href":"https:\/\/beyondskin.nura-kibris.com\/fr\/wp-json\/wp\/v2\/product_tag?post=2056"}],"curies":[{"name":"wp","href":"https:\/\/api.w.org\/{rel}","templated":true}]}}