{"id":2036,"date":"2025-06-11T15:11:28","date_gmt":"2025-06-11T15:11:28","guid":{"rendered":"https:\/\/beyond-skin.ch\/?post_type=product&#038;p=2036"},"modified":"2026-03-03T12:23:53","modified_gmt":"2026-03-03T10:23:53","slug":"continueline-sensitive-liquid-mask","status":"publish","type":"product","link":"https:\/\/beyondskin.nura-kibris.com\/fr\/produkt\/continueline-sensitive-liquid-mask\/","title":{"rendered":"ContinueLine Sensitive Liquid Mask"},"content":{"rendered":"<p>Eine wohltuende Liquid-Maske, die auch hypersensible Haut sofort beruhigt. Bringt die Haut in ihr nat\u00fcrliches Gleichgewicht zur\u00fcck und st\u00e4rkt sie gegen \u00e4ussere Einfl\u00fcsse.<\/p>\n<p>&#8211; Wirkt beruhigend, regulierend und gl\u00e4ttend auf die Haut<br \/>\n&#8211; Wirkt entz\u00fcndungshemmend, antioxidativ und neutralisiert freie Radikale<br \/>\n&#8211; Nachhaltige Versorgung der sensiblen, atopischen Haut mit Feuchtigkeit<br \/>\n&#8211; Empfindliche Haut wird wieder in Balance gebracht<\/p>\n<p>Hauptwirkstoffe: ModukineTM, Pentavitin\u00ae, Melonenextrakt, Hyalurons\u00e4ure, Allantoin, Inositol, Thalassine 2G<\/p>\n<p>8 x 1 St\u00fcck<\/p>\n","protected":false},"excerpt":{"rendered":"<p><strong>Die sanfte Feuchtigkeitsmaske<\/strong><\/p>\n","protected":false},"featured_media":2037,"comment_status":"open","ping_status":"closed","template":"","meta":[],"product_brand":[40],"product_cat":[117],"product_tag":[164,163,160],"class_list":{"0":"post-2036","1":"product","2":"type-product","3":"status-publish","4":"has-post-thumbnail","6":"product_brand-mbr","7":"product_cat-masken","8":"product_tag-reaktive-haut","9":"product_tag-spezialthemen","10":"product_tag-trockene-haut","12":"first","13":"instock","14":"taxable","15":"shipping-taxable","16":"purchasable","17":"product-type-simple"},"_links":{"self":[{"href":"https:\/\/beyondskin.nura-kibris.com\/fr\/wp-json\/wp\/v2\/product\/2036","targetHints":{"allow":["GET"]}}],"collection":[{"href":"https:\/\/beyondskin.nura-kibris.com\/fr\/wp-json\/wp\/v2\/product"}],"about":[{"href":"https:\/\/beyondskin.nura-kibris.com\/fr\/wp-json\/wp\/v2\/types\/product"}],"replies":[{"embeddable":true,"href":"https:\/\/beyondskin.nura-kibris.com\/fr\/wp-json\/wp\/v2\/comments?post=2036"}],"wp:featuredmedia":[{"embeddable":true,"href":"https:\/\/beyondskin.nura-kibris.com\/fr\/wp-json\/wp\/v2\/media\/2037"}],"wp:attachment":[{"href":"https:\/\/beyondskin.nura-kibris.com\/fr\/wp-json\/wp\/v2\/media?parent=2036"}],"wp:term":[{"taxonomy":"product_brand","embeddable":true,"href":"https:\/\/beyondskin.nura-kibris.com\/fr\/wp-json\/wp\/v2\/product_brand?post=2036"},{"taxonomy":"product_cat","embeddable":true,"href":"https:\/\/beyondskin.nura-kibris.com\/fr\/wp-json\/wp\/v2\/product_cat?post=2036"},{"taxonomy":"product_tag","embeddable":true,"href":"https:\/\/beyondskin.nura-kibris.com\/fr\/wp-json\/wp\/v2\/product_tag?post=2036"}],"curies":[{"name":"wp","href":"https:\/\/api.w.org\/{rel}","templated":true}]}}