{"id":2034,"date":"2025-06-11T15:07:20","date_gmt":"2025-06-11T15:07:20","guid":{"rendered":"https:\/\/beyond-skin.ch\/?post_type=product&#038;p=2034"},"modified":"2026-03-03T12:22:49","modified_gmt":"2026-03-03T10:22:49","slug":"modukine-serum","status":"publish","type":"product","link":"https:\/\/beyondskin.nura-kibris.com\/fr\/produkt\/modukine-serum\/","title":{"rendered":"Modukine\u2122 Serum"},"content":{"rendered":"<p>Modukine\u2122 Serum sorgt f\u00fcr eine nat\u00fcrliche Balance und verbessert gereizte, zu Irritationen neigende Haut, deren physiologisches Gleichgewicht gest\u00f6rt ist.<\/p>\n<p>&#8211; F\u00fcllt den hauteigenen Feuchtigkeitsspeicher wieder auf<br \/>\n&#8211; St\u00e4rkt gezielt die hauteigenen Abwehrkr\u00e4fte<br \/>\n&#8211; Beruhigt ger\u00f6tete, irritierte, nerv\u00f6se Haut<br \/>\n&#8211; Neutralisiert Hautirritationen<br \/>\n&#8211; Wirkt straffend, hautgl\u00e4ttend<br \/>\n&#8211; L\u00e4sst die Haut gleichm\u00e4\u00dfig, ausgeglichen und entspannt erscheinen<\/p>\n<p>Hauptwirkstoffe: Abyssinian Oil, Limnanthes Alba (Meadowfoam Seed Oil), ModukineTM, Aqua Cell, Hyalurons\u00e4ure, Fomblin<\/p>\n<p>50 ml<\/p>\n","protected":false},"excerpt":{"rendered":"<p><strong>Der aktive Hautschutz<\/strong><\/p>\n","protected":false},"featured_media":2035,"comment_status":"open","ping_status":"closed","template":"","meta":[],"product_brand":[40],"product_cat":[118],"product_tag":[164,163,160],"class_list":{"0":"post-2034","1":"product","2":"type-product","3":"status-publish","4":"has-post-thumbnail","6":"product_brand-mbr","7":"product_cat-seren","8":"product_tag-reaktive-haut","9":"product_tag-spezialthemen","10":"product_tag-trockene-haut","12":"first","13":"instock","14":"taxable","15":"shipping-taxable","16":"purchasable","17":"product-type-simple"},"_links":{"self":[{"href":"https:\/\/beyondskin.nura-kibris.com\/fr\/wp-json\/wp\/v2\/product\/2034","targetHints":{"allow":["GET"]}}],"collection":[{"href":"https:\/\/beyondskin.nura-kibris.com\/fr\/wp-json\/wp\/v2\/product"}],"about":[{"href":"https:\/\/beyondskin.nura-kibris.com\/fr\/wp-json\/wp\/v2\/types\/product"}],"replies":[{"embeddable":true,"href":"https:\/\/beyondskin.nura-kibris.com\/fr\/wp-json\/wp\/v2\/comments?post=2034"}],"wp:featuredmedia":[{"embeddable":true,"href":"https:\/\/beyondskin.nura-kibris.com\/fr\/wp-json\/wp\/v2\/media\/2035"}],"wp:attachment":[{"href":"https:\/\/beyondskin.nura-kibris.com\/fr\/wp-json\/wp\/v2\/media?parent=2034"}],"wp:term":[{"taxonomy":"product_brand","embeddable":true,"href":"https:\/\/beyondskin.nura-kibris.com\/fr\/wp-json\/wp\/v2\/product_brand?post=2034"},{"taxonomy":"product_cat","embeddable":true,"href":"https:\/\/beyondskin.nura-kibris.com\/fr\/wp-json\/wp\/v2\/product_cat?post=2034"},{"taxonomy":"product_tag","embeddable":true,"href":"https:\/\/beyondskin.nura-kibris.com\/fr\/wp-json\/wp\/v2\/product_tag?post=2034"}],"curies":[{"name":"wp","href":"https:\/\/api.w.org\/{rel}","templated":true}]}}