{"id":2009,"date":"2025-06-11T14:01:23","date_gmt":"2025-06-11T14:01:23","guid":{"rendered":"https:\/\/beyond-skin.ch\/?post_type=product&#038;p=2009"},"modified":"2026-03-03T11:59:20","modified_gmt":"2026-03-03T09:59:20","slug":"the-best-body","status":"publish","type":"product","link":"https:\/\/beyondskin.nura-kibris.com\/fr\/produkt\/the-best-body\/","title":{"rendered":"THE BEST Body"},"content":{"rendered":"<p>Hervorragend effizientes und zielgerichtetes Pflegeserum f\u00fcr den K\u00f6rper, das selbst in tiefer gelegene Hautschichten eindringt. Der eigens f\u00fcr MBR\u00ae entwickelte und exklusive MBR\u00ae Fibro- Boost Complex mit der patentierten CapsulesTM-Technologie in Kombination erg\u00e4nzender hocheffizienter Wirkstoffe verlangsamt den Alterungsprozess der Haut und schafft sichtbare Straffung und Festigung der Konturen an Oberarmen, Dekollet\u00e9, B\u00fcste, Bauch, Po und Beinen.<\/p>\n<p>&#8211; Revitalisiert die Aktivit\u00e4t der Fibroblasten mit dem Ergebnis einer gesteigerten Kollagen-\/Elastinproduktion in der Haut<br \/>\n&#8211; Strafft und festigt sichtbar geschw\u00e4chte K\u00f6rperkonturen<br \/>\n&#8211; F\u00f6rdert die Verj\u00fcngung der Hautzellen<br \/>\n&#8211; Bringt Volumen im Bindegewebe zur\u00fcck<br \/>\n&#8211; Die Haut zeigt ein bemerkenswert glatteres, festeres Aussehen<br \/>\n&#8211; Hinterl\u00e4sst ein luxuri\u00f6s, seidiges Hautgef\u00fchl<\/p>\n<p>Hauptwirkstoffe: MBR\u00ae FibroBoost Complex, GelAlgTM, Avocado\u00f6l, Sheabutter, Jojoba\u00f6l, Allantoin, Menthol<\/p>\n<p>150 ml<\/p>\n","protected":false},"excerpt":{"rendered":"<p><strong>Der luxuri\u00f6se Bodyformer<\/strong><\/p>\n","protected":false},"featured_media":2010,"comment_status":"open","ping_status":"closed","template":"","meta":[],"product_brand":[40],"product_cat":[122],"product_tag":[162,163],"class_list":{"0":"post-2009","1":"product","2":"type-product","3":"status-publish","4":"has-post-thumbnail","6":"product_brand-mbr","7":"product_cat-koerperpflege","8":"product_tag-silhouette","9":"product_tag-spezialthemen","11":"first","12":"instock","13":"taxable","14":"shipping-taxable","15":"purchasable","16":"product-type-simple"},"_links":{"self":[{"href":"https:\/\/beyondskin.nura-kibris.com\/fr\/wp-json\/wp\/v2\/product\/2009","targetHints":{"allow":["GET"]}}],"collection":[{"href":"https:\/\/beyondskin.nura-kibris.com\/fr\/wp-json\/wp\/v2\/product"}],"about":[{"href":"https:\/\/beyondskin.nura-kibris.com\/fr\/wp-json\/wp\/v2\/types\/product"}],"replies":[{"embeddable":true,"href":"https:\/\/beyondskin.nura-kibris.com\/fr\/wp-json\/wp\/v2\/comments?post=2009"}],"wp:featuredmedia":[{"embeddable":true,"href":"https:\/\/beyondskin.nura-kibris.com\/fr\/wp-json\/wp\/v2\/media\/2010"}],"wp:attachment":[{"href":"https:\/\/beyondskin.nura-kibris.com\/fr\/wp-json\/wp\/v2\/media?parent=2009"}],"wp:term":[{"taxonomy":"product_brand","embeddable":true,"href":"https:\/\/beyondskin.nura-kibris.com\/fr\/wp-json\/wp\/v2\/product_brand?post=2009"},{"taxonomy":"product_cat","embeddable":true,"href":"https:\/\/beyondskin.nura-kibris.com\/fr\/wp-json\/wp\/v2\/product_cat?post=2009"},{"taxonomy":"product_tag","embeddable":true,"href":"https:\/\/beyondskin.nura-kibris.com\/fr\/wp-json\/wp\/v2\/product_tag?post=2009"}],"curies":[{"name":"wp","href":"https:\/\/api.w.org\/{rel}","templated":true}]}}