{"id":2007,"date":"2025-06-11T13:58:53","date_gmt":"2025-06-11T13:58:53","guid":{"rendered":"https:\/\/beyond-skin.ch\/?post_type=product&#038;p=2007"},"modified":"2026-03-03T11:54:07","modified_gmt":"2026-03-03T09:54:07","slug":"the-best-neck-bust","status":"publish","type":"product","link":"https:\/\/beyondskin.nura-kibris.com\/fr\/produkt\/the-best-neck-bust\/","title":{"rendered":"THE BEST Neck &#038; Bust"},"content":{"rendered":"<p>Aussergew\u00f6hnlich effektive und zielgerichtete Pflegecreme f\u00fcr Dekollet\u00e9 und B\u00fcste, die selbst in tiefer gelegene Hautschichten eindringt und der Haut einen leichten Schimmer verleiht. Der eigens f\u00fcr MBR\u00ae entwickelte und exklusive MBR\u00ae FibroBoost Complex mit der patentierten CapsulesTM- Technologie in Kombination erg\u00e4nzender hocheffizienter Wirkstoffe verlangsamt den Alterungsprozess der Haut und schafft sichtbare Straffung, Festigung und Faltenaufpolsterung.<\/p>\n<p>&#8211; Revitalisiert die Aktivit\u00e4t der Fibroblasten mit dem Ergebnis einer gesteigerten Collagen-\/Elastinproduktion in der Haut<br \/>\n&#8211; Strafft und festigt sichtbar Hals, Dekollet\u00e9 und B\u00fcste<br \/>\n&#8211; Reduziert Linien und F\u00e4ltchen<br \/>\n&#8211; Aktiviert gezielt die hauteigenen Zellfunktionen<br \/>\n&#8211; Die Haut zeigt ein bemerkenswert glatteres und festeres Aussehen<br \/>\n&#8211; Lichtreflektierende Partikel lassen die Haut glatter erscheinen<\/p>\n<p>Hauptwirkstoffe: MBR\u00ae FibroBoost Complex, Ceramide III, LIFTONIN\u00ae-XPRESS, CeltusomeTM Eryngium, Thalassine 2G, NG KombuchkaTM, RonaFlair\u00ae Flawless, Ectoin, Hyalurons\u00e4ure, Fomblin, RosmarinylTM Glucoside, Sheabutter, Limnanthes Alba (Meadowfoam Seed Oil), Abyssinian Oil, Argan\u00f6l, Vitamin E<\/p>\n<p>100 ml<\/p>\n","protected":false},"excerpt":{"rendered":"<p><strong>Der leistungsstarke Konturierer<\/strong><\/p>\n","protected":false},"featured_media":2008,"comment_status":"open","ping_status":"closed","template":"","meta":[],"product_brand":[40],"product_cat":[122],"product_tag":[162,163],"class_list":{"0":"post-2007","1":"product","2":"type-product","3":"status-publish","4":"has-post-thumbnail","6":"product_brand-mbr","7":"product_cat-koerperpflege","8":"product_tag-silhouette","9":"product_tag-spezialthemen","11":"first","12":"instock","13":"taxable","14":"shipping-taxable","15":"purchasable","16":"product-type-simple"},"_links":{"self":[{"href":"https:\/\/beyondskin.nura-kibris.com\/fr\/wp-json\/wp\/v2\/product\/2007","targetHints":{"allow":["GET"]}}],"collection":[{"href":"https:\/\/beyondskin.nura-kibris.com\/fr\/wp-json\/wp\/v2\/product"}],"about":[{"href":"https:\/\/beyondskin.nura-kibris.com\/fr\/wp-json\/wp\/v2\/types\/product"}],"replies":[{"embeddable":true,"href":"https:\/\/beyondskin.nura-kibris.com\/fr\/wp-json\/wp\/v2\/comments?post=2007"}],"wp:featuredmedia":[{"embeddable":true,"href":"https:\/\/beyondskin.nura-kibris.com\/fr\/wp-json\/wp\/v2\/media\/2008"}],"wp:attachment":[{"href":"https:\/\/beyondskin.nura-kibris.com\/fr\/wp-json\/wp\/v2\/media?parent=2007"}],"wp:term":[{"taxonomy":"product_brand","embeddable":true,"href":"https:\/\/beyondskin.nura-kibris.com\/fr\/wp-json\/wp\/v2\/product_brand?post=2007"},{"taxonomy":"product_cat","embeddable":true,"href":"https:\/\/beyondskin.nura-kibris.com\/fr\/wp-json\/wp\/v2\/product_cat?post=2007"},{"taxonomy":"product_tag","embeddable":true,"href":"https:\/\/beyondskin.nura-kibris.com\/fr\/wp-json\/wp\/v2\/product_tag?post=2007"}],"curies":[{"name":"wp","href":"https:\/\/api.w.org\/{rel}","templated":true}]}}