{"id":1995,"date":"2025-06-11T13:26:07","date_gmt":"2025-06-11T13:26:07","guid":{"rendered":"https:\/\/beyond-skin.ch\/?post_type=product&#038;p=1995"},"modified":"2026-03-02T17:18:27","modified_gmt":"2026-03-02T15:18:27","slug":"the-best-night-mask","status":"publish","type":"product","link":"https:\/\/beyondskin.nura-kibris.com\/fr\/produkt\/the-best-night-mask\/","title":{"rendered":"THE BEST Night Mask"},"content":{"rendered":"<p>Hervorragend reichhaltige, zielgerichtete Crememaske, die selbst in tiefer gelegene Hautschichten eindringt und \u00fcber Nacht ihre aktivierende Wirkung entfaltet. Formuliert auf der Basis des eigens f\u00fcr MBR\u00ae entwickelten und exklusiven MBR\u00ae Fibroboost Complex mit der patentierten CapsulesTM-Technologie in Kombination erg\u00e4nzender hocheffizienter Wirkstoffe sorgt sie f\u00fcr eine sichtbare Straffung, Festigung und Faltenaufpolsterung.<\/p>\n<p>&#8211; Revitalisiert die Aktivit\u00e4t der Fibroblasten mit dem Ergebnis einer gesteigerten Kollagen-\/Elastinproduktion in der Haut<br \/>\n&#8211; Linien und Falten wirken sichtbar gemildert<br \/>\n&#8211; L\u00e4sst die Haut gesund, prall und frisch erscheinen<br \/>\n&#8211; Gleicht den Feuchtigkeitsgehalt der Haut aus<br \/>\n&#8211; Kr\u00e4ftigt und festigt das Hautgewebe, verbessert die Elastizit\u00e4t<br \/>\n&#8211; Sch\u00f6n im Schlaf<\/p>\n<p>Hauptwirkstoffe: MBR\u00ae FibroBoost Complex, Ceramide III, Bio-Placenta, Hydranov-P, MultiEx BSASMTM, Squalan, Crodamol ISIS, Jojoba\u00f6l, Hyalurons\u00e4ure hochmolekular, Hyalurons\u00e4ure kleinmolekular, Abyssinian Oil<\/p>\n<p>100 ml<\/p>\n","protected":false},"excerpt":{"rendered":"<p><strong>Das leistungsstarke Anti-Ageing Wunder<\/strong><\/p>\n","protected":false},"featured_media":1996,"comment_status":"open","ping_status":"closed","template":"","meta":[],"product_brand":[40],"product_cat":[117],"product_tag":[155,163],"class_list":{"0":"post-1995","1":"product","2":"type-product","3":"status-publish","4":"has-post-thumbnail","6":"product_brand-mbr","7":"product_cat-masken","8":"product_tag-anti-aging","9":"product_tag-spezialthemen","11":"first","12":"instock","13":"taxable","14":"shipping-taxable","15":"purchasable","16":"product-type-simple"},"_links":{"self":[{"href":"https:\/\/beyondskin.nura-kibris.com\/fr\/wp-json\/wp\/v2\/product\/1995","targetHints":{"allow":["GET"]}}],"collection":[{"href":"https:\/\/beyondskin.nura-kibris.com\/fr\/wp-json\/wp\/v2\/product"}],"about":[{"href":"https:\/\/beyondskin.nura-kibris.com\/fr\/wp-json\/wp\/v2\/types\/product"}],"replies":[{"embeddable":true,"href":"https:\/\/beyondskin.nura-kibris.com\/fr\/wp-json\/wp\/v2\/comments?post=1995"}],"wp:featuredmedia":[{"embeddable":true,"href":"https:\/\/beyondskin.nura-kibris.com\/fr\/wp-json\/wp\/v2\/media\/1996"}],"wp:attachment":[{"href":"https:\/\/beyondskin.nura-kibris.com\/fr\/wp-json\/wp\/v2\/media?parent=1995"}],"wp:term":[{"taxonomy":"product_brand","embeddable":true,"href":"https:\/\/beyondskin.nura-kibris.com\/fr\/wp-json\/wp\/v2\/product_brand?post=1995"},{"taxonomy":"product_cat","embeddable":true,"href":"https:\/\/beyondskin.nura-kibris.com\/fr\/wp-json\/wp\/v2\/product_cat?post=1995"},{"taxonomy":"product_tag","embeddable":true,"href":"https:\/\/beyondskin.nura-kibris.com\/fr\/wp-json\/wp\/v2\/product_tag?post=1995"}],"curies":[{"name":"wp","href":"https:\/\/api.w.org\/{rel}","templated":true}]}}