{"id":1992,"date":"2025-06-11T13:22:35","date_gmt":"2025-06-11T13:22:35","guid":{"rendered":"https:\/\/beyond-skin.ch\/?post_type=product&#038;p=1992"},"modified":"2026-02-19T16:15:23","modified_gmt":"2026-02-19T14:15:23","slug":"the-best-concentrate","status":"publish","type":"product","link":"https:\/\/beyondskin.nura-kibris.com\/fr\/produkt\/the-best-concentrate\/","title":{"rendered":"THE BEST Concentrate"},"content":{"rendered":"<p>Aussergew\u00f6hnlich hochkonzentriertes, zielgerichtetes Gesichtsserum, das selbst in tiefer gelegene Hautschichten eindringt. Formuliert auf der Basis des eigens f\u00fcr MBR\u00ae entwickelten und exklusiven MBR\u00ae Fibroboost Complex mit der patentierten CapsulesTM-Technologie in Kombination erg\u00e4nzender hocheffizienter Wirkstoffe verlangsamt und mildert es die Zeichen der Zeit. Es sorgt f\u00fcr mehr Elastizit\u00e4t und Festigkeit und verbessert gleichzeitig die Hautstruktur. Die Gesichtskonturen erscheinen glatter und j\u00fcnger.<\/p>\n<p>&#8211; Revitalisiert die Fibroblastenaktivit\u00e4t mit dem Ergebnis einer gesteigerten Kollagen-\/Elastinproduktion in der Haut<br \/>\n&#8211; Polstert Falten von innen wieder auf<br \/>\n&#8211; Gl\u00e4ttet, gibt der Haut langfristig Volumen zur\u00fcck<br \/>\n&#8211; Gleicht den Mangel an Hautfestigung aus<br \/>\n&#8211; F\u00f6rdert die Verj\u00fcngung der Hautzellen<br \/>\n&#8211; Gleicht den Feuchtigkeitsgehalt der Haut aus<\/p>\n<p>Hauptwirkstoffe: MBR\u00ae FibroBoost Complex, Arginin, Fomblin, Inositol, Natural Betain, Pentavitin\u00ae, Thalassine 2G, Vitamin E, Limnanthes Alba (Meadowfoam Seed Oil), Argan\u00f6l, Syn\u00ae-Ake, MBR\u00ae SmoothM8, RosmarinylTM Glucoside, Oxygen Carrier\/Lift-Booster<\/p>\n<p>15 ml<\/p>\n","protected":false},"excerpt":{"rendered":"<p><strong>Das leistungsstarke Pflegeserum<\/strong><\/p>\n","protected":false},"featured_media":1994,"comment_status":"open","ping_status":"closed","template":"","meta":[],"product_brand":[40],"product_cat":[118],"product_tag":[155,163],"class_list":{"0":"post-1992","1":"product","2":"type-product","3":"status-publish","4":"has-post-thumbnail","6":"product_brand-mbr","7":"product_cat-seren","8":"product_tag-anti-aging","9":"product_tag-spezialthemen","11":"first","12":"instock","13":"taxable","14":"shipping-taxable","15":"purchasable","16":"product-type-simple"},"_links":{"self":[{"href":"https:\/\/beyondskin.nura-kibris.com\/fr\/wp-json\/wp\/v2\/product\/1992","targetHints":{"allow":["GET"]}}],"collection":[{"href":"https:\/\/beyondskin.nura-kibris.com\/fr\/wp-json\/wp\/v2\/product"}],"about":[{"href":"https:\/\/beyondskin.nura-kibris.com\/fr\/wp-json\/wp\/v2\/types\/product"}],"replies":[{"embeddable":true,"href":"https:\/\/beyondskin.nura-kibris.com\/fr\/wp-json\/wp\/v2\/comments?post=1992"}],"wp:featuredmedia":[{"embeddable":true,"href":"https:\/\/beyondskin.nura-kibris.com\/fr\/wp-json\/wp\/v2\/media\/1994"}],"wp:attachment":[{"href":"https:\/\/beyondskin.nura-kibris.com\/fr\/wp-json\/wp\/v2\/media?parent=1992"}],"wp:term":[{"taxonomy":"product_brand","embeddable":true,"href":"https:\/\/beyondskin.nura-kibris.com\/fr\/wp-json\/wp\/v2\/product_brand?post=1992"},{"taxonomy":"product_cat","embeddable":true,"href":"https:\/\/beyondskin.nura-kibris.com\/fr\/wp-json\/wp\/v2\/product_cat?post=1992"},{"taxonomy":"product_tag","embeddable":true,"href":"https:\/\/beyondskin.nura-kibris.com\/fr\/wp-json\/wp\/v2\/product_tag?post=1992"}],"curies":[{"name":"wp","href":"https:\/\/api.w.org\/{rel}","templated":true}]}}