{"id":1980,"date":"2025-06-11T12:54:44","date_gmt":"2025-06-11T12:54:44","guid":{"rendered":"https:\/\/beyond-skin.ch\/?post_type=product&#038;p=1980"},"modified":"2026-02-19T16:12:11","modified_gmt":"2026-02-19T14:12:11","slug":"cream-extraordinary","status":"publish","type":"product","link":"https:\/\/beyondskin.nura-kibris.com\/fr\/produkt\/cream-extraordinary\/","title":{"rendered":"Cream Extraordinary"},"content":{"rendered":"<p>Eine intensiv pflegende Creme von einzigartiger Leichtigkeit und Frische. Die Inhaltsstoffe wirken in Synergie mit echten Blattgoldflocken.<\/p>\n<p>&#8211; F\u00f6rdert die Collagensynthese<br \/>\n&#8211; Regt die Mikrozirkulation an<br \/>\n&#8211; Wirkt zellstimulierend\/-verj\u00fcngend auf die Zellen<br \/>\n&#8211; Die enthaltenen Goldpartikel brechen das Licht, kaschieren so kleine Unebenheiten, F\u00e4ltchen und Schatten<br \/>\n&#8211; Gl\u00e4ttet und strafft das Hautrelief<br \/>\n&#8211; Die Haut erh\u00e4lt mehr Feuchtigkeit<br \/>\n&#8211; L\u00e4sst die Haut ausgeglichen, frisch und nat\u00fcrlich erscheinen<br \/>\n&#8211; Vermittelt ein seidiges Hautgef\u00fchl<\/p>\n<p>Hauptwirkstoffe: Mandel\u00f6l, Jojoba\u00f6l, Argan\u00f6l, Abyssinian Oil, Vitamin E, Crodamol ISIS, Beerenwachs, Zink, Magnesium, Gold, Kalpariane\u00ae, Panthenol, Thalassine 2G, EverLaSkinTM, Ergothioneine (Thiotaine) EGT, MBR\u00ae FibroBoost Complex, CM-Glucan Forte<\/p>\n<p>50 ml \u2022 200 ml<\/p>\n","protected":false},"excerpt":{"rendered":"<p><strong>Das aussergew\u00f6hnliche Pflegeerlebnis<\/strong><\/p>\n","protected":false},"featured_media":1983,"comment_status":"open","ping_status":"closed","template":"","meta":[],"product_brand":[40],"product_cat":[119],"product_tag":[155,158,163],"class_list":{"0":"post-1980","1":"product","2":"type-product","3":"status-publish","4":"has-post-thumbnail","6":"product_brand-mbr","7":"product_cat-cremen","8":"product_tag-anti-aging","9":"product_tag-pigmentierung","10":"product_tag-spezialthemen","12":"first","13":"instock","14":"taxable","15":"shipping-taxable","16":"purchasable","17":"product-type-variable"},"_links":{"self":[{"href":"https:\/\/beyondskin.nura-kibris.com\/fr\/wp-json\/wp\/v2\/product\/1980","targetHints":{"allow":["GET"]}}],"collection":[{"href":"https:\/\/beyondskin.nura-kibris.com\/fr\/wp-json\/wp\/v2\/product"}],"about":[{"href":"https:\/\/beyondskin.nura-kibris.com\/fr\/wp-json\/wp\/v2\/types\/product"}],"replies":[{"embeddable":true,"href":"https:\/\/beyondskin.nura-kibris.com\/fr\/wp-json\/wp\/v2\/comments?post=1980"}],"wp:featuredmedia":[{"embeddable":true,"href":"https:\/\/beyondskin.nura-kibris.com\/fr\/wp-json\/wp\/v2\/media\/1983"}],"wp:attachment":[{"href":"https:\/\/beyondskin.nura-kibris.com\/fr\/wp-json\/wp\/v2\/media?parent=1980"}],"wp:term":[{"taxonomy":"product_brand","embeddable":true,"href":"https:\/\/beyondskin.nura-kibris.com\/fr\/wp-json\/wp\/v2\/product_brand?post=1980"},{"taxonomy":"product_cat","embeddable":true,"href":"https:\/\/beyondskin.nura-kibris.com\/fr\/wp-json\/wp\/v2\/product_cat?post=1980"},{"taxonomy":"product_tag","embeddable":true,"href":"https:\/\/beyondskin.nura-kibris.com\/fr\/wp-json\/wp\/v2\/product_tag?post=1980"}],"curies":[{"name":"wp","href":"https:\/\/api.w.org\/{rel}","templated":true}]}}