{"id":1972,"date":"2025-06-11T12:37:16","date_gmt":"2025-06-11T12:37:16","guid":{"rendered":"https:\/\/beyond-skin.ch\/?post_type=product&#038;p=1972"},"modified":"2026-02-19T16:10:18","modified_gmt":"2026-02-19T14:10:18","slug":"hair-scalp-shampoo","status":"publish","type":"product","link":"https:\/\/beyondskin.nura-kibris.com\/fr\/produkt\/hair-scalp-shampoo\/","title":{"rendered":"Hair &#038; Scalp SHAMPOO"},"content":{"rendered":"<p>Das kr\u00e4ftigende Shampoo mit \u201eKeratin-Power\u201c st\u00e4rkt die Haarstruktur von der Wurzel an und verleiht besonders feinem Haar mehr Volumen.<\/p>\n<p>&#8211; St\u00e4rkt das Haar und kr\u00e4ftigt besonders feines Haar<br \/>\n&#8211; Aktiviert das nat\u00fcrliche Haarwachstum<br \/>\n&#8211; Pflegt das Haar ohne zu beschweren<br \/>\n&#8211; L\u00f6st effektiv Stylingr\u00fcckst\u00e4nde von Haar und Kopfhaut<\/p>\n<p>Hauptwirkstoffe: Keratin, Coffein, Ginkgo Extrakt, Aminos\u00e4ure-Complex, nat\u00fcrlicher Hair Activating Complex<\/p>\n<p>200 ml<\/p>\n","protected":false},"excerpt":{"rendered":"<p><strong>Die pure Reinheit f\u00fcr Haar und Kopfhaut<\/strong><\/p>\n","protected":false},"featured_media":1973,"comment_status":"open","ping_status":"closed","template":"","meta":[],"product_brand":[40],"product_cat":[123],"product_tag":[162],"class_list":{"0":"post-1972","1":"product","2":"type-product","3":"status-publish","4":"has-post-thumbnail","6":"product_brand-mbr","7":"product_cat-haarpflege","8":"product_tag-silhouette","10":"first","11":"instock","12":"taxable","13":"shipping-taxable","14":"purchasable","15":"product-type-simple"},"_links":{"self":[{"href":"https:\/\/beyondskin.nura-kibris.com\/fr\/wp-json\/wp\/v2\/product\/1972","targetHints":{"allow":["GET"]}}],"collection":[{"href":"https:\/\/beyondskin.nura-kibris.com\/fr\/wp-json\/wp\/v2\/product"}],"about":[{"href":"https:\/\/beyondskin.nura-kibris.com\/fr\/wp-json\/wp\/v2\/types\/product"}],"replies":[{"embeddable":true,"href":"https:\/\/beyondskin.nura-kibris.com\/fr\/wp-json\/wp\/v2\/comments?post=1972"}],"wp:featuredmedia":[{"embeddable":true,"href":"https:\/\/beyondskin.nura-kibris.com\/fr\/wp-json\/wp\/v2\/media\/1973"}],"wp:attachment":[{"href":"https:\/\/beyondskin.nura-kibris.com\/fr\/wp-json\/wp\/v2\/media?parent=1972"}],"wp:term":[{"taxonomy":"product_brand","embeddable":true,"href":"https:\/\/beyondskin.nura-kibris.com\/fr\/wp-json\/wp\/v2\/product_brand?post=1972"},{"taxonomy":"product_cat","embeddable":true,"href":"https:\/\/beyondskin.nura-kibris.com\/fr\/wp-json\/wp\/v2\/product_cat?post=1972"},{"taxonomy":"product_tag","embeddable":true,"href":"https:\/\/beyondskin.nura-kibris.com\/fr\/wp-json\/wp\/v2\/product_tag?post=1972"}],"curies":[{"name":"wp","href":"https:\/\/api.w.org\/{rel}","templated":true}]}}