{"id":1966,"date":"2025-06-11T12:27:16","date_gmt":"2025-06-11T12:27:16","guid":{"rendered":"https:\/\/beyond-skin.ch\/?post_type=product&#038;p=1966"},"modified":"2026-02-19T16:08:51","modified_gmt":"2026-02-19T14:08:51","slug":"cream-mask-smooth-100","status":"publish","type":"product","link":"https:\/\/beyondskin.nura-kibris.com\/fr\/produkt\/cream-mask-smooth-100\/","title":{"rendered":"Cream Mask Smooth 100"},"content":{"rendered":"<p>Eine intensiv pflegende Maske, die die Haut rundum verw\u00f6hnt.<\/p>\n<p>&#8211; Belebender, k\u00fchlender Frischekick<br \/>\n&#8211; Sorgt f\u00fcr Kurz- und Langzeitbefeuchtung<br \/>\n&#8211; Kr\u00e4ftigt und festigt das Hautgewebe, verbessert die Elastizit\u00e4t<br \/>\n&#8211; L\u00e4sst die Haut gesund, prall und frisch erscheinen<br \/>\n&#8211; Hat beruhigende und bes\u00e4nftigende Eigenschaften<br \/>\n&#8211; Verleiht eine samtweiche, seidige Hautoberfl\u00e4che<\/p>\n<p>Hauptwirkstoffe: Avocado\u00f6l, Macadamia\u00f6l, Shambrilla\u00f6l, Crambe Oil, Ceramide III, Cooling Agent, Fomblin, Hyalurons\u00e4ure, SYN\u00ae-HYCAN, K\u00fcstenkamille, SILA Detox\u00ae, CroNolineTM, hydrolysierte Hyalurons\u00e4ure, Pentavitin\u00ae<\/p>\n<p>30 ml<\/p>\n","protected":false},"excerpt":{"rendered":"<p><strong>Die effektive Soforthilfe<\/strong><\/p>\n","protected":false},"featured_media":1967,"comment_status":"open","ping_status":"closed","template":"","meta":[],"product_brand":[40],"product_cat":[117],"product_tag":[158,163],"class_list":{"0":"post-1966","1":"product","2":"type-product","3":"status-publish","4":"has-post-thumbnail","6":"product_brand-mbr","7":"product_cat-masken","8":"product_tag-pigmentierung","9":"product_tag-spezialthemen","11":"first","12":"instock","13":"taxable","14":"shipping-taxable","15":"purchasable","16":"product-type-simple"},"_links":{"self":[{"href":"https:\/\/beyondskin.nura-kibris.com\/fr\/wp-json\/wp\/v2\/product\/1966","targetHints":{"allow":["GET"]}}],"collection":[{"href":"https:\/\/beyondskin.nura-kibris.com\/fr\/wp-json\/wp\/v2\/product"}],"about":[{"href":"https:\/\/beyondskin.nura-kibris.com\/fr\/wp-json\/wp\/v2\/types\/product"}],"replies":[{"embeddable":true,"href":"https:\/\/beyondskin.nura-kibris.com\/fr\/wp-json\/wp\/v2\/comments?post=1966"}],"wp:featuredmedia":[{"embeddable":true,"href":"https:\/\/beyondskin.nura-kibris.com\/fr\/wp-json\/wp\/v2\/media\/1967"}],"wp:attachment":[{"href":"https:\/\/beyondskin.nura-kibris.com\/fr\/wp-json\/wp\/v2\/media?parent=1966"}],"wp:term":[{"taxonomy":"product_brand","embeddable":true,"href":"https:\/\/beyondskin.nura-kibris.com\/fr\/wp-json\/wp\/v2\/product_brand?post=1966"},{"taxonomy":"product_cat","embeddable":true,"href":"https:\/\/beyondskin.nura-kibris.com\/fr\/wp-json\/wp\/v2\/product_cat?post=1966"},{"taxonomy":"product_tag","embeddable":true,"href":"https:\/\/beyondskin.nura-kibris.com\/fr\/wp-json\/wp\/v2\/product_tag?post=1966"}],"curies":[{"name":"wp","href":"https:\/\/api.w.org\/{rel}","templated":true}]}}