{"id":1964,"date":"2025-06-11T12:23:20","date_gmt":"2025-06-11T12:23:20","guid":{"rendered":"https:\/\/beyond-skin.ch\/?post_type=product&#038;p=1964"},"modified":"2026-02-19T16:08:04","modified_gmt":"2026-02-19T14:08:04","slug":"perfect-liquid-mask","status":"publish","type":"product","link":"https:\/\/beyondskin.nura-kibris.com\/fr\/produkt\/perfect-liquid-mask\/","title":{"rendered":"Perfect Liquid Mask"},"content":{"rendered":"<p>Eine au\u00dfergew\u00f6hnliche, innovative Liquid-Maske, die schnell, unkompliziert und effizient die komplexen Pflegew\u00fcnsche sehr anspruchsvoller Haut erf\u00fcllt.<\/p>\n<p>&#8211; Versorgt die Haut intensiv und nachhaltig mit Feuchtigkeit<br \/>\n&#8211; Steigert das Feuchtigkeitsbindeverm\u00f6gen der Haut<br \/>\n&#8211; Linien und Falten, auch Mimikfalten, wirken sofort sichtbar gemildert<br \/>\n&#8211; Die Elastizit\u00e4t und Spannkraft der Haut wird gest\u00e4rkt<br \/>\n&#8211; Die Haut wirkt beruhigt, entspannt und ausgeglichen<\/p>\n<p>Hauptwirkstoffe: Golden Collagenine, Cyclopeptide-5, Hydrolite\u00ae 5, Syn\u00ae-Ake, Ergothioneine (Thiotaine) EGT, Hyalurons\u00e4ure, Allantoin, Inositol<\/p>\n<p>8 x 1 St\u00fcck<\/p>\n","protected":false},"excerpt":{"rendered":"<p><strong>Die au\u00dfergew\u00f6hnliche Pflegemaske<\/strong><\/p>\n","protected":false},"featured_media":1965,"comment_status":"open","ping_status":"closed","template":"","meta":[],"product_brand":[40],"product_cat":[117],"product_tag":[155,160],"class_list":{"0":"post-1964","1":"product","2":"type-product","3":"status-publish","4":"has-post-thumbnail","6":"product_brand-mbr","7":"product_cat-masken","8":"product_tag-anti-aging","9":"product_tag-trockene-haut","11":"first","12":"instock","13":"taxable","14":"shipping-taxable","15":"purchasable","16":"product-type-simple"},"_links":{"self":[{"href":"https:\/\/beyondskin.nura-kibris.com\/fr\/wp-json\/wp\/v2\/product\/1964","targetHints":{"allow":["GET"]}}],"collection":[{"href":"https:\/\/beyondskin.nura-kibris.com\/fr\/wp-json\/wp\/v2\/product"}],"about":[{"href":"https:\/\/beyondskin.nura-kibris.com\/fr\/wp-json\/wp\/v2\/types\/product"}],"replies":[{"embeddable":true,"href":"https:\/\/beyondskin.nura-kibris.com\/fr\/wp-json\/wp\/v2\/comments?post=1964"}],"wp:featuredmedia":[{"embeddable":true,"href":"https:\/\/beyondskin.nura-kibris.com\/fr\/wp-json\/wp\/v2\/media\/1965"}],"wp:attachment":[{"href":"https:\/\/beyondskin.nura-kibris.com\/fr\/wp-json\/wp\/v2\/media?parent=1964"}],"wp:term":[{"taxonomy":"product_brand","embeddable":true,"href":"https:\/\/beyondskin.nura-kibris.com\/fr\/wp-json\/wp\/v2\/product_brand?post=1964"},{"taxonomy":"product_cat","embeddable":true,"href":"https:\/\/beyondskin.nura-kibris.com\/fr\/wp-json\/wp\/v2\/product_cat?post=1964"},{"taxonomy":"product_tag","embeddable":true,"href":"https:\/\/beyondskin.nura-kibris.com\/fr\/wp-json\/wp\/v2\/product_tag?post=1964"}],"curies":[{"name":"wp","href":"https:\/\/api.w.org\/{rel}","templated":true}]}}