{"id":1962,"date":"2025-06-11T12:20:50","date_gmt":"2025-06-11T12:20:50","guid":{"rendered":"https:\/\/beyond-skin.ch\/?post_type=product&#038;p=1962"},"modified":"2026-02-19T16:07:37","modified_gmt":"2026-02-19T14:07:37","slug":"cross-lift-serum-ultrapeptide","status":"publish","type":"product","link":"https:\/\/beyondskin.nura-kibris.com\/fr\/produkt\/cross-lift-serum-ultrapeptide\/","title":{"rendered":"Cross Lift Serum Ultrapeptide"},"content":{"rendered":"<p>Ein mehrfach regulierendes Intensive-Treatment zur besonders schnellen und nachhaltigen Renovation der Haut. Der einzigartige Pflegeeffekt ist sofort sp\u00fcrbar. Das megadosierte epidermal und dermal wirkende Serum l\u00e4sst die Haut unmittelbar nach dem Auftragen jugendlicher, erholter und f\u00fchlbar glatter wirken.<\/p>\n<p>&#8211; Linien und Falten werden gegl\u00e4ttet und langanhaltend \u201eaufgepolstert\u201c<br \/>\n&#8211; Konturen wirken straffer<br \/>\n&#8211; Reguliert die Feuchtigkeitsversorgung und -bindung<br \/>\n&#8211; F\u00f6rdert die Collagensynthese<br \/>\n&#8211; Aktiviert die hauteigene Regenerationsf\u00e4higkeit<br \/>\n&#8211; Verbessert die Hautstruktur<br \/>\n&#8211; Vermindert die Auspr\u00e4gung von Falten durch reduzierte Mikrokontraktion<br \/>\n&#8211; Wirkt antioxidativ, bietet optimalen Schutz gegen negative Umwelteinfl\u00fcsse<br \/>\n&#8211; Beruhigende Wirkung, bringt irritierte Haut wieder ins Gleichgewicht<\/p>\n<p>Hauptwirkstoffe: LIFTONIN\u00ae-XPRESS, Syn\u00ae-Ake, ChroNolineTM, Cyclopeptide-5, MaxAqua MBR\u00ae, Antioxidans EGT<\/p>\n<p>30 ml<\/p>\n","protected":false},"excerpt":{"rendered":"<p><strong>Der ultrastarke Konturierer<\/strong><\/p>\n","protected":false},"featured_media":1963,"comment_status":"open","ping_status":"closed","template":"","meta":[],"product_brand":[40],"product_cat":[118],"product_tag":[155,160],"class_list":{"0":"post-1962","1":"product","2":"type-product","3":"status-publish","4":"has-post-thumbnail","6":"product_brand-mbr","7":"product_cat-seren","8":"product_tag-anti-aging","9":"product_tag-trockene-haut","11":"first","12":"instock","13":"taxable","14":"shipping-taxable","15":"purchasable","16":"product-type-simple"},"_links":{"self":[{"href":"https:\/\/beyondskin.nura-kibris.com\/fr\/wp-json\/wp\/v2\/product\/1962","targetHints":{"allow":["GET"]}}],"collection":[{"href":"https:\/\/beyondskin.nura-kibris.com\/fr\/wp-json\/wp\/v2\/product"}],"about":[{"href":"https:\/\/beyondskin.nura-kibris.com\/fr\/wp-json\/wp\/v2\/types\/product"}],"replies":[{"embeddable":true,"href":"https:\/\/beyondskin.nura-kibris.com\/fr\/wp-json\/wp\/v2\/comments?post=1962"}],"wp:featuredmedia":[{"embeddable":true,"href":"https:\/\/beyondskin.nura-kibris.com\/fr\/wp-json\/wp\/v2\/media\/1963"}],"wp:attachment":[{"href":"https:\/\/beyondskin.nura-kibris.com\/fr\/wp-json\/wp\/v2\/media?parent=1962"}],"wp:term":[{"taxonomy":"product_brand","embeddable":true,"href":"https:\/\/beyondskin.nura-kibris.com\/fr\/wp-json\/wp\/v2\/product_brand?post=1962"},{"taxonomy":"product_cat","embeddable":true,"href":"https:\/\/beyondskin.nura-kibris.com\/fr\/wp-json\/wp\/v2\/product_cat?post=1962"},{"taxonomy":"product_tag","embeddable":true,"href":"https:\/\/beyondskin.nura-kibris.com\/fr\/wp-json\/wp\/v2\/product_tag?post=1962"}],"curies":[{"name":"wp","href":"https:\/\/api.w.org\/{rel}","templated":true}]}}