{"id":1954,"date":"2025-06-11T11:29:00","date_gmt":"2025-06-11T11:29:00","guid":{"rendered":"https:\/\/beyond-skin.ch\/?post_type=product&#038;p=1954"},"modified":"2026-02-19T13:04:40","modified_gmt":"2026-02-19T11:04:40","slug":"power-serum","status":"publish","type":"product","link":"https:\/\/beyondskin.nura-kibris.com\/fr\/produkt\/power-serum\/","title":{"rendered":"Power Serum"},"content":{"rendered":"<p>Das hochdosierte Wirkstoff-Gesichtsserum sorgt mittels Vitamin E und B12 f\u00fcr eine Unterst\u00fctzung bei dermalen Regenerationsprozessen der Haut. Geeignet als begleitende Anwendung nach \u00e4sthetischen Eingriffen.<\/p>\n<p>&#8211; Mindert Falten und schlaffe Haut<br \/>\n&#8211; St\u00e4rkt die Hautbarriere und sch\u00fctzt vor dem Austrocknen<br \/>\n&#8211; Verleiht ein gepflegtes Hautgef\u00fchl<br \/>\n&#8211; Unterst\u00fctzt die Kollagensynthese<br \/>\n&#8211; Optimiert das Feuchtigkeitsdepot der Haut<\/p>\n<p>Hauptwirkstoffe: Schwarze Johannisbeere, Vitamin C Derivat (Ascorbins\u00e4ure), Vitamin E (Tocopherol), Vitamin A, Palmitat (Retinol), Vitamin B12, Hydrolite-5 green, Goldella, Matrixyl, IBR Pristinizer, Gatuline Skin Repair<\/p>\n<p>30 ml<\/p>\n","protected":false},"excerpt":{"rendered":"<p><strong>Das revitalisierende Hautgef\u00fchl<\/strong><\/p>\n","protected":false},"featured_media":1955,"comment_status":"open","ping_status":"closed","template":"","meta":[],"product_brand":[40],"product_cat":[118],"product_tag":[159,158,163],"class_list":{"0":"post-1954","1":"product","2":"type-product","3":"status-publish","4":"has-post-thumbnail","6":"product_brand-mbr","7":"product_cat-seren","8":"product_tag-akne-unreine-haut-poren","9":"product_tag-pigmentierung","10":"product_tag-spezialthemen","12":"first","13":"instock","14":"taxable","15":"shipping-taxable","16":"purchasable","17":"product-type-simple"},"_links":{"self":[{"href":"https:\/\/beyondskin.nura-kibris.com\/fr\/wp-json\/wp\/v2\/product\/1954","targetHints":{"allow":["GET"]}}],"collection":[{"href":"https:\/\/beyondskin.nura-kibris.com\/fr\/wp-json\/wp\/v2\/product"}],"about":[{"href":"https:\/\/beyondskin.nura-kibris.com\/fr\/wp-json\/wp\/v2\/types\/product"}],"replies":[{"embeddable":true,"href":"https:\/\/beyondskin.nura-kibris.com\/fr\/wp-json\/wp\/v2\/comments?post=1954"}],"wp:featuredmedia":[{"embeddable":true,"href":"https:\/\/beyondskin.nura-kibris.com\/fr\/wp-json\/wp\/v2\/media\/1955"}],"wp:attachment":[{"href":"https:\/\/beyondskin.nura-kibris.com\/fr\/wp-json\/wp\/v2\/media?parent=1954"}],"wp:term":[{"taxonomy":"product_brand","embeddable":true,"href":"https:\/\/beyondskin.nura-kibris.com\/fr\/wp-json\/wp\/v2\/product_brand?post=1954"},{"taxonomy":"product_cat","embeddable":true,"href":"https:\/\/beyondskin.nura-kibris.com\/fr\/wp-json\/wp\/v2\/product_cat?post=1954"},{"taxonomy":"product_tag","embeddable":true,"href":"https:\/\/beyondskin.nura-kibris.com\/fr\/wp-json\/wp\/v2\/product_tag?post=1954"}],"curies":[{"name":"wp","href":"https:\/\/api.w.org\/{rel}","templated":true}]}}