{"id":1950,"date":"2025-06-11T11:22:18","date_gmt":"2025-06-11T11:22:18","guid":{"rendered":"https:\/\/beyond-skin.ch\/?post_type=product&#038;p=1950"},"modified":"2026-02-19T13:03:48","modified_gmt":"2026-02-19T11:03:48","slug":"twentyfour-hours-extreme","status":"publish","type":"product","link":"https:\/\/beyondskin.nura-kibris.com\/fr\/produkt\/twentyfour-hours-extreme\/","title":{"rendered":"Twentyfour Hours Extreme"},"content":{"rendered":"<p>Die hochwirksame High-Tech Vitaminpflege Twentyfour Hours Extreme st\u00e4rkt die Haut gegen alle negativen Einfl\u00fcsse der modernen Umwelt. Sie verleiht der Haut ein frisches, gegl\u00e4ttetes, ebenm\u00e4\u00dfiges Bild und eine neue, faszinierende Ausstrahlungskraft.<\/p>\n<p>&#8211; St\u00e4rkt die Widerstandskraft und Schutzmechanismen der Haut<br \/>\n&#8211; Verbessert die Mikrozirkulation der Haut<br \/>\n&#8211; Unterst\u00fctzt s\u00e4mtliche Stoffwechselvorg\u00e4nge in der Haut<br \/>\n&#8211; Intensiviert Detox-Prozesse<br \/>\n&#8211; Mindert Irritationen<br \/>\n&#8211; Intensiviert die Elastin- und Kollagensynthese<\/p>\n<p>Hauptwirkstoffe: Superox-C, KombuchkaTM, Vitamin C Glucosid, Vitamin E, Vitamin A, SymHelios\u00ae 1031, RosmarinylTM Glucoside, Avocado\u00f6l, Niacin, Thalassine 2G<\/p>\n<p>50 ml<\/p>\n","protected":false},"excerpt":{"rendered":"<p><strong>Der ultimative Vitamincocktail<\/strong><\/p>\n","protected":false},"featured_media":1951,"comment_status":"open","ping_status":"closed","template":"","meta":[],"product_brand":[40],"product_cat":[119],"product_tag":[158,163],"class_list":{"0":"post-1950","1":"product","2":"type-product","3":"status-publish","4":"has-post-thumbnail","6":"product_brand-mbr","7":"product_cat-cremen","8":"product_tag-pigmentierung","9":"product_tag-spezialthemen","11":"first","12":"instock","13":"taxable","14":"shipping-taxable","15":"purchasable","16":"product-type-simple"},"_links":{"self":[{"href":"https:\/\/beyondskin.nura-kibris.com\/fr\/wp-json\/wp\/v2\/product\/1950","targetHints":{"allow":["GET"]}}],"collection":[{"href":"https:\/\/beyondskin.nura-kibris.com\/fr\/wp-json\/wp\/v2\/product"}],"about":[{"href":"https:\/\/beyondskin.nura-kibris.com\/fr\/wp-json\/wp\/v2\/types\/product"}],"replies":[{"embeddable":true,"href":"https:\/\/beyondskin.nura-kibris.com\/fr\/wp-json\/wp\/v2\/comments?post=1950"}],"wp:featuredmedia":[{"embeddable":true,"href":"https:\/\/beyondskin.nura-kibris.com\/fr\/wp-json\/wp\/v2\/media\/1951"}],"wp:attachment":[{"href":"https:\/\/beyondskin.nura-kibris.com\/fr\/wp-json\/wp\/v2\/media?parent=1950"}],"wp:term":[{"taxonomy":"product_brand","embeddable":true,"href":"https:\/\/beyondskin.nura-kibris.com\/fr\/wp-json\/wp\/v2\/product_brand?post=1950"},{"taxonomy":"product_cat","embeddable":true,"href":"https:\/\/beyondskin.nura-kibris.com\/fr\/wp-json\/wp\/v2\/product_cat?post=1950"},{"taxonomy":"product_tag","embeddable":true,"href":"https:\/\/beyondskin.nura-kibris.com\/fr\/wp-json\/wp\/v2\/product_tag?post=1950"}],"curies":[{"name":"wp","href":"https:\/\/api.w.org\/{rel}","templated":true}]}}