{"id":1935,"date":"2025-06-11T10:49:34","date_gmt":"2025-06-11T10:49:34","guid":{"rendered":"https:\/\/beyond-skin.ch\/?post_type=product&#038;p=1935"},"modified":"2026-02-19T12:58:13","modified_gmt":"2026-02-19T10:58:13","slug":"cytoline-cream-100","status":"publish","type":"product","link":"https:\/\/beyondskin.nura-kibris.com\/fr\/produkt\/cytoline-cream-100\/","title":{"rendered":"CytoLine Cream 100"},"content":{"rendered":"<p>Eine hochwirksame, konzentrierte Pflegecreme, welche die Leistungsf\u00e4higkeit der Haut in der regenerativen Zellvermehrung und Feuchtigkeitsregulierung aktiv steigert.<\/p>\n<p>&#8211; F\u00f6rdert das nat\u00fcrliche Zellwachstum<br \/>\n&#8211; Bindet freie Radikale<br \/>\n&#8211; Durchfeuchtet langanhaltend und sch\u00fctzt vor Feuchtigkeitsverlust<br \/>\n&#8211; Verbessert die Widerstandskraft der Haut<br \/>\n&#8211; Erh\u00f6ht die Hautfestigkeit und Elastizit\u00e4t<br \/>\n&#8211; L\u00e4sst die Haut sichtbar verj\u00fcngt erscheinen<\/p>\n<p>Hauptwirkstoffe: MPCTM Complex, Sheabutter, Avocado\u00f6l, Crambe \u00d6l, Shambrilla\u00f6l, Hyalurons\u00e4ure, Vitamin E-Acetat, K\u00fcstenkamille, Kalpariane\u00ae<\/p>\n<p>50 ml<\/p>\n","protected":false},"excerpt":{"rendered":"<p><strong>Die kontrollierte Hauterneuerung<\/strong><\/p>\n","protected":false},"featured_media":1936,"comment_status":"open","ping_status":"closed","template":"","meta":[],"product_brand":[40],"product_cat":[119],"product_tag":[155,160],"class_list":{"0":"post-1935","1":"product","2":"type-product","3":"status-publish","4":"has-post-thumbnail","6":"product_brand-mbr","7":"product_cat-cremen","8":"product_tag-anti-aging","9":"product_tag-trockene-haut","11":"first","12":"instock","13":"taxable","14":"shipping-taxable","15":"purchasable","16":"product-type-simple"},"_links":{"self":[{"href":"https:\/\/beyondskin.nura-kibris.com\/fr\/wp-json\/wp\/v2\/product\/1935","targetHints":{"allow":["GET"]}}],"collection":[{"href":"https:\/\/beyondskin.nura-kibris.com\/fr\/wp-json\/wp\/v2\/product"}],"about":[{"href":"https:\/\/beyondskin.nura-kibris.com\/fr\/wp-json\/wp\/v2\/types\/product"}],"replies":[{"embeddable":true,"href":"https:\/\/beyondskin.nura-kibris.com\/fr\/wp-json\/wp\/v2\/comments?post=1935"}],"wp:featuredmedia":[{"embeddable":true,"href":"https:\/\/beyondskin.nura-kibris.com\/fr\/wp-json\/wp\/v2\/media\/1936"}],"wp:attachment":[{"href":"https:\/\/beyondskin.nura-kibris.com\/fr\/wp-json\/wp\/v2\/media?parent=1935"}],"wp:term":[{"taxonomy":"product_brand","embeddable":true,"href":"https:\/\/beyondskin.nura-kibris.com\/fr\/wp-json\/wp\/v2\/product_brand?post=1935"},{"taxonomy":"product_cat","embeddable":true,"href":"https:\/\/beyondskin.nura-kibris.com\/fr\/wp-json\/wp\/v2\/product_cat?post=1935"},{"taxonomy":"product_tag","embeddable":true,"href":"https:\/\/beyondskin.nura-kibris.com\/fr\/wp-json\/wp\/v2\/product_tag?post=1935"}],"curies":[{"name":"wp","href":"https:\/\/api.w.org\/{rel}","templated":true}]}}