{"id":1862,"date":"2025-06-05T15:19:44","date_gmt":"2025-06-05T15:19:44","guid":{"rendered":"https:\/\/beyond-skin.ch\/?post_type=product&#038;p=1862"},"modified":"2026-02-18T18:16:47","modified_gmt":"2026-02-18T16:16:47","slug":"eyelash-booster","status":"publish","type":"product","link":"https:\/\/beyondskin.nura-kibris.com\/fr\/produkt\/eyelash-booster\/","title":{"rendered":"Eyelash Booster"},"content":{"rendered":"<p>Kr\u00e4ftigendes und pflegendes Boosting Serum f\u00fcr lange, dichte und volumin\u00f6se Wimpern sowie volle Augenbrauen.<\/p>\n<p>&#8211; Verdichtet und verl\u00e4ngert die Wimpern<br \/>\n&#8211; Kr\u00e4ftig und st\u00e4rkt die Haarwurzeln<br \/>\n&#8211; Unterst\u00fctzt das nat\u00fcrliche Haarwachstum<br \/>\n&#8211; Sorgt f\u00fcr maximale Befeuchtung<br \/>\n&#8211; Verl\u00e4ngert die Wachstumsphase und verz\u00f6gert zugleich den Ausfall der H\u00e4rchen<\/p>\n<p>Hauptwirkstoffe: Spezielles Prostaglandin Derivat, Biotin, Hyalurons\u00e4ure<\/p>\n<p>3 ml<\/p>\n","protected":false},"excerpt":{"rendered":"<p><strong>Der perfekte Augenaufschlag<\/strong><\/p>\n","protected":false},"featured_media":1863,"comment_status":"open","ping_status":"closed","template":"","meta":[],"product_brand":[40],"product_cat":[120],"product_tag":[163],"class_list":{"0":"post-1862","1":"product","2":"type-product","3":"status-publish","4":"has-post-thumbnail","6":"product_brand-mbr","7":"product_cat-augenpflege","8":"product_tag-spezialthemen","10":"first","11":"instock","12":"taxable","13":"shipping-taxable","14":"purchasable","15":"product-type-simple"},"_links":{"self":[{"href":"https:\/\/beyondskin.nura-kibris.com\/fr\/wp-json\/wp\/v2\/product\/1862","targetHints":{"allow":["GET"]}}],"collection":[{"href":"https:\/\/beyondskin.nura-kibris.com\/fr\/wp-json\/wp\/v2\/product"}],"about":[{"href":"https:\/\/beyondskin.nura-kibris.com\/fr\/wp-json\/wp\/v2\/types\/product"}],"replies":[{"embeddable":true,"href":"https:\/\/beyondskin.nura-kibris.com\/fr\/wp-json\/wp\/v2\/comments?post=1862"}],"wp:featuredmedia":[{"embeddable":true,"href":"https:\/\/beyondskin.nura-kibris.com\/fr\/wp-json\/wp\/v2\/media\/1863"}],"wp:attachment":[{"href":"https:\/\/beyondskin.nura-kibris.com\/fr\/wp-json\/wp\/v2\/media?parent=1862"}],"wp:term":[{"taxonomy":"product_brand","embeddable":true,"href":"https:\/\/beyondskin.nura-kibris.com\/fr\/wp-json\/wp\/v2\/product_brand?post=1862"},{"taxonomy":"product_cat","embeddable":true,"href":"https:\/\/beyondskin.nura-kibris.com\/fr\/wp-json\/wp\/v2\/product_cat?post=1862"},{"taxonomy":"product_tag","embeddable":true,"href":"https:\/\/beyondskin.nura-kibris.com\/fr\/wp-json\/wp\/v2\/product_tag?post=1862"}],"curies":[{"name":"wp","href":"https:\/\/api.w.org\/{rel}","templated":true}]}}