{"id":1860,"date":"2025-06-05T15:17:11","date_gmt":"2025-06-05T15:17:11","guid":{"rendered":"https:\/\/beyond-skin.ch\/?post_type=product&#038;p=1860"},"modified":"2026-02-18T18:16:30","modified_gmt":"2026-02-18T16:16:30","slug":"night-face-cream","status":"publish","type":"product","link":"https:\/\/beyondskin.nura-kibris.com\/fr\/produkt\/night-face-cream\/","title":{"rendered":"Night Face Cream"},"content":{"rendered":"<p>Eine wirksame Gesichtspflege mit wertvollen Pflegekomponenten speziell darauf ausgelegt, \u00fcber Nacht die k\u00f6rpereigene Synthese gesunder Hautzellen anzuregen und die Zellfunktionen zu regulieren.<\/p>\n<p>&#8211; Unterst\u00fctzt den nat\u00fcrlichen Hauterneuerungsprozess<br \/>\n&#8211; Hilft, den nat\u00fcrlichen Feuchtigkeitsgehalt der Haut zu erhalten<br \/>\n&#8211; F\u00f6rdert die k\u00f6rpereigene Kollagensynthese und sorgt somit f\u00fcr mehr Festigkeit und Elastizit\u00e4t<br \/>\n&#8211; Beruhigt irritierte Haut<br \/>\n&#8211; Bewahrt die nat\u00fcrliche Hautbarrierefunktion<\/p>\n<p>Hauptwirkstoffe: Nachtkerzen\u00f6l, Kalpariane, Bakuchiol, Defensil, Ceramid-Komplex, Hyalurons\u00e4ure, Argan\u00f6l, Wiesenschaumkraut\u00f6l, Sheabutter, Allantoin, Lavendel\u00f6l, Hydrolite-5 green<\/p>\n<p>2 x 15 ml<\/p>\n","protected":false},"excerpt":{"rendered":"<p><strong>Das revitalisierende Hautgef\u00fchl<\/strong><\/p>\n","protected":false},"featured_media":1861,"comment_status":"open","ping_status":"closed","template":"","meta":[],"product_brand":[40],"product_cat":[119],"product_tag":[155,160],"class_list":{"0":"post-1860","1":"product","2":"type-product","3":"status-publish","4":"has-post-thumbnail","6":"product_brand-mbr","7":"product_cat-cremen","8":"product_tag-anti-aging","9":"product_tag-trockene-haut","11":"first","12":"instock","13":"taxable","14":"shipping-taxable","15":"purchasable","16":"product-type-simple"},"_links":{"self":[{"href":"https:\/\/beyondskin.nura-kibris.com\/fr\/wp-json\/wp\/v2\/product\/1860","targetHints":{"allow":["GET"]}}],"collection":[{"href":"https:\/\/beyondskin.nura-kibris.com\/fr\/wp-json\/wp\/v2\/product"}],"about":[{"href":"https:\/\/beyondskin.nura-kibris.com\/fr\/wp-json\/wp\/v2\/types\/product"}],"replies":[{"embeddable":true,"href":"https:\/\/beyondskin.nura-kibris.com\/fr\/wp-json\/wp\/v2\/comments?post=1860"}],"wp:featuredmedia":[{"embeddable":true,"href":"https:\/\/beyondskin.nura-kibris.com\/fr\/wp-json\/wp\/v2\/media\/1861"}],"wp:attachment":[{"href":"https:\/\/beyondskin.nura-kibris.com\/fr\/wp-json\/wp\/v2\/media?parent=1860"}],"wp:term":[{"taxonomy":"product_brand","embeddable":true,"href":"https:\/\/beyondskin.nura-kibris.com\/fr\/wp-json\/wp\/v2\/product_brand?post=1860"},{"taxonomy":"product_cat","embeddable":true,"href":"https:\/\/beyondskin.nura-kibris.com\/fr\/wp-json\/wp\/v2\/product_cat?post=1860"},{"taxonomy":"product_tag","embeddable":true,"href":"https:\/\/beyondskin.nura-kibris.com\/fr\/wp-json\/wp\/v2\/product_tag?post=1860"}],"curies":[{"name":"wp","href":"https:\/\/api.w.org\/{rel}","templated":true}]}}