{"id":1845,"date":"2025-06-05T14:06:31","date_gmt":"2025-06-05T14:06:31","guid":{"rendered":"https:\/\/beyond-skin.ch\/?post_type=product&#038;p=1845"},"modified":"2026-02-18T18:13:56","modified_gmt":"2026-02-18T16:13:56","slug":"silken-calm-eye-patches","status":"publish","type":"product","link":"https:\/\/beyondskin.nura-kibris.com\/fr\/produkt\/silken-calm-eye-patches\/","title":{"rendered":"Silken &#038; Calm Eye Patches"},"content":{"rendered":"<p>Die innovativen Silken &amp; Calm Eye Patches auf der Basis modernster Wirkstoffe in Verbindung mit einem hochwertigen Collagen-Vlies bieten selbst der sensibelsten Augenpartie wohltuende Entspannung und st\u00e4rken die nat\u00fcrliche Schutzbarriere.<\/p>\n<p>&#8211; Beruhigt die gereizte Augenpartie<br \/>\n&#8211; Versorgt die sensible Augenpartie optimal mit Feuchtigkeit<br \/>\n&#8211; L\u00e4sst die Augenpartie abschwellen<br \/>\n&#8211; St\u00e4rkt die Widerstandskraft der Haut und unterst\u00fctzt so ihre nat\u00fcrliche Schutzfunktion<br \/>\n&#8211; Die Augenpartie wirkt beruhigt, widerstandsf\u00e4hig und seidig zart<\/p>\n<p>Hauptwirkstoffe: BeautifeyeTM, MultiEx BSASMTM, Hydrolite\u00ae 5, K\u00fcstenkamille, Panthenol, Allantoin<\/p>\n<p>6 x 1 Paar<\/p>\n","protected":false},"excerpt":{"rendered":"<p><strong>Die beruhigende Augenmaske<\/strong><\/p>\n","protected":false},"featured_media":1846,"comment_status":"open","ping_status":"closed","template":"","meta":[],"product_brand":[40],"product_cat":[120],"product_tag":[155,164],"class_list":{"0":"post-1845","1":"product","2":"type-product","3":"status-publish","4":"has-post-thumbnail","6":"product_brand-mbr","7":"product_cat-augenpflege","8":"product_tag-anti-aging","9":"product_tag-reaktive-haut","11":"first","12":"instock","13":"taxable","14":"shipping-taxable","15":"purchasable","16":"product-type-simple"},"_links":{"self":[{"href":"https:\/\/beyondskin.nura-kibris.com\/fr\/wp-json\/wp\/v2\/product\/1845","targetHints":{"allow":["GET"]}}],"collection":[{"href":"https:\/\/beyondskin.nura-kibris.com\/fr\/wp-json\/wp\/v2\/product"}],"about":[{"href":"https:\/\/beyondskin.nura-kibris.com\/fr\/wp-json\/wp\/v2\/types\/product"}],"replies":[{"embeddable":true,"href":"https:\/\/beyondskin.nura-kibris.com\/fr\/wp-json\/wp\/v2\/comments?post=1845"}],"wp:featuredmedia":[{"embeddable":true,"href":"https:\/\/beyondskin.nura-kibris.com\/fr\/wp-json\/wp\/v2\/media\/1846"}],"wp:attachment":[{"href":"https:\/\/beyondskin.nura-kibris.com\/fr\/wp-json\/wp\/v2\/media?parent=1845"}],"wp:term":[{"taxonomy":"product_brand","embeddable":true,"href":"https:\/\/beyondskin.nura-kibris.com\/fr\/wp-json\/wp\/v2\/product_brand?post=1845"},{"taxonomy":"product_cat","embeddable":true,"href":"https:\/\/beyondskin.nura-kibris.com\/fr\/wp-json\/wp\/v2\/product_cat?post=1845"},{"taxonomy":"product_tag","embeddable":true,"href":"https:\/\/beyondskin.nura-kibris.com\/fr\/wp-json\/wp\/v2\/product_tag?post=1845"}],"curies":[{"name":"wp","href":"https:\/\/api.w.org\/{rel}","templated":true}]}}