{"id":1835,"date":"2025-06-05T10:56:39","date_gmt":"2025-06-05T10:56:39","guid":{"rendered":"https:\/\/beyond-skin.ch\/?post_type=product&#038;p=1835"},"modified":"2026-02-18T18:12:49","modified_gmt":"2026-02-18T16:12:49","slug":"optimal-lift-serum","status":"publish","type":"product","link":"https:\/\/beyondskin.nura-kibris.com\/fr\/produkt\/optimal-lift-serum\/","title":{"rendered":"Optimal Lift Serum"},"content":{"rendered":"<p>Mehrfach aktives Gesichtsserum zur Vorbeugung von Falten, Milderung und Reduzierung vorhandener, auch tiefer Falten, besonders auf der Stirn und im Augenbereich. F\u00fcr jede Haut, ganz besonders f\u00fcr m\u00fcde und gestresste Haut (Effektprodukt).<\/p>\n<p>&#8211; Minimiert die Tiefe von unterschiedlichen Falten<br \/>\n&#8211; Verbessert das Faltenmikrorelief<br \/>\n&#8211; Vermittelt einen sofort sp\u00fcrbaren und nachhaltigen physikalischen Straffungseffekt<br \/>\n&#8211; Gl\u00e4ttet signifikant das Faltenvolumen<br \/>\n&#8211; Optimiert die Hautelastizit\u00e4t<br \/>\n&#8211; Erh\u00f6ht das Feuchthalteverm\u00f6gen der Haut<\/p>\n<p>Hauptwirkstoffe: LIFTONIN\u00ae-XPRESS, Dexpanthenol (Provitamin B5), Niacin, Ginkgoextrakt, Brennnessel, Inositol<\/p>\n<p>30 ml<\/p>\n","protected":false},"excerpt":{"rendered":"<p>Der Soforteffekt gegen Falten<\/p>\n","protected":false},"featured_media":1836,"comment_status":"open","ping_status":"closed","template":"","meta":[],"product_brand":[40],"product_cat":[118],"product_tag":[155],"class_list":{"0":"post-1835","1":"product","2":"type-product","3":"status-publish","4":"has-post-thumbnail","6":"product_brand-mbr","7":"product_cat-seren","8":"product_tag-anti-aging","10":"first","11":"instock","12":"taxable","13":"shipping-taxable","14":"purchasable","15":"product-type-simple"},"_links":{"self":[{"href":"https:\/\/beyondskin.nura-kibris.com\/fr\/wp-json\/wp\/v2\/product\/1835","targetHints":{"allow":["GET"]}}],"collection":[{"href":"https:\/\/beyondskin.nura-kibris.com\/fr\/wp-json\/wp\/v2\/product"}],"about":[{"href":"https:\/\/beyondskin.nura-kibris.com\/fr\/wp-json\/wp\/v2\/types\/product"}],"replies":[{"embeddable":true,"href":"https:\/\/beyondskin.nura-kibris.com\/fr\/wp-json\/wp\/v2\/comments?post=1835"}],"wp:featuredmedia":[{"embeddable":true,"href":"https:\/\/beyondskin.nura-kibris.com\/fr\/wp-json\/wp\/v2\/media\/1836"}],"wp:attachment":[{"href":"https:\/\/beyondskin.nura-kibris.com\/fr\/wp-json\/wp\/v2\/media?parent=1835"}],"wp:term":[{"taxonomy":"product_brand","embeddable":true,"href":"https:\/\/beyondskin.nura-kibris.com\/fr\/wp-json\/wp\/v2\/product_brand?post=1835"},{"taxonomy":"product_cat","embeddable":true,"href":"https:\/\/beyondskin.nura-kibris.com\/fr\/wp-json\/wp\/v2\/product_cat?post=1835"},{"taxonomy":"product_tag","embeddable":true,"href":"https:\/\/beyondskin.nura-kibris.com\/fr\/wp-json\/wp\/v2\/product_tag?post=1835"}],"curies":[{"name":"wp","href":"https:\/\/api.w.org\/{rel}","templated":true}]}}