{"id":1827,"date":"2025-06-05T10:36:14","date_gmt":"2025-06-05T10:36:14","guid":{"rendered":"https:\/\/beyond-skin.ch\/?post_type=product&#038;p=1827"},"modified":"2026-02-18T18:11:51","modified_gmt":"2026-02-18T16:11:51","slug":"eye-make-up-remover","status":"publish","type":"product","link":"https:\/\/beyondskin.nura-kibris.com\/fr\/produkt\/eye-make-up-remover\/","title":{"rendered":"Eye Make-up Remover"},"content":{"rendered":"<p>Ultra sanftes 2-Phasen Liquid zur gr\u00fcndlichen Entfernung von Augen-Make-up und Lippenstift. Die hochwertige Formel pflegt und bes\u00e4nftigt gleichzeitig die empfindliche Haut der Augenpartie, wirkt feuchtigkeitsspendend und verleiht den Wimpern eine seidige Ausstrahlung.<\/p>\n<p>&#8211; Reinigt schonend und zuverl\u00e4ssig<br \/>\n&#8211; Entfernt auch wasserfestes Augen-Make-up<br \/>\n&#8211; Beruhigt die empfindliche Augenpartie<br \/>\n&#8211; Spendet Feuchtigkeit, pflegt sofort sp\u00fcrbar<br \/>\n&#8211; Vermeidet Schwellungen und R\u00f6tungen durch Reibung<br \/>\n&#8211; Pflegt die Wimpern und l\u00e4sst sie seidiger wirken<br \/>\n&#8211; F\u00fcr Kontaktlinsentr\u00e4ger geeignet<\/p>\n<p>Hauptwirkstoffe: Omega 3\/6\/9 haltiges Pflanzen\u00f6l, Argan\u00f6l, Shambrilla\u00f6l, K\u00fcstenkamille<\/p>\n<p>200 ml<\/p>\n","protected":false},"excerpt":{"rendered":"<p>Der ultrasanfte Make-up Entferner<\/p>\n","protected":false},"featured_media":1826,"comment_status":"open","ping_status":"closed","template":"","meta":[],"product_brand":[40],"product_cat":[120,114],"product_tag":[160],"class_list":{"0":"post-1827","1":"product","2":"type-product","3":"status-publish","4":"has-post-thumbnail","6":"product_brand-mbr","7":"product_cat-augenpflege","8":"product_cat-reinigungen","9":"product_tag-trockene-haut","11":"first","12":"instock","13":"taxable","14":"shipping-taxable","15":"purchasable","16":"product-type-simple"},"_links":{"self":[{"href":"https:\/\/beyondskin.nura-kibris.com\/fr\/wp-json\/wp\/v2\/product\/1827","targetHints":{"allow":["GET"]}}],"collection":[{"href":"https:\/\/beyondskin.nura-kibris.com\/fr\/wp-json\/wp\/v2\/product"}],"about":[{"href":"https:\/\/beyondskin.nura-kibris.com\/fr\/wp-json\/wp\/v2\/types\/product"}],"replies":[{"embeddable":true,"href":"https:\/\/beyondskin.nura-kibris.com\/fr\/wp-json\/wp\/v2\/comments?post=1827"}],"wp:featuredmedia":[{"embeddable":true,"href":"https:\/\/beyondskin.nura-kibris.com\/fr\/wp-json\/wp\/v2\/media\/1826"}],"wp:attachment":[{"href":"https:\/\/beyondskin.nura-kibris.com\/fr\/wp-json\/wp\/v2\/media?parent=1827"}],"wp:term":[{"taxonomy":"product_brand","embeddable":true,"href":"https:\/\/beyondskin.nura-kibris.com\/fr\/wp-json\/wp\/v2\/product_brand?post=1827"},{"taxonomy":"product_cat","embeddable":true,"href":"https:\/\/beyondskin.nura-kibris.com\/fr\/wp-json\/wp\/v2\/product_cat?post=1827"},{"taxonomy":"product_tag","embeddable":true,"href":"https:\/\/beyondskin.nura-kibris.com\/fr\/wp-json\/wp\/v2\/product_tag?post=1827"}],"curies":[{"name":"wp","href":"https:\/\/api.w.org\/{rel}","templated":true}]}}