{"id":1817,"date":"2025-06-04T14:45:29","date_gmt":"2025-06-04T14:45:29","guid":{"rendered":"https:\/\/beyond-skin.ch\/?post_type=product&#038;p=1817"},"modified":"2026-02-18T18:10:23","modified_gmt":"2026-02-18T16:10:23","slug":"collagen-lift-serum","status":"publish","type":"product","link":"https:\/\/beyondskin.nura-kibris.com\/fr\/produkt\/collagen-lift-serum\/","title":{"rendered":"Collagen Lift Serum"},"content":{"rendered":"<p>Das maritime Collagenserum f\u00f6rdert die Zellerneuerung und unterst\u00fctzt den epidermalen Regenerationsprozesse der Haut. Geeignet als begleitende Anwendung nach \u00e4sthetischen Eingriffen.<\/p>\n<p>&#8211; Kann die Zeichen der Hautalterung bek\u00e4mpfen<br \/>\n&#8211; Mildert sichtbar Linien und Falten<br \/>\n&#8211; Unterst\u00fctzt Regeneration erschlaffendes Bindegewebe<br \/>\n&#8211; Verbessert und erh\u00f6ht das Feuchthalteverm\u00f6gen<br \/>\n&#8211; Gibt der Haut Elastizit\u00e4t und Spannkraft zur\u00fcck<\/p>\n<p>Hauptwirkstoffe: Maritimes Collagen, Hyalurons\u00e4ure, Hydrolite-5 green, Vitamin E, Gatuline Skin Repair, Matrixyl, Kombuchka<\/p>\n<p>50 ml<\/p>\n","protected":false},"excerpt":{"rendered":"<p>Aufbau der Haut f\u00fcr ein glatteres Erscheinungsbild.<\/p>\n","protected":false},"featured_media":1819,"comment_status":"open","ping_status":"closed","template":"","meta":[],"product_brand":[40],"product_cat":[118],"product_tag":[155],"class_list":{"0":"post-1817","1":"product","2":"type-product","3":"status-publish","4":"has-post-thumbnail","6":"product_brand-mbr","7":"product_cat-seren","8":"product_tag-anti-aging","10":"first","11":"instock","12":"taxable","13":"shipping-taxable","14":"purchasable","15":"product-type-simple"},"_links":{"self":[{"href":"https:\/\/beyondskin.nura-kibris.com\/fr\/wp-json\/wp\/v2\/product\/1817","targetHints":{"allow":["GET"]}}],"collection":[{"href":"https:\/\/beyondskin.nura-kibris.com\/fr\/wp-json\/wp\/v2\/product"}],"about":[{"href":"https:\/\/beyondskin.nura-kibris.com\/fr\/wp-json\/wp\/v2\/types\/product"}],"replies":[{"embeddable":true,"href":"https:\/\/beyondskin.nura-kibris.com\/fr\/wp-json\/wp\/v2\/comments?post=1817"}],"wp:featuredmedia":[{"embeddable":true,"href":"https:\/\/beyondskin.nura-kibris.com\/fr\/wp-json\/wp\/v2\/media\/1819"}],"wp:attachment":[{"href":"https:\/\/beyondskin.nura-kibris.com\/fr\/wp-json\/wp\/v2\/media?parent=1817"}],"wp:term":[{"taxonomy":"product_brand","embeddable":true,"href":"https:\/\/beyondskin.nura-kibris.com\/fr\/wp-json\/wp\/v2\/product_brand?post=1817"},{"taxonomy":"product_cat","embeddable":true,"href":"https:\/\/beyondskin.nura-kibris.com\/fr\/wp-json\/wp\/v2\/product_cat?post=1817"},{"taxonomy":"product_tag","embeddable":true,"href":"https:\/\/beyondskin.nura-kibris.com\/fr\/wp-json\/wp\/v2\/product_tag?post=1817"}],"curies":[{"name":"wp","href":"https:\/\/api.w.org\/{rel}","templated":true}]}}