{"id":1813,"date":"2025-06-04T14:07:40","date_gmt":"2025-06-04T14:07:40","guid":{"rendered":"https:\/\/beyond-skin.ch\/?post_type=product&#038;p=1813"},"modified":"2026-02-18T18:10:04","modified_gmt":"2026-02-18T16:10:04","slug":"special-filler","status":"publish","type":"product","link":"https:\/\/beyondskin.nura-kibris.com\/fr\/produkt\/special-filler\/","title":{"rendered":"Special Filler"},"content":{"rendered":"<p>Dieser remodellierende und aufpolsternde Anti-Falten Filler verleiht der Haut ein pralleres Aussehen. Bereits nach der ersten Anwendung f\u00fchlt sich die Haut glatter und j\u00fcnger an.<\/p>\n<p>&#8211; Unterst\u00fctzt die Synthese der k\u00f6rpereigenen Hyalurons\u00e4ure<br \/>\n&#8211; Polstert das Hautgewebe wie von innen heraus auf<br \/>\n&#8211; Versorgt die Haut mit Feuchtigkeit und sch\u00fctzt sie vor langfristigem Feuchtigkeitsverlust<\/p>\n<p>Hauptwirkstoffe: ChroNoline\u2122, Gatuline\u00ae Expression, Pentavitin\u00ae, Hydrolite\u00ae 5, Hyalurons\u00e4ure<\/p>\n<p>2x 15 ml<\/p>\n","protected":false},"excerpt":{"rendered":"<p>Spezialserum f\u00fcr eine pralle Haut<\/p>\n","protected":false},"featured_media":1814,"comment_status":"open","ping_status":"closed","template":"","meta":[],"product_brand":[40],"product_cat":[118],"product_tag":[155],"class_list":{"0":"post-1813","1":"product","2":"type-product","3":"status-publish","4":"has-post-thumbnail","6":"product_brand-mbr","7":"product_cat-seren","8":"product_tag-anti-aging","10":"first","11":"instock","12":"taxable","13":"shipping-taxable","14":"purchasable","15":"product-type-simple"},"_links":{"self":[{"href":"https:\/\/beyondskin.nura-kibris.com\/fr\/wp-json\/wp\/v2\/product\/1813","targetHints":{"allow":["GET"]}}],"collection":[{"href":"https:\/\/beyondskin.nura-kibris.com\/fr\/wp-json\/wp\/v2\/product"}],"about":[{"href":"https:\/\/beyondskin.nura-kibris.com\/fr\/wp-json\/wp\/v2\/types\/product"}],"replies":[{"embeddable":true,"href":"https:\/\/beyondskin.nura-kibris.com\/fr\/wp-json\/wp\/v2\/comments?post=1813"}],"wp:featuredmedia":[{"embeddable":true,"href":"https:\/\/beyondskin.nura-kibris.com\/fr\/wp-json\/wp\/v2\/media\/1814"}],"wp:attachment":[{"href":"https:\/\/beyondskin.nura-kibris.com\/fr\/wp-json\/wp\/v2\/media?parent=1813"}],"wp:term":[{"taxonomy":"product_brand","embeddable":true,"href":"https:\/\/beyondskin.nura-kibris.com\/fr\/wp-json\/wp\/v2\/product_brand?post=1813"},{"taxonomy":"product_cat","embeddable":true,"href":"https:\/\/beyondskin.nura-kibris.com\/fr\/wp-json\/wp\/v2\/product_cat?post=1813"},{"taxonomy":"product_tag","embeddable":true,"href":"https:\/\/beyondskin.nura-kibris.com\/fr\/wp-json\/wp\/v2\/product_tag?post=1813"}],"curies":[{"name":"wp","href":"https:\/\/api.w.org\/{rel}","templated":true}]}}