{"id":1786,"date":"2025-06-03T14:15:13","date_gmt":"2025-06-03T14:15:13","guid":{"rendered":"https:\/\/beyond-skin.ch\/?post_type=product&#038;p=1786"},"modified":"2026-02-18T18:08:17","modified_gmt":"2026-02-18T16:08:17","slug":"deep-regenerating-lip-balm","status":"publish","type":"product","link":"https:\/\/beyondskin.nura-kibris.com\/fr\/produkt\/deep-regenerating-lip-balm\/","title":{"rendered":"Deep Regenerating Lip Balm"},"content":{"rendered":"<p>Entdecken Sie den Deep Regenerative Lip Balm von Monika Heiligmann, der Ihre Lippenpflege-Routine ver\u00e4ndern wird. Dieser fortschrittliche Balsam regeneriert und beruhigt die Lippen mit jeder Anwendung und macht sie weich und geschmeidig. Er enth\u00e4lt innovative Wirkstoffe, die die Lippen effektiv reparieren und mit Feuchtigkeit versorgen, w\u00e4hrend sie gleichzeitig vor Trockenheit und Reizungen gesch\u00fctzt werden.<\/p>\n<p>Erleben Sie die transformative Wirkung der Tiefenregeneration f\u00fcr dauerhafte Gesundheit und Ausstrahlung.<\/p>\n<p>Pflege nach dem Auff\u00fcllen der Lippen:<\/p>\n<p>Klinisch validiert als 7-Tage-Post-Lip-Filler und Post-Treatment-Care-L\u00f6sung, pflegt es das Lippenepithel nach Hyalurons\u00e4ure-Lippenbehandlungen und lindert schnell Spannungsgef\u00fchle und Verspannungen.<\/p>\n<p>Erleben Sie das Highlight der Lippenpflege mit Monika Heiligmanns Deep Regenerating Lip Balm &#8211; Ihr Schl\u00fcssel zu nachhaltig gesunden und strahlenden Lippen.<\/p>\n<p>Hauptwirkstoffe: Medilan Ultra\u2122, Propolis Oleoactif\u2122, Cerafluid, Panthenol, Vitamin B5, SQUALANE, Arnika\u00f6l, Moringa-Butter, Verkapseltes Candeia-Bisabolol, Himbeersamen\u00f6l<\/p>\n<p>2 ml<\/p>\n","protected":false},"excerpt":{"rendered":"<p><strong>Deep Regenerating Lip Balm: <\/strong><strong>For at-home and post-treatment use.<\/strong><\/p>\n<p>Regeneration der Lippen: Beschleunigt die Regeneration von gesch\u00e4digten und gereizten Lippen.<\/p>\n<p>Lippenbefeuchtung &amp; Schutz: Hilft, die sch\u00fctzende Lipidbarriere der Lippen wieder aufzubauen und verhindert den Wasserverlust. Die Lippen sehen von der ersten Anwendung an ges\u00fcnder und hydratisiert aus.<\/p>\n<p>Kann als Nachf\u00fcllbehandlung verwendet werden: F\u00f6rdert die Regeneration von besch\u00e4digten oder geschwollenen Lippen nach \u00e4sthetischen Behandlungen.<\/p>\n<p>Speziell f\u00fcr empfindliche Haut: Bringt sofortige Linderung bei rissigen, spr\u00f6den und trockenen Lippen.<\/p>\n","protected":false},"featured_media":1791,"comment_status":"open","ping_status":"closed","template":"","meta":[],"product_brand":[46],"product_cat":[121],"product_tag":[161],"class_list":{"0":"post-1786","1":"product","2":"type-product","3":"status-publish","4":"has-post-thumbnail","6":"product_brand-monika-heiligmann-paris","7":"product_cat-lippenpflege","8":"product_tag-lippen","9":"product_shipping_class-nur-ch-li","11":"first","12":"instock","13":"taxable","14":"shipping-taxable","15":"purchasable","16":"product-type-simple"},"_links":{"self":[{"href":"https:\/\/beyondskin.nura-kibris.com\/fr\/wp-json\/wp\/v2\/product\/1786","targetHints":{"allow":["GET"]}}],"collection":[{"href":"https:\/\/beyondskin.nura-kibris.com\/fr\/wp-json\/wp\/v2\/product"}],"about":[{"href":"https:\/\/beyondskin.nura-kibris.com\/fr\/wp-json\/wp\/v2\/types\/product"}],"replies":[{"embeddable":true,"href":"https:\/\/beyondskin.nura-kibris.com\/fr\/wp-json\/wp\/v2\/comments?post=1786"}],"wp:featuredmedia":[{"embeddable":true,"href":"https:\/\/beyondskin.nura-kibris.com\/fr\/wp-json\/wp\/v2\/media\/1791"}],"wp:attachment":[{"href":"https:\/\/beyondskin.nura-kibris.com\/fr\/wp-json\/wp\/v2\/media?parent=1786"}],"wp:term":[{"taxonomy":"product_brand","embeddable":true,"href":"https:\/\/beyondskin.nura-kibris.com\/fr\/wp-json\/wp\/v2\/product_brand?post=1786"},{"taxonomy":"product_cat","embeddable":true,"href":"https:\/\/beyondskin.nura-kibris.com\/fr\/wp-json\/wp\/v2\/product_cat?post=1786"},{"taxonomy":"product_tag","embeddable":true,"href":"https:\/\/beyondskin.nura-kibris.com\/fr\/wp-json\/wp\/v2\/product_tag?post=1786"}],"curies":[{"name":"wp","href":"https:\/\/api.w.org\/{rel}","templated":true}]}}