{"id":1723,"date":"2025-06-03T12:36:55","date_gmt":"2025-06-03T12:36:55","guid":{"rendered":"https:\/\/beyond-skin.ch\/?post_type=product&#038;p=1723"},"modified":"2026-02-18T18:07:33","modified_gmt":"2026-02-18T16:07:33","slug":"overnight-refiner","status":"publish","type":"product","link":"https:\/\/beyondskin.nura-kibris.com\/fr\/produkt\/overnight-refiner\/","title":{"rendered":"Overnight Refiner"},"content":{"rendered":"<p>Das tiefenwirksame Hautbildverfeinerungsgel auf der Basis von Frucht- und Glycols\u00e4ure verleiht auch sensibler und reizanf\u00e4lliger Haut eine bemerkenswert ebenm\u00e4ssige Struktur.<\/p>\n<p>&#8211; Verfeinert die Hautstruktur<br \/>\n&#8211; Regt die Zellneubildung an<br \/>\n&#8211; Reduziert Linien und Falten<br \/>\n&#8211; Die Haut erscheint ebenm\u00e4\u00dfiger und klarer<br \/>\n&#8211; Optimiert die Aufnahmef\u00e4higkeit der Haut f\u00fcr nachfolgende Produkte<\/p>\n<p>Hauptwirkstoffe: SkinPerf LWG (Glycols\u00e4ure\/Milchs\u00e4ure\/Zitruss\u00e4ure\/Xanthan Gum\/Sodium Magnesium Silicate),<br \/>\nGrapefruitextrakt, Allantoin, Coco-Glucoside, Vitamin E<\/p>\n<p>50 ml<\/p>\n","protected":false},"excerpt":{"rendered":"<p><strong>Der tiefenwirksame Hautverfeinerer<\/strong><\/p>\n","protected":false},"featured_media":1737,"comment_status":"open","ping_status":"closed","template":"","meta":[],"product_brand":[40],"product_cat":[115],"product_tag":[159,155],"class_list":{"0":"post-1723","1":"product","2":"type-product","3":"status-publish","4":"has-post-thumbnail","6":"product_brand-mbr","7":"product_cat-peelings-fruchtsaeuren","8":"product_tag-akne-unreine-haut-poren","9":"product_tag-anti-aging","11":"first","12":"instock","13":"taxable","14":"shipping-taxable","15":"purchasable","16":"product-type-simple"},"_links":{"self":[{"href":"https:\/\/beyondskin.nura-kibris.com\/fr\/wp-json\/wp\/v2\/product\/1723","targetHints":{"allow":["GET"]}}],"collection":[{"href":"https:\/\/beyondskin.nura-kibris.com\/fr\/wp-json\/wp\/v2\/product"}],"about":[{"href":"https:\/\/beyondskin.nura-kibris.com\/fr\/wp-json\/wp\/v2\/types\/product"}],"replies":[{"embeddable":true,"href":"https:\/\/beyondskin.nura-kibris.com\/fr\/wp-json\/wp\/v2\/comments?post=1723"}],"wp:featuredmedia":[{"embeddable":true,"href":"https:\/\/beyondskin.nura-kibris.com\/fr\/wp-json\/wp\/v2\/media\/1737"}],"wp:attachment":[{"href":"https:\/\/beyondskin.nura-kibris.com\/fr\/wp-json\/wp\/v2\/media?parent=1723"}],"wp:term":[{"taxonomy":"product_brand","embeddable":true,"href":"https:\/\/beyondskin.nura-kibris.com\/fr\/wp-json\/wp\/v2\/product_brand?post=1723"},{"taxonomy":"product_cat","embeddable":true,"href":"https:\/\/beyondskin.nura-kibris.com\/fr\/wp-json\/wp\/v2\/product_cat?post=1723"},{"taxonomy":"product_tag","embeddable":true,"href":"https:\/\/beyondskin.nura-kibris.com\/fr\/wp-json\/wp\/v2\/product_tag?post=1723"}],"curies":[{"name":"wp","href":"https:\/\/api.w.org\/{rel}","templated":true}]}}