{"id":1702,"date":"2025-06-03T12:23:02","date_gmt":"2025-06-03T12:23:02","guid":{"rendered":"https:\/\/beyond-skin.ch\/?post_type=product&#038;p=1702"},"modified":"2026-02-18T15:55:06","modified_gmt":"2026-02-18T13:55:06","slug":"starter-facial-booster","status":"publish","type":"product","link":"https:\/\/beyondskin.nura-kibris.com\/fr\/produkt\/starter-facial-booster\/","title":{"rendered":"Starter Facial Booster"},"content":{"rendered":"<p>Spezialprodukt f\u00fcr eine intensive Stimulation der Gesichtshaut. Die ausgewogene Zusammensetzung von ausgleichenden Pflanzenextrakten und Boostingwirkstoffen st\u00e4rkt auf sanfte Weise das Hautgewebe und festigt die Konturen. Die nat\u00fcrlichen Hautfunktionen werden unterst\u00fctzt, die Haut erscheint glatter und straffer.<\/p>\n<p>&#8211; Gibt der Haut einen sofortigen \u201eFrische-Kick\u201c<br \/>\n&#8211; Belebt, festigt und weckt m\u00fcde Haut<br \/>\n&#8211; Reduziert Knitterf\u00e4ltchen<br \/>\n&#8211; Verleiht der Haut neue Energie<br \/>\n&#8211; Reguliert und f\u00f6rdert den Feuchtigkeitsgehalt der Haut<br \/>\n&#8211; Verleiht matter Haut ein frisches und ges\u00fcnderes Aussehen<\/p>\n<p>Hauptwirkstoffe: Hydrolite\u00ae 5, Hyalurons\u00e4ure, hydrolysierte Hyalurons\u00e4ure, Urea, Acmella oleracea, Pentavitin\u00ae,<br \/>\nMBR\u00ae Komplex mit Panthenol, K\u00fcstenkamille, Gr\u00fcner Tee, Rosmarin, Centella Asiatica, S\u00fc\u00dfholzwurzel<\/p>\n<p>150 ml<\/p>\n","protected":false},"excerpt":{"rendered":"<p><strong>Der intensive Frischekick<\/strong><\/p>\n","protected":false},"featured_media":1734,"comment_status":"open","ping_status":"closed","template":"","meta":[],"product_brand":[40],"product_cat":[116],"product_tag":[155,158,160],"class_list":{"0":"post-1702","1":"product","2":"type-product","3":"status-publish","4":"has-post-thumbnail","6":"product_brand-mbr","7":"product_cat-toner","8":"product_tag-anti-aging","9":"product_tag-pigmentierung","10":"product_tag-trockene-haut","12":"first","13":"instock","14":"taxable","15":"shipping-taxable","16":"purchasable","17":"product-type-simple"},"_links":{"self":[{"href":"https:\/\/beyondskin.nura-kibris.com\/fr\/wp-json\/wp\/v2\/product\/1702","targetHints":{"allow":["GET"]}}],"collection":[{"href":"https:\/\/beyondskin.nura-kibris.com\/fr\/wp-json\/wp\/v2\/product"}],"about":[{"href":"https:\/\/beyondskin.nura-kibris.com\/fr\/wp-json\/wp\/v2\/types\/product"}],"replies":[{"embeddable":true,"href":"https:\/\/beyondskin.nura-kibris.com\/fr\/wp-json\/wp\/v2\/comments?post=1702"}],"wp:featuredmedia":[{"embeddable":true,"href":"https:\/\/beyondskin.nura-kibris.com\/fr\/wp-json\/wp\/v2\/media\/1734"}],"wp:attachment":[{"href":"https:\/\/beyondskin.nura-kibris.com\/fr\/wp-json\/wp\/v2\/media?parent=1702"}],"wp:term":[{"taxonomy":"product_brand","embeddable":true,"href":"https:\/\/beyondskin.nura-kibris.com\/fr\/wp-json\/wp\/v2\/product_brand?post=1702"},{"taxonomy":"product_cat","embeddable":true,"href":"https:\/\/beyondskin.nura-kibris.com\/fr\/wp-json\/wp\/v2\/product_cat?post=1702"},{"taxonomy":"product_tag","embeddable":true,"href":"https:\/\/beyondskin.nura-kibris.com\/fr\/wp-json\/wp\/v2\/product_tag?post=1702"}],"curies":[{"name":"wp","href":"https:\/\/api.w.org\/{rel}","templated":true}]}}