{"id":4494,"date":"2024-01-11T13:36:52","date_gmt":"2024-01-11T11:36:52","guid":{"rendered":"https:\/\/beyond-skin.ch\/emplacement\/"},"modified":"2025-11-07T13:17:40","modified_gmt":"2025-11-07T11:17:40","slug":"emplacement","status":"publish","type":"page","link":"https:\/\/beyondskin.nura-kibris.com\/fr\/emplacement\/","title":{"rendered":"Emplacement"},"content":{"rendered":"\t\t<div data-elementor-type=\"wp-page\" data-elementor-id=\"4494\" class=\"elementor elementor-4494 elementor-318\" data-elementor-post-type=\"page\">\n\t\t\t\t\t\t<section class=\"elementor-section elementor-top-section elementor-element elementor-element-8943f8c elementor-section-height-min-height elementor-section-boxed elementor-section-height-default elementor-section-items-middle\" data-id=\"8943f8c\" data-element_type=\"section\" data-e-type=\"section\" data-settings=\"{&quot;background_background&quot;:&quot;classic&quot;}\">\n\t\t\t\t\t\t<div class=\"elementor-container elementor-column-gap-default\">\n\t\t\t\t\t<div class=\"elementor-column elementor-col-100 elementor-top-column elementor-element elementor-element-9e28a11\" data-id=\"9e28a11\" data-element_type=\"column\" data-e-type=\"column\">\n\t\t\t<div class=\"elementor-widget-wrap elementor-element-populated\">\n\t\t\t\t\t\t<div class=\"elementor-element elementor-element-4fd3d2b elementor-invisible elementor-widget elementor-widget-heading\" data-id=\"4fd3d2b\" data-element_type=\"widget\" data-e-type=\"widget\" data-settings=\"{&quot;_animation&quot;:&quot;fadeInUp&quot;}\" data-widget_type=\"heading.default\">\n\t\t\t\t<div class=\"elementor-widget-container\">\n\t\t\t\t\t<h1 class=\"elementor-heading-title elementor-size-default\">EMPLACEMENT<\/h1>\t\t\t\t<\/div>\n\t\t\t\t<\/div>\n\t\t\t\t\t<\/div>\n\t\t<\/div>\n\t\t\t\t\t<\/div>\n\t\t<\/section>\n\t\t\t\t<section class=\"elementor-section elementor-top-section elementor-element elementor-element-026f5fc elementor-section-height-min-height elementor-section-items-stretch elementor-section-content-middle elementor-reverse-mobile elementor-section-boxed elementor-section-height-default\" data-id=\"026f5fc\" data-element_type=\"section\" data-e-type=\"section\">\n\t\t\t\t\t\t<div class=\"elementor-container elementor-column-gap-no\">\n\t\t\t\t\t<div class=\"elementor-column elementor-col-100 elementor-top-column elementor-element elementor-element-71ad5a5\" data-id=\"71ad5a5\" data-element_type=\"column\" data-e-type=\"column\" data-settings=\"{&quot;background_background&quot;:&quot;classic&quot;,&quot;background_motion_fx_motion_fx_scrolling&quot;:&quot;yes&quot;,&quot;background_motion_fx_scale_effect&quot;:&quot;yes&quot;,&quot;background_motion_fx_scale_direction&quot;:&quot;in-out&quot;,&quot;background_motion_fx_scale_speed&quot;:{&quot;unit&quot;:&quot;px&quot;,&quot;size&quot;:4,&quot;sizes&quot;:[]},&quot;background_motion_fx_scale_range&quot;:{&quot;unit&quot;:&quot;%&quot;,&quot;size&quot;:&quot;&quot;,&quot;sizes&quot;:{&quot;start&quot;:20,&quot;end&quot;:80}},&quot;background_motion_fx_devices&quot;:[&quot;desktop&quot;,&quot;tablet&quot;,&quot;mobile&quot;]}\">\n\t\t\t<div class=\"elementor-widget-wrap elementor-element-populated\">\n\t\t\t\t\t\t<div class=\"elementor-element elementor-element-7ebccf7 elementor-widget elementor-widget-spacer\" data-id=\"7ebccf7\" data-element_type=\"widget\" data-e-type=\"widget\" data-widget_type=\"spacer.default\">\n\t\t\t\t<div class=\"elementor-widget-container\">\n\t\t\t\t\t\t\t<div class=\"elementor-spacer\">\n\t\t\t<div class=\"elementor-spacer-inner\"><\/div>\n\t\t<\/div>\n\t\t\t\t\t\t<\/div>\n\t\t\t\t<\/div>\n\t\t\t\t<div class=\"elementor-element elementor-element-fb02ad7 elementor-widget elementor-widget-gallery\" data-id=\"fb02ad7\" data-element_type=\"widget\" data-e-type=\"widget\" data-settings=\"{&quot;columns&quot;:3,&quot;columns_mobile&quot;:2,&quot;gap&quot;:{&quot;unit&quot;:&quot;px&quot;,&quot;size&quot;:26,&quot;sizes&quot;:[]},&quot;background_overlay_hover_animation&quot;:&quot;enter-zoom-in&quot;,&quot;lazyload&quot;:&quot;yes&quot;,&quot;gallery_layout&quot;:&quot;grid&quot;,&quot;columns_tablet&quot;:2,&quot;gap_tablet&quot;:{&quot;unit&quot;:&quot;px&quot;,&quot;size&quot;:10,&quot;sizes&quot;:[]},&quot;gap_mobile&quot;:{&quot;unit&quot;:&quot;px&quot;,&quot;size&quot;:10,&quot;sizes&quot;:[]},&quot;link_to&quot;:&quot;file&quot;,&quot;aspect_ratio&quot;:&quot;3:2&quot;,&quot;overlay_background&quot;:&quot;yes&quot;,&quot;content_hover_animation&quot;:&quot;fade-in&quot;}\" data-widget_type=\"gallery.default\">\n\t\t\t\t<div class=\"elementor-widget-container\">\n\t\t\t\t\t\t\t<div class=\"elementor-gallery__container\">\n\t\t\t\t\t<\/div>\n\t\t\t\t\t<\/div>\n\t\t\t\t<\/div>\n\t\t\t\t<div class=\"elementor-element elementor-element-6a623d3 elementor-widget elementor-widget-gallery\" data-id=\"6a623d3\" data-element_type=\"widget\" data-e-type=\"widget\" data-settings=\"{&quot;columns&quot;:3,&quot;gap&quot;:{&quot;unit&quot;:&quot;px&quot;,&quot;size&quot;:44,&quot;sizes&quot;:[]},&quot;lazyload&quot;:&quot;yes&quot;,&quot;gallery_layout&quot;:&quot;grid&quot;,&quot;columns_tablet&quot;:2,&quot;columns_mobile&quot;:1,&quot;gap_tablet&quot;:{&quot;unit&quot;:&quot;px&quot;,&quot;size&quot;:10,&quot;sizes&quot;:[]},&quot;gap_mobile&quot;:{&quot;unit&quot;:&quot;px&quot;,&quot;size&quot;:10,&quot;sizes&quot;:[]},&quot;link_to&quot;:&quot;file&quot;,&quot;aspect_ratio&quot;:&quot;3:2&quot;,&quot;content_hover_animation&quot;:&quot;fade-in&quot;}\" data-widget_type=\"gallery.default\">\n\t\t\t\t<div class=\"elementor-widget-container\">\n\t\t\t\t\t\t\t<div class=\"elementor-gallery__container\">\n\t\t\t\t\t\t\t<a class=\"e-gallery-item elementor-gallery-item elementor-animated-content\" href=\"https:\/\/beyondskin.nura-kibris.com\/wp-content\/uploads\/2025\/09\/beyondskin-holistic-medspa-zurich-location-2.jpg\" data-elementor-open-lightbox=\"yes\" data-elementor-lightbox-slideshow=\"6a623d3\" data-elementor-lightbox-title=\"BEYONDSKIN Holistic Medspa Lieu\" data-e-action-hash=\"#elementor-action%3Aaction%3Dlightbox%26settings%3DeyJpZCI6NDQ5NywidXJsIjoiaHR0cHM6XC9cL2JleW9uZHNraW4ubnVyYS1raWJyaXMuY29tXC93cC1jb250ZW50XC91cGxvYWRzXC8yMDI1XC8wOVwvYmV5b25kc2tpbi1ob2xpc3RpYy1tZWRzcGEtenVyaWNoLWxvY2F0aW9uLTIuanBnIiwic2xpZGVzaG93IjoiNmE2MjNkMyJ9\">\n\t\t\t\t\t<div class=\"e-gallery-image elementor-gallery-item__image\" data-thumbnail=\"https:\/\/beyondskin.nura-kibris.com\/wp-content\/uploads\/2025\/09\/beyondskin-holistic-medspa-zurich-location-2-550x550.jpg\" data-width=\"550\" data-height=\"550\" aria-label=\"R\u00e9ception et point d&#039;accueil chez BEYONDSKIN Holistic Medspa Zurich\" role=\"img\" ><\/div>\n\t\t\t\t\t\t\t\t\t\t\t\t\t\t<\/a>\n\t\t\t\t\t\t\t<a class=\"e-gallery-item elementor-gallery-item elementor-animated-content\" href=\"https:\/\/beyondskin.nura-kibris.com\/wp-content\/uploads\/2025\/09\/beyondskin-holistic-medspa-zurich-location-1.jpg\" data-elementor-open-lightbox=\"yes\" data-elementor-lightbox-slideshow=\"6a623d3\" data-elementor-lightbox-title=\"BEYONDSKIN Holistic Medspa Lieu\" data-e-action-hash=\"#elementor-action%3Aaction%3Dlightbox%26settings%3DeyJpZCI6NDQ5OCwidXJsIjoiaHR0cHM6XC9cL2JleW9uZHNraW4ubnVyYS1raWJyaXMuY29tXC93cC1jb250ZW50XC91cGxvYWRzXC8yMDI1XC8wOVwvYmV5b25kc2tpbi1ob2xpc3RpYy1tZWRzcGEtenVyaWNoLWxvY2F0aW9uLTEuanBnIiwic2xpZGVzaG93IjoiNmE2MjNkMyJ9\">\n\t\t\t\t\t<div class=\"e-gallery-image elementor-gallery-item__image\" data-thumbnail=\"https:\/\/beyondskin.nura-kibris.com\/wp-content\/uploads\/2025\/09\/beyondskin-holistic-medspa-zurich-location-1-550x550.jpg\" data-width=\"550\" data-height=\"550\" aria-label=\"R\u00e9ception et salon chez BEYONDSKIN Holistic Medspa Zurich\" role=\"img\" ><\/div>\n\t\t\t\t\t\t\t\t\t\t\t\t\t\t<\/a>\n\t\t\t\t\t\t\t<a class=\"e-gallery-item elementor-gallery-item elementor-animated-content\" href=\"https:\/\/beyondskin.nura-kibris.com\/wp-content\/uploads\/2025\/09\/beyondskin-holistic-medspa-zurich-location-9.jpg\" data-elementor-open-lightbox=\"yes\" data-elementor-lightbox-slideshow=\"6a623d3\" data-elementor-lightbox-title=\"BEYONDSKIN Holistic Medspa Lieu\" data-e-action-hash=\"#elementor-action%3Aaction%3Dlightbox%26settings%3DeyJpZCI6NDE0OCwidXJsIjoiaHR0cHM6XC9cL2JleW9uZHNraW4ubnVyYS1raWJyaXMuY29tXC93cC1jb250ZW50XC91cGxvYWRzXC8yMDI1XC8wOVwvYmV5b25kc2tpbi1ob2xpc3RpYy1tZWRzcGEtenVyaWNoLWxvY2F0aW9uLTkuanBnIiwic2xpZGVzaG93IjoiNmE2MjNkMyJ9\">\n\t\t\t\t\t<div class=\"e-gallery-image elementor-gallery-item__image\" data-thumbnail=\"https:\/\/beyondskin.nura-kibris.com\/wp-content\/uploads\/2025\/09\/beyondskin-holistic-medspa-zurich-location-9-550x550.jpg\" data-width=\"550\" data-height=\"550\" aria-label=\"BEYONDSKIN Lieu\" role=\"img\" ><\/div>\n\t\t\t\t\t\t\t\t\t\t\t\t\t\t<\/a>\n\t\t\t\t\t\t\t<a class=\"e-gallery-item elementor-gallery-item elementor-animated-content\" href=\"https:\/\/beyondskin.nura-kibris.com\/wp-content\/uploads\/2025\/09\/beyondskin-holistic-medspa-zurich-location-3.jpg\" data-elementor-open-lightbox=\"yes\" data-elementor-lightbox-slideshow=\"6a623d3\" data-elementor-lightbox-title=\"BEYONDSKIN Holistic Medspa Lieu\" data-e-action-hash=\"#elementor-action%3Aaction%3Dlightbox%26settings%3DeyJpZCI6NDQ5OSwidXJsIjoiaHR0cHM6XC9cL2JleW9uZHNraW4ubnVyYS1raWJyaXMuY29tXC93cC1jb250ZW50XC91cGxvYWRzXC8yMDI1XC8wOVwvYmV5b25kc2tpbi1ob2xpc3RpYy1tZWRzcGEtenVyaWNoLWxvY2F0aW9uLTMuanBnIiwic2xpZGVzaG93IjoiNmE2MjNkMyJ9\">\n\t\t\t\t\t<div class=\"e-gallery-image elementor-gallery-item__image\" data-thumbnail=\"https:\/\/beyondskin.nura-kibris.com\/wp-content\/uploads\/2025\/09\/beyondskin-holistic-medspa-zurich-location-3-550x550.jpg\" data-width=\"550\" data-height=\"550\" aria-label=\"Salle de soins chez BEYONDSKIN avec vue sur Zurich\" role=\"img\" ><\/div>\n\t\t\t\t\t\t\t\t\t\t\t\t\t\t<\/a>\n\t\t\t\t\t\t\t<a class=\"e-gallery-item elementor-gallery-item elementor-animated-content\" href=\"https:\/\/beyondskin.nura-kibris.com\/wp-content\/uploads\/2025\/09\/beyondskin-holistic-medspa-zurich-location-4.jpg\" data-elementor-open-lightbox=\"yes\" data-elementor-lightbox-slideshow=\"6a623d3\" data-elementor-lightbox-title=\"BEYONDSKIN Holistic Medspa Lieu\" data-e-action-hash=\"#elementor-action%3Aaction%3Dlightbox%26settings%3DeyJpZCI6NDUwMCwidXJsIjoiaHR0cHM6XC9cL2JleW9uZHNraW4ubnVyYS1raWJyaXMuY29tXC93cC1jb250ZW50XC91cGxvYWRzXC8yMDI1XC8wOVwvYmV5b25kc2tpbi1ob2xpc3RpYy1tZWRzcGEtenVyaWNoLWxvY2F0aW9uLTQuanBnIiwic2xpZGVzaG93IjoiNmE2MjNkMyJ9\">\n\t\t\t\t\t<div class=\"e-gallery-image elementor-gallery-item__image\" data-thumbnail=\"https:\/\/beyondskin.nura-kibris.com\/wp-content\/uploads\/2025\/09\/beyondskin-holistic-medspa-zurich-location-4-550x550.jpg\" data-width=\"550\" data-height=\"550\" aria-label=\"Salle de soins chez BEYONDSKIN avec vue sur Zurich\" role=\"img\" ><\/div>\n\t\t\t\t\t\t\t\t\t\t\t\t\t\t<\/a>\n\t\t\t\t\t\t\t<a class=\"e-gallery-item elementor-gallery-item elementor-animated-content\" href=\"https:\/\/beyondskin.nura-kibris.com\/wp-content\/uploads\/2025\/09\/beyondskin-holistic-medspa-zurich-location-5.jpg\" data-elementor-open-lightbox=\"yes\" data-elementor-lightbox-slideshow=\"6a623d3\" data-elementor-lightbox-title=\"BEYONDSKIN Holistic Medspa Lieu\" data-e-action-hash=\"#elementor-action%3Aaction%3Dlightbox%26settings%3DeyJpZCI6NDUwMSwidXJsIjoiaHR0cHM6XC9cL2JleW9uZHNraW4ubnVyYS1raWJyaXMuY29tXC93cC1jb250ZW50XC91cGxvYWRzXC8yMDI1XC8wOVwvYmV5b25kc2tpbi1ob2xpc3RpYy1tZWRzcGEtenVyaWNoLWxvY2F0aW9uLTUuanBnIiwic2xpZGVzaG93IjoiNmE2MjNkMyJ9\">\n\t\t\t\t\t<div class=\"e-gallery-image elementor-gallery-item__image\" data-thumbnail=\"https:\/\/beyondskin.nura-kibris.com\/wp-content\/uploads\/2025\/09\/beyondskin-holistic-medspa-zurich-location-5-550x550.jpg\" data-width=\"550\" data-height=\"550\" aria-label=\"Salle de soins chez BEYONDSKIN avec vue sur le foyer\" role=\"img\" ><\/div>\n\t\t\t\t\t\t\t\t\t\t\t\t\t\t<\/a>\n\t\t\t\t\t\t\t<a class=\"e-gallery-item elementor-gallery-item elementor-animated-content\" href=\"https:\/\/beyondskin.nura-kibris.com\/wp-content\/uploads\/2025\/09\/beyondskin-holistic-medspa-zurich-location-6.jpg\" data-elementor-open-lightbox=\"yes\" data-elementor-lightbox-slideshow=\"6a623d3\" data-elementor-lightbox-title=\"BEYONDSKIN Holistic Medspa Lieu\" data-e-action-hash=\"#elementor-action%3Aaction%3Dlightbox%26settings%3DeyJpZCI6NDUwMiwidXJsIjoiaHR0cHM6XC9cL2JleW9uZHNraW4ubnVyYS1raWJyaXMuY29tXC93cC1jb250ZW50XC91cGxvYWRzXC8yMDI1XC8wOVwvYmV5b25kc2tpbi1ob2xpc3RpYy1tZWRzcGEtenVyaWNoLWxvY2F0aW9uLTYuanBnIiwic2xpZGVzaG93IjoiNmE2MjNkMyJ9\">\n\t\t\t\t\t<div class=\"e-gallery-image elementor-gallery-item__image\" data-thumbnail=\"https:\/\/beyondskin.nura-kibris.com\/wp-content\/uploads\/2025\/09\/beyondskin-holistic-medspa-zurich-location-6-550x550.jpg\" data-width=\"550\" data-height=\"550\" aria-label=\"Oasis de bien-\u00eatre pour les soins du visage et du corps chez BEYONDSKIN\" role=\"img\" ><\/div>\n\t\t\t\t\t\t\t\t\t\t\t\t\t\t<\/a>\n\t\t\t\t\t\t\t<a class=\"e-gallery-item elementor-gallery-item elementor-animated-content\" href=\"https:\/\/beyondskin.nura-kibris.com\/wp-content\/uploads\/2025\/09\/beyondskin-holistic-medspa-zurich-location-8.jpg\" data-elementor-open-lightbox=\"yes\" data-elementor-lightbox-slideshow=\"6a623d3\" data-elementor-lightbox-title=\"BEYONDSKIN Holistic Medspa Lieu\" data-e-action-hash=\"#elementor-action%3Aaction%3Dlightbox%26settings%3DeyJpZCI6NDUwMywidXJsIjoiaHR0cHM6XC9cL2JleW9uZHNraW4ubnVyYS1raWJyaXMuY29tXC93cC1jb250ZW50XC91cGxvYWRzXC8yMDI1XC8wOVwvYmV5b25kc2tpbi1ob2xpc3RpYy1tZWRzcGEtenVyaWNoLWxvY2F0aW9uLTguanBnIiwic2xpZGVzaG93IjoiNmE2MjNkMyJ9\">\n\t\t\t\t\t<div class=\"e-gallery-image elementor-gallery-item__image\" data-thumbnail=\"https:\/\/beyondskin.nura-kibris.com\/wp-content\/uploads\/2025\/09\/beyondskin-holistic-medspa-zurich-location-8-550x550.jpg\" data-width=\"550\" data-height=\"550\" aria-label=\"L&#039;esth\u00e9tique douce rencontre une ambiance de bien-\u00eatre\" role=\"img\" ><\/div>\n\t\t\t\t\t\t\t\t\t\t\t\t\t\t<\/a>\n\t\t\t\t\t\t\t<a class=\"e-gallery-item elementor-gallery-item elementor-animated-content\" href=\"https:\/\/beyondskin.nura-kibris.com\/wp-content\/uploads\/2025\/09\/beyondskin-holistic-medspa-zurich-location-7.jpg\" data-elementor-open-lightbox=\"yes\" data-elementor-lightbox-slideshow=\"6a623d3\" data-elementor-lightbox-title=\"BEYONDSKIN Holistic Medspa Lieu\" data-e-action-hash=\"#elementor-action%3Aaction%3Dlightbox%26settings%3DeyJpZCI6NDQ1NiwidXJsIjoiaHR0cHM6XC9cL2JleW9uZHNraW4ubnVyYS1raWJyaXMuY29tXC93cC1jb250ZW50XC91cGxvYWRzXC8yMDI1XC8wOVwvYmV5b25kc2tpbi1ob2xpc3RpYy1tZWRzcGEtenVyaWNoLWxvY2F0aW9uLTcuanBnIiwic2xpZGVzaG93IjoiNmE2MjNkMyJ9\">\n\t\t\t\t\t<div class=\"e-gallery-image elementor-gallery-item__image\" data-thumbnail=\"https:\/\/beyondskin.nura-kibris.com\/wp-content\/uploads\/2025\/09\/beyondskin-holistic-medspa-zurich-location-7-550x550.jpg\" data-width=\"550\" data-height=\"550\" aria-label=\"Rituels exclusifs pour le visage et le corps chez BEYONDSKIN\" role=\"img\" ><\/div>\n\t\t\t\t\t\t\t\t\t\t\t\t\t\t<\/a>\n\t\t\t\t\t<\/div>\n\t\t\t\t\t<\/div>\n\t\t\t\t<\/div>\n\t\t\t\t\t<\/div>\n\t\t<\/div>\n\t\t\t\t\t<\/div>\n\t\t<\/section>\n\t\t\t\t<section class=\"elementor-section elementor-top-section elementor-element elementor-element-b0c4df7 elementor-section-height-min-height elementor-section-items-stretch elementor-section-content-middle elementor-reverse-mobile elementor-section-boxed elementor-section-height-default\" data-id=\"b0c4df7\" data-element_type=\"section\" data-e-type=\"section\">\n\t\t\t\t\t\t<div class=\"elementor-container elementor-column-gap-no\">\n\t\t\t\t\t<div class=\"elementor-column elementor-col-100 elementor-top-column elementor-element elementor-element-25b2c24\" data-id=\"25b2c24\" data-element_type=\"column\" data-e-type=\"column\">\n\t\t\t<div class=\"elementor-widget-wrap elementor-element-populated\">\n\t\t\t\t\t\t<div class=\"elementor-element elementor-element-b0f179b elementor-invisible elementor-widget elementor-widget-heading\" data-id=\"b0f179b\" data-element_type=\"widget\" data-e-type=\"widget\" data-settings=\"{&quot;_animation&quot;:&quot;fadeInUp&quot;}\" data-widget_type=\"heading.default\">\n\t\t\t\t<div class=\"elementor-widget-container\">\n\t\t\t\t\t<h2 class=\"elementor-heading-title elementor-size-default\">BEYONDSKIN Holistic Medspa \u00e0 Zurich<\/h2>\t\t\t\t<\/div>\n\t\t\t\t<\/div>\n\t\t\t\t<div class=\"elementor-element elementor-element-aa9f794 elementor-widget elementor-widget-text-editor\" data-id=\"aa9f794\" data-element_type=\"widget\" data-e-type=\"widget\" data-widget_type=\"text-editor.default\">\n\t\t\t\t<div class=\"elementor-widget-container\">\n\t\t\t\t\t\t\t\t\t<p>D\u00e9couvrez une nouvelle dimension des soins de la peau haut de gamme dans notre <strong data-start=\"601\" data-end=\"644\">penthouse exclusif situ\u00e9 Freigutstrasse, Zurich<\/strong>. Chez BEYONDSKIN, nous combinons l&rsquo;expertise m\u00e9dicale avec la relaxation holistique &#8211; pour votre bien-\u00eatre personnel et une peau \u00e9clatante. <\/p>\t\t\t\t\t\t\t\t<\/div>\n\t\t\t\t<\/div>\n\t\t\t\t<div class=\"elementor-element elementor-element-bbdd42a elementor-invisible elementor-widget elementor-widget-heading\" data-id=\"bbdd42a\" data-element_type=\"widget\" data-e-type=\"widget\" data-settings=\"{&quot;_animation&quot;:&quot;fadeInUp&quot;}\" data-widget_type=\"heading.default\">\n\t\t\t\t<div class=\"elementor-widget-container\">\n\t\t\t\t\t<h2 class=\"elementor-heading-title elementor-size-default\">Bien-\u00eatre au plus haut niveau<\/h2>\t\t\t\t<\/div>\n\t\t\t\t<\/div>\n\t\t\t\t<div class=\"elementor-element elementor-element-29419b3 elementor-widget elementor-widget-text-editor\" data-id=\"29419b3\" data-element_type=\"widget\" data-e-type=\"widget\" data-widget_type=\"text-editor.default\">\n\t\t\t\t<div class=\"elementor-widget-container\">\n\t\t\t\t\t\t\t\t\t<p>\u00c9vadez-vous du quotidien et plongez dans un monde de calme et de d\u00e9tente. Dans notre \u00e9l\u00e9gant <strong data-start=\"940\" data-end=\"959\">Holistic Medspa<\/strong>, des <strong data-start=\"985\" data-end=\"1024\">rituels de bien-\u00eatre pour le corps, l&rsquo;esprit et l&rsquo;\u00e2me<\/strong> vous attendent. Profitez d&rsquo;une relaxation profonde et durable et offrez-vous une pr\u00e9cieuse pause pleine de l\u00e9g\u00e8ret\u00e9.  <\/p>\t\t\t\t\t\t\t\t<\/div>\n\t\t\t\t<\/div>\n\t\t\t\t<div class=\"elementor-element elementor-element-6735eeb elementor-invisible elementor-widget elementor-widget-heading\" data-id=\"6735eeb\" data-element_type=\"widget\" data-e-type=\"widget\" data-settings=\"{&quot;_animation&quot;:&quot;fadeInUp&quot;}\" data-widget_type=\"heading.default\">\n\t\t\t\t<div class=\"elementor-widget-container\">\n\t\t\t\t\t<h2 class=\"elementor-heading-title elementor-size-default\">L'excellence dans les soins de la peau et les traitements<\/h2>\t\t\t\t<\/div>\n\t\t\t\t<\/div>\n\t\t\t\t<div class=\"elementor-element elementor-element-dadf6b1 elementor-widget elementor-widget-text-editor\" data-id=\"dadf6b1\" data-element_type=\"widget\" data-e-type=\"widget\" data-widget_type=\"text-editor.default\">\n\t\t\t\t<div class=\"elementor-widget-container\">\n\t\t\t\t\t\t\t\t\t<p>Nos th\u00e9rapeutes exp\u00e9riment\u00e9s travaillent avec des <strong data-start=\"1239\" data-end=\"1284\">produits de soins de la peau haut de gamme<\/strong> de <strong data-start=\"1289\" data-end=\"1325\">MBR\u00ae, MSB\u00ae et Monika Heiligmann<\/strong>. Chaque traitement est adapt\u00e9 individuellement aux besoins de votre peau &#8211; pour des r\u00e9sultats qui vont en profondeur. <\/p>\t\t\t\t\t\t\t\t<\/div>\n\t\t\t\t<\/div>\n\t\t\t\t<div class=\"elementor-element elementor-element-9b61188 elementor-invisible elementor-widget elementor-widget-heading\" data-id=\"9b61188\" data-element_type=\"widget\" data-e-type=\"widget\" data-settings=\"{&quot;_animation&quot;:&quot;fadeInUp&quot;}\" data-widget_type=\"heading.default\">\n\t\t\t\t<div class=\"elementor-widget-container\">\n\t\t\t\t\t<h2 class=\"elementor-heading-title elementor-size-default\">Votre exp\u00e9rience chez BEYONDSKIN<\/h2>\t\t\t\t<\/div>\n\t\t\t\t<\/div>\n\t\t\t\t<div class=\"elementor-element elementor-element-7fdd586 elementor-widget elementor-widget-text-editor\" data-id=\"7fdd586\" data-element_type=\"widget\" data-e-type=\"widget\" data-widget_type=\"text-editor.default\">\n\t\t\t\t<div class=\"elementor-widget-container\">\n\t\t\t\t\t\t\t\t\t<p data-start=\"1483\" data-end=\"1538\">\u2022 Rituels de beaut\u00e9 sur mesure pour le visage et le corps<\/p><p data-start=\"1541\" data-end=\"1596\">\u2022 Ambiance luxueuse dans notre penthouse au bord du lac de Zurich<\/p><p data-start=\"1599\" data-end=\"1662\">\u2022 Combinaison de soins de la peau ultramodernes et d&rsquo;un profond facteur de bien-\u00eatre<\/p><p data-start=\"1665\" data-end=\"1704\"><strong data-start=\"1665\" data-end=\"1702\">\u2022 Happiness for body, mind and soul<\/strong><\/p>\t\t\t\t\t\t\t\t<\/div>\n\t\t\t\t<\/div>\n\t\t\t\t\t<\/div>\n\t\t<\/div>\n\t\t\t\t\t<\/div>\n\t\t<\/section>\n\t\t\t\t<section class=\"elementor-section elementor-top-section elementor-element elementor-element-f229fe7 elementor-section-boxed elementor-section-height-default elementor-section-height-default\" data-id=\"f229fe7\" data-element_type=\"section\" data-e-type=\"section\">\n\t\t\t\t\t\t<div class=\"elementor-container elementor-column-gap-default\">\n\t\t\t\t\t<div class=\"elementor-column elementor-col-100 elementor-top-column elementor-element elementor-element-89e48b4\" data-id=\"89e48b4\" data-element_type=\"column\" data-e-type=\"column\">\n\t\t\t<div class=\"elementor-widget-wrap elementor-element-populated\">\n\t\t\t\t\t\t<div class=\"elementor-element elementor-element-c691f72 elementor-mobile-align-center elementor-align-center elementor-invisible elementor-widget elementor-widget-button\" data-id=\"c691f72\" data-element_type=\"widget\" data-e-type=\"widget\" data-settings=\"{&quot;_animation&quot;:&quot;fadeInRight&quot;}\" data-widget_type=\"button.default\">\n\t\t\t\t<div class=\"elementor-widget-container\">\n\t\t\t\t\t\t\t\t\t<div class=\"elementor-button-wrapper\">\n\t\t\t\t\t<a class=\"elementor-button elementor-button-link elementor-size-lg\" href=\"https:\/\/beyondskin.nura-kibris.com\/unsere-brands\/\">\n\t\t\t\t\t\t<span class=\"elementor-button-content-wrapper\">\n\t\t\t\t\t\t\t\t\t<span class=\"elementor-button-text\">Nos marques<\/span>\n\t\t\t\t\t<\/span>\n\t\t\t\t\t<\/a>\n\t\t\t\t<\/div>\n\t\t\t\t\t\t\t\t<\/div>\n\t\t\t\t<\/div>\n\t\t\t\t\t<\/div>\n\t\t<\/div>\n\t\t\t\t\t<\/div>\n\t\t<\/section>\n\t\t\t\t<\/div>\n\t\t","protected":false},"excerpt":{"rendered":"<p>EMPLACEMENT BEYONDSKIN Holistic Medspa \u00e0 Zurich D\u00e9couvrez une nouvelle dimension des soins de la peau haut de gamme dans notre penthouse exclusif situ\u00e9 Freigutstrasse, Zurich. Chez BEYONDSKIN, nous combinons l&rsquo;expertise m\u00e9dicale avec la relaxation holistique &#8211; pour votre bien-\u00eatre personnel et une peau \u00e9clatante. Bien-\u00eatre au plus haut niveau \u00c9vadez-vous du quotidien et plongez dans [&hellip;]<\/p>\n","protected":false},"author":1,"featured_media":0,"parent":0,"menu_order":0,"comment_status":"closed","ping_status":"closed","template":"","meta":{"footnotes":""},"class_list":["post-4494","page","type-page","status-publish","hentry"],"_links":{"self":[{"href":"https:\/\/beyondskin.nura-kibris.com\/fr\/wp-json\/wp\/v2\/pages\/4494","targetHints":{"allow":["GET"]}}],"collection":[{"href":"https:\/\/beyondskin.nura-kibris.com\/fr\/wp-json\/wp\/v2\/pages"}],"about":[{"href":"https:\/\/beyondskin.nura-kibris.com\/fr\/wp-json\/wp\/v2\/types\/page"}],"author":[{"embeddable":true,"href":"https:\/\/beyondskin.nura-kibris.com\/fr\/wp-json\/wp\/v2\/users\/1"}],"replies":[{"embeddable":true,"href":"https:\/\/beyondskin.nura-kibris.com\/fr\/wp-json\/wp\/v2\/comments?post=4494"}],"version-history":[{"count":0,"href":"https:\/\/beyondskin.nura-kibris.com\/fr\/wp-json\/wp\/v2\/pages\/4494\/revisions"}],"wp:attachment":[{"href":"https:\/\/beyondskin.nura-kibris.com\/fr\/wp-json\/wp\/v2\/media?parent=4494"}],"curies":[{"name":"wp","href":"https:\/\/api.w.org\/{rel}","templated":true}]}}