{"id":4264,"date":"2025-06-24T13:52:18","date_gmt":"2025-06-24T11:52:18","guid":{"rendered":"https:\/\/beyond-skin.ch\/mbr-medical-sun-care\/"},"modified":"2025-11-07T12:52:36","modified_gmt":"2025-11-07T10:52:36","slug":"mbr-medical-sun-care","status":"publish","type":"page","link":"https:\/\/beyondskin.nura-kibris.com\/fr\/boutique-2\/shop-mbr\/mbr-medical-sun-care\/","title":{"rendered":"MBR medical SUN care"},"content":{"rendered":"\t\t<div data-elementor-type=\"wp-page\" data-elementor-id=\"4264\" class=\"elementor elementor-4264\" data-elementor-post-type=\"page\">\n\t\t\t\t\t\t<section class=\"elementor-section elementor-top-section elementor-element elementor-element-cc2be6a elementor-section-height-min-height elementor-section-boxed elementor-section-height-default elementor-section-items-middle\" data-id=\"cc2be6a\" data-element_type=\"section\" data-e-type=\"section\" data-settings=\"{&quot;background_background&quot;:&quot;classic&quot;}\">\n\t\t\t\t\t\t<div class=\"elementor-container elementor-column-gap-default\">\n\t\t\t\t\t<div class=\"elementor-column elementor-col-100 elementor-top-column elementor-element elementor-element-11a9dae\" data-id=\"11a9dae\" data-element_type=\"column\" data-e-type=\"column\">\n\t\t\t<div class=\"elementor-widget-wrap elementor-element-populated\">\n\t\t\t\t\t\t<div class=\"elementor-element elementor-element-d7fa998 elementor-widget__width-initial elementor-widget elementor-widget-image\" data-id=\"d7fa998\" data-element_type=\"widget\" data-e-type=\"widget\" data-widget_type=\"image.default\">\n\t\t\t\t<div class=\"elementor-widget-container\">\n\t\t\t\t\t\t\t\t\t\t\t\t\t\t\t<img fetchpriority=\"high\" decoding=\"async\" width=\"768\" height=\"110\" src=\"https:\/\/beyondskin.nura-kibris.com\/wp-content\/uploads\/2024\/01\/beyondskin_Logo_RZ_CMYK_Weiss-768x110.png\" class=\"attachment-medium_large size-medium_large wp-image-3971\" alt=\"Beyond Skin Wellness Skincare Zurich Suisse\" srcset=\"https:\/\/beyondskin.nura-kibris.com\/wp-content\/uploads\/2024\/01\/beyondskin_Logo_RZ_CMYK_Weiss-768x110.png 768w, https:\/\/beyondskin.nura-kibris.com\/wp-content\/uploads\/2024\/01\/beyondskin_Logo_RZ_CMYK_Weiss-scaled-600x86.png 600w, https:\/\/beyondskin.nura-kibris.com\/wp-content\/uploads\/2024\/01\/beyondskin_Logo_RZ_CMYK_Weiss-300x43.png 300w, https:\/\/beyondskin.nura-kibris.com\/wp-content\/uploads\/2024\/01\/beyondskin_Logo_RZ_CMYK_Weiss-1024x147.png 1024w, https:\/\/beyondskin.nura-kibris.com\/wp-content\/uploads\/2024\/01\/beyondskin_Logo_RZ_CMYK_Weiss-1536x221.png 1536w, https:\/\/beyondskin.nura-kibris.com\/wp-content\/uploads\/2024\/01\/beyondskin_Logo_RZ_CMYK_Weiss-2048x294.png 2048w\" sizes=\"(max-width: 768px) 100vw, 768px\" \/>\t\t\t\t\t\t\t\t\t\t\t\t\t\t\t<\/div>\n\t\t\t\t<\/div>\n\t\t\t\t<div class=\"elementor-element elementor-element-6149ef7 elementor-invisible elementor-widget elementor-widget-heading\" data-id=\"6149ef7\" data-element_type=\"widget\" data-e-type=\"widget\" data-settings=\"{&quot;_animation&quot;:&quot;fadeInUp&quot;}\" data-widget_type=\"heading.default\">\n\t\t\t\t<div class=\"elementor-widget-container\">\n\t\t\t\t\t<h3 class=\"elementor-heading-title elementor-size-default\">MBR BOUTIQUE<\/h3>\t\t\t\t<\/div>\n\t\t\t\t<\/div>\n\t\t\t\t\t<\/div>\n\t\t<\/div>\n\t\t\t\t\t<\/div>\n\t\t<\/section>\n\t\t\t\t<section class=\"elementor-section elementor-top-section elementor-element elementor-element-c133cb3 elementor-section-boxed elementor-section-height-default elementor-section-height-default\" data-id=\"c133cb3\" data-element_type=\"section\" data-e-type=\"section\">\n\t\t\t\t\t\t<div class=\"elementor-container elementor-column-gap-default\">\n\t\t\t\t\t<div class=\"elementor-column elementor-col-33 elementor-top-column elementor-element elementor-element-f6d76ec\" data-id=\"f6d76ec\" data-element_type=\"column\" data-e-type=\"column\">\n\t\t\t<div class=\"elementor-widget-wrap elementor-element-populated\">\n\t\t\t\t\t\t<div class=\"elementor-element elementor-element-13bf324 elementor-widget elementor-widget-image\" data-id=\"13bf324\" data-element_type=\"widget\" data-e-type=\"widget\" data-widget_type=\"image.default\">\n\t\t\t\t<div class=\"elementor-widget-container\">\n\t\t\t\t\t\t\t\t\t\t\t\t\t\t\t<img decoding=\"async\" width=\"300\" height=\"300\" src=\"https:\/\/beyondskin.nura-kibris.com\/wp-content\/uploads\/2025\/06\/Kategorien-MBR-Logo-300x300.png\" class=\"attachment-medium size-medium wp-image-3975\" alt=\"Soins de la peau premium MBR\" srcset=\"https:\/\/beyondskin.nura-kibris.com\/wp-content\/uploads\/2025\/06\/Kategorien-MBR-Logo-300x300.png 300w, https:\/\/beyondskin.nura-kibris.com\/wp-content\/uploads\/2025\/06\/Kategorien-MBR-Logo-550x550.png 550w, https:\/\/beyondskin.nura-kibris.com\/wp-content\/uploads\/2025\/06\/Kategorien-MBR-Logo-100x100.png 100w, https:\/\/beyondskin.nura-kibris.com\/wp-content\/uploads\/2025\/06\/Kategorien-MBR-Logo-150x150.png 150w, https:\/\/beyondskin.nura-kibris.com\/wp-content\/uploads\/2025\/06\/Kategorien-MBR-Logo.png 600w\" sizes=\"(max-width: 300px) 100vw, 300px\" \/>\t\t\t\t\t\t\t\t\t\t\t\t\t\t\t<\/div>\n\t\t\t\t<\/div>\n\t\t\t\t\t<\/div>\n\t\t<\/div>\n\t\t\t\t<div class=\"elementor-column elementor-col-33 elementor-top-column elementor-element elementor-element-4949135\" data-id=\"4949135\" data-element_type=\"column\" data-e-type=\"column\">\n\t\t\t<div class=\"elementor-widget-wrap elementor-element-populated\">\n\t\t\t\t\t\t<div class=\"elementor-element elementor-element-ec06c16 elementor-widget elementor-widget-text-editor\" data-id=\"ec06c16\" data-element_type=\"widget\" data-e-type=\"widget\" data-widget_type=\"text-editor.default\">\n\t\t\t\t<div class=\"elementor-widget-container\">\n\t\t\t\t\t\t\t\t\t<h3>medical SUN care<\/h3>\t\t\t\t\t\t\t\t<\/div>\n\t\t\t\t<\/div>\n\t\t\t\t<div class=\"elementor-element elementor-element-f085c2a elementor-widget elementor-widget-text-editor\" data-id=\"f085c2a\" data-element_type=\"widget\" data-e-type=\"widget\" data-widget_type=\"text-editor.default\">\n\t\t\t\t<div class=\"elementor-widget-container\">\n\t\t\t\t\t\t\t\t\t<p>Un bronzage ensoleill\u00e9 prot\u00e9g\u00e9 en toute s\u00e9curit\u00e9.<\/p>\t\t\t\t\t\t\t\t<\/div>\n\t\t\t\t<\/div>\n\t\t\t\t\t<\/div>\n\t\t<\/div>\n\t\t\t\t<div class=\"elementor-column elementor-col-33 elementor-top-column elementor-element elementor-element-1ade540\" data-id=\"1ade540\" data-element_type=\"column\" data-e-type=\"column\">\n\t\t\t<div class=\"elementor-widget-wrap elementor-element-populated\">\n\t\t\t\t\t\t<div class=\"elementor-element elementor-element-3b6791a elementor-widget elementor-widget-text-editor\" data-id=\"3b6791a\" data-element_type=\"widget\" data-e-type=\"widget\" data-widget_type=\"text-editor.default\">\n\t\t\t\t<div class=\"elementor-widget-container\">\n\t\t\t\t\t\t\t\t\t<p>\u2022 Protection compl\u00e8te gr\u00e2ce au syst\u00e8me 3-fach MBR\u00ae Sun Guide<\/p><p>\u2022 Le syst\u00e8me de protection UV-A &amp; UV-B filtre la lumi\u00e8re solaire \u00e9nerg\u00e9tique<\/p><p>\u2022 R\u00e9g\u00e9n\u00e9ration imm\u00e9diate gr\u00e2ce au syst\u00e8me de soin r\u00e9parateur Care<\/p><p>\u2022 Renforcement des d\u00e9fenses naturelles de la peau gr\u00e2ce au syst\u00e8me Cell Defense<\/p>\t\t\t\t\t\t\t\t<\/div>\n\t\t\t\t<\/div>\n\t\t\t\t\t<\/div>\n\t\t<\/div>\n\t\t\t\t\t<\/div>\n\t\t<\/section>\n\t\t\t\t<section class=\"elementor-section elementor-top-section elementor-element elementor-element-b8b3620 elementor-section-boxed elementor-section-height-default elementor-section-height-default\" data-id=\"b8b3620\" data-element_type=\"section\" data-e-type=\"section\">\n\t\t\t\t\t\t<div class=\"elementor-container elementor-column-gap-default\">\n\t\t\t\t\t<div class=\"elementor-column elementor-col-50 elementor-top-column elementor-element elementor-element-3991b40\" data-id=\"3991b40\" data-element_type=\"column\" data-e-type=\"column\">\n\t\t\t<div class=\"elementor-widget-wrap elementor-element-populated\">\n\t\t\t\t\t\t<div class=\"elementor-element elementor-element-fa63a9e elementor-widget elementor-widget-heading\" data-id=\"fa63a9e\" data-element_type=\"widget\" data-e-type=\"widget\" data-widget_type=\"heading.default\">\n\t\t\t\t<div class=\"elementor-widget-container\">\n\t\t\t\t\t<h2 class=\"elementor-heading-title elementor-size-default\"><a href=\"https:\/\/beyondskin.nura-kibris.com\/fr\/boutique-2\/shop-mbr\/\">MBR - Aper\u00e7u des marques<\/a><\/h2>\t\t\t\t<\/div>\n\t\t\t\t<\/div>\n\t\t\t\t<div class=\"elementor-element elementor-element-433ec19 elementor-widget elementor-widget-heading\" data-id=\"433ec19\" data-element_type=\"widget\" data-e-type=\"widget\" data-widget_type=\"heading.default\">\n\t\t\t\t<div class=\"elementor-widget-container\">\n\t\t\t\t\t<h2 class=\"elementor-heading-title elementor-size-default\"><a href=\"https:\/\/beyondskin.nura-kibris.com\/shop-mbr-biochange\/\">BioChange<\/a><\/h2>\t\t\t\t<\/div>\n\t\t\t\t<\/div>\n\t\t\t\t<div class=\"elementor-element elementor-element-7431a7c elementor-widget elementor-widget-heading\" data-id=\"7431a7c\" data-element_type=\"widget\" data-e-type=\"widget\" data-widget_type=\"heading.default\">\n\t\t\t\t<div class=\"elementor-widget-container\">\n\t\t\t\t\t<h2 class=\"elementor-heading-title elementor-size-default\"><a href=\"https:\/\/beyondskin.nura-kibris.com\/shop-mbr-cytoline\/\">CytoLine<\/a><\/h2>\t\t\t\t<\/div>\n\t\t\t\t<\/div>\n\t\t\t\t<div class=\"elementor-element elementor-element-6fd304f elementor-widget elementor-widget-heading\" data-id=\"6fd304f\" data-element_type=\"widget\" data-e-type=\"widget\" data-widget_type=\"heading.default\">\n\t\t\t\t<div class=\"elementor-widget-container\">\n\t\t\t\t\t<h2 class=\"elementor-heading-title elementor-size-default\"><a href=\"https:\/\/beyondskin.nura-kibris.com\/shop-mbr-cea\/\">CEA<\/a><\/h2>\t\t\t\t<\/div>\n\t\t\t\t<\/div>\n\t\t\t\t<div class=\"elementor-element elementor-element-ba9ec92 elementor-widget elementor-widget-heading\" data-id=\"ba9ec92\" data-element_type=\"widget\" data-e-type=\"widget\" data-widget_type=\"heading.default\">\n\t\t\t\t<div class=\"elementor-widget-container\">\n\t\t\t\t\t<h2 class=\"elementor-heading-title elementor-size-default\"><a href=\"https:\/\/beyondskin.nura-kibris.com\/shop-mbr-pure-perfection-100-n\/\">Pure Perfection 100 N\u00ae<\/a><\/h2>\t\t\t\t<\/div>\n\t\t\t\t<\/div>\n\t\t\t\t<div class=\"elementor-element elementor-element-1712132 elementor-widget elementor-widget-heading\" data-id=\"1712132\" data-element_type=\"widget\" data-e-type=\"widget\" data-widget_type=\"heading.default\">\n\t\t\t\t<div class=\"elementor-widget-container\">\n\t\t\t\t\t<h2 class=\"elementor-heading-title elementor-size-default\"><a href=\"https:\/\/beyondskin.nura-kibris.com\/shop-mbr-pure-perfection-the-best\/\">Pure Perfection THE BEST<\/a><\/h2>\t\t\t\t<\/div>\n\t\t\t\t<\/div>\n\t\t\t\t<div class=\"elementor-element elementor-element-9cab07d elementor-widget elementor-widget-heading\" data-id=\"9cab07d\" data-element_type=\"widget\" data-e-type=\"widget\" data-widget_type=\"heading.default\">\n\t\t\t\t<div class=\"elementor-widget-container\">\n\t\t\t\t\t<h2 class=\"elementor-heading-title elementor-size-default\"><a href=\"https:\/\/beyondskin.nura-kibris.com\/shop-mbr-continueline-med\/\">ContinueLine med\u00ae<\/a><\/h2>\t\t\t\t<\/div>\n\t\t\t\t<\/div>\n\t\t\t\t<div class=\"elementor-element elementor-element-30277d8 elementor-widget elementor-widget-heading\" data-id=\"30277d8\" data-element_type=\"widget\" data-e-type=\"widget\" data-widget_type=\"heading.default\">\n\t\t\t\t<div class=\"elementor-widget-container\">\n\t\t\t\t\t<h2 class=\"elementor-heading-title elementor-size-default\"><a href=\"https:\/\/beyondskin.nura-kibris.com\/shop-mbr-body-care\/\">SOINS CORPORELS<\/a><\/h2>\t\t\t\t<\/div>\n\t\t\t\t<\/div>\n\t\t\t\t<div class=\"elementor-element elementor-element-e48c489 elementor-widget elementor-widget-heading\" data-id=\"e48c489\" data-element_type=\"widget\" data-e-type=\"widget\" data-widget_type=\"heading.default\">\n\t\t\t\t<div class=\"elementor-widget-container\">\n\t\t\t\t\t<h2 class=\"elementor-heading-title elementor-size-default\"><a href=\"https:\/\/beyondskin.nura-kibris.com\/shop-mbr-men-oleosome\/\">MEN Ol\u00e9osome<\/a><\/h2>\t\t\t\t<\/div>\n\t\t\t\t<\/div>\n\t\t\t\t<div class=\"elementor-element elementor-element-07b3f5c elementor-widget elementor-widget-heading\" data-id=\"07b3f5c\" data-element_type=\"widget\" data-e-type=\"widget\" data-widget_type=\"heading.default\">\n\t\t\t\t<div class=\"elementor-widget-container\">\n\t\t\t\t\t<h2 class=\"elementor-heading-title elementor-size-default\"><a href=\"https:\/\/beyondskin.nura-kibris.com\/shop-mbr-medical-sun-care\/\">medical SUN care<\/a><\/h2>\t\t\t\t<\/div>\n\t\t\t\t<\/div>\n\t\t\t\t<div class=\"elementor-element elementor-element-51d3a1d elementor-widget elementor-widget-heading\" data-id=\"51d3a1d\" data-element_type=\"widget\" data-e-type=\"widget\" data-widget_type=\"heading.default\">\n\t\t\t\t<div class=\"elementor-widget-container\">\n\t\t\t\t\t<h2 class=\"elementor-heading-title elementor-size-default\"><a href=\"https:\/\/beyondskin.nura-kibris.com\/shop-mbr-fragrances-soaps\/\">Parfums &amp; Savons<\/a><\/h2>\t\t\t\t<\/div>\n\t\t\t\t<\/div>\n\t\t\t\t<div class=\"elementor-element elementor-element-f5d55a4 elementor-widget elementor-widget-heading\" data-id=\"f5d55a4\" data-element_type=\"widget\" data-e-type=\"widget\" data-widget_type=\"heading.default\">\n\t\t\t\t<div class=\"elementor-widget-container\">\n\t\t\t\t\t<h2 class=\"elementor-heading-title elementor-size-default\"><a href=\"https:\/\/beyondskin.nura-kibris.com\/fr\/boutique-2\/shop-mbr\/boutique-mbr-coffrets\/\">MBR - ENSEMBLES<\/a><\/h2>\t\t\t\t<\/div>\n\t\t\t\t<\/div>\n\t\t\t\t\t<\/div>\n\t\t<\/div>\n\t\t\t\t<div class=\"elementor-column elementor-col-50 elementor-top-column elementor-element elementor-element-4721d01\" data-id=\"4721d01\" data-element_type=\"column\" data-e-type=\"column\">\n\t\t\t<div class=\"elementor-widget-wrap elementor-element-populated\">\n\t\t\t\t\t\t\t<\/div>\n\t\t<\/div>\n\t\t\t\t\t<\/div>\n\t\t<\/section>\n\t\t\t\t<section class=\"elementor-section elementor-top-section elementor-element elementor-element-ff52cdf elementor-section-boxed elementor-section-height-default elementor-section-height-default\" data-id=\"ff52cdf\" data-element_type=\"section\" data-e-type=\"section\" data-settings=\"{&quot;background_background&quot;:&quot;classic&quot;}\">\n\t\t\t\t\t\t<div class=\"elementor-container elementor-column-gap-default\">\n\t\t\t\t\t<div class=\"elementor-column elementor-col-100 elementor-top-column elementor-element elementor-element-d4b66cb\" data-id=\"d4b66cb\" data-element_type=\"column\" data-e-type=\"column\">\n\t\t\t<div class=\"elementor-widget-wrap\">\n\t\t\t\t\t\t\t<\/div>\n\t\t<\/div>\n\t\t\t\t\t<\/div>\n\t\t<\/section>\n\t\t\t\t<section class=\"elementor-section elementor-top-section elementor-element elementor-element-e6704ed elementor-section-boxed elementor-section-height-default elementor-section-height-default\" data-id=\"e6704ed\" data-element_type=\"section\" data-e-type=\"section\">\n\t\t\t\t\t\t<div class=\"elementor-container elementor-column-gap-default\">\n\t\t\t\t\t<div class=\"elementor-column elementor-col-33 elementor-top-column elementor-element elementor-element-1de0b3a\" data-id=\"1de0b3a\" data-element_type=\"column\" data-e-type=\"column\">\n\t\t\t<div class=\"elementor-widget-wrap elementor-element-populated\">\n\t\t\t\t\t\t<div class=\"elementor-element elementor-element-252381b elementor-widget elementor-widget-image\" data-id=\"252381b\" data-element_type=\"widget\" data-e-type=\"widget\" data-widget_type=\"image.default\">\n\t\t\t\t<div class=\"elementor-widget-container\">\n\t\t\t\t\t\t\t\t\t\t\t\t\t\t\t\t<a href=\"https:\/\/beyondskin.nura-kibris.com\/fr\/boutique-2\/shop-mbr\/\">\n\t\t\t\t\t\t\t<img decoding=\"async\" width=\"600\" height=\"600\" src=\"https:\/\/beyondskin.nura-kibris.com\/wp-content\/uploads\/2025\/06\/Kategorien-MBR-Logo.png\" class=\"attachment-large size-large wp-image-3975\" alt=\"Soins de la peau premium MBR\" srcset=\"https:\/\/beyondskin.nura-kibris.com\/wp-content\/uploads\/2025\/06\/Kategorien-MBR-Logo.png 600w, https:\/\/beyondskin.nura-kibris.com\/wp-content\/uploads\/2025\/06\/Kategorien-MBR-Logo-550x550.png 550w, https:\/\/beyondskin.nura-kibris.com\/wp-content\/uploads\/2025\/06\/Kategorien-MBR-Logo-100x100.png 100w, https:\/\/beyondskin.nura-kibris.com\/wp-content\/uploads\/2025\/06\/Kategorien-MBR-Logo-300x300.png 300w, https:\/\/beyondskin.nura-kibris.com\/wp-content\/uploads\/2025\/06\/Kategorien-MBR-Logo-150x150.png 150w\" sizes=\"(max-width: 600px) 100vw, 600px\" \/>\t\t\t\t\t\t\t\t<\/a>\n\t\t\t\t\t\t\t\t\t\t\t\t\t\t\t<\/div>\n\t\t\t\t<\/div>\n\t\t\t\t\t<\/div>\n\t\t<\/div>\n\t\t\t\t<div class=\"elementor-column elementor-col-33 elementor-top-column elementor-element elementor-element-4c64562\" data-id=\"4c64562\" data-element_type=\"column\" data-e-type=\"column\">\n\t\t\t<div class=\"elementor-widget-wrap elementor-element-populated\">\n\t\t\t\t\t\t<div class=\"elementor-element elementor-element-a0a4d12 elementor-widget elementor-widget-image\" data-id=\"a0a4d12\" data-element_type=\"widget\" data-e-type=\"widget\" data-widget_type=\"image.default\">\n\t\t\t\t<div class=\"elementor-widget-container\">\n\t\t\t\t\t\t\t\t\t\t\t\t\t\t\t\t<a href=\"https:\/\/beyondskin.nura-kibris.com\/fr\/boutique-2\/boutique-mh\/\">\n\t\t\t\t\t\t\t<img loading=\"lazy\" decoding=\"async\" width=\"800\" height=\"800\" src=\"https:\/\/beyondskin.nura-kibris.com\/wp-content\/uploads\/2025\/05\/MH_logo_poprawione_Black-1-1024x1024.png\" class=\"attachment-large size-large wp-image-3976\" alt=\"Soin professionnel des l\u00e8vres par Monika Heiligmann\" srcset=\"https:\/\/beyondskin.nura-kibris.com\/wp-content\/uploads\/2025\/05\/MH_logo_poprawione_Black-1-1024x1024.png 1024w, https:\/\/beyondskin.nura-kibris.com\/wp-content\/uploads\/2025\/05\/MH_logo_poprawione_Black-1-550x550.png 550w, https:\/\/beyondskin.nura-kibris.com\/wp-content\/uploads\/2025\/05\/MH_logo_poprawione_Black-1-100x100.png 100w, https:\/\/beyondskin.nura-kibris.com\/wp-content\/uploads\/2025\/05\/MH_logo_poprawione_Black-1-600x600.png 600w, https:\/\/beyondskin.nura-kibris.com\/wp-content\/uploads\/2025\/05\/MH_logo_poprawione_Black-1-300x300.png 300w, https:\/\/beyondskin.nura-kibris.com\/wp-content\/uploads\/2025\/05\/MH_logo_poprawione_Black-1-150x150.png 150w, https:\/\/beyondskin.nura-kibris.com\/wp-content\/uploads\/2025\/05\/MH_logo_poprawione_Black-1-768x768.png 768w, https:\/\/beyondskin.nura-kibris.com\/wp-content\/uploads\/2025\/05\/MH_logo_poprawione_Black-1.png 1250w\" sizes=\"(max-width: 800px) 100vw, 800px\" \/>\t\t\t\t\t\t\t\t<\/a>\n\t\t\t\t\t\t\t\t\t\t\t\t\t\t\t<\/div>\n\t\t\t\t<\/div>\n\t\t\t\t\t<\/div>\n\t\t<\/div>\n\t\t\t\t<div class=\"elementor-column elementor-col-33 elementor-top-column elementor-element elementor-element-2a9f5f8\" data-id=\"2a9f5f8\" data-element_type=\"column\" data-e-type=\"column\">\n\t\t\t<div class=\"elementor-widget-wrap elementor-element-populated\">\n\t\t\t\t\t\t<div class=\"elementor-element elementor-element-5668afb elementor-widget elementor-widget-image\" data-id=\"5668afb\" data-element_type=\"widget\" data-e-type=\"widget\" data-widget_type=\"image.default\">\n\t\t\t\t<div class=\"elementor-widget-container\">\n\t\t\t\t\t\t\t\t\t\t\t\t\t\t\t\t<a href=\"https:\/\/beyondskin.nura-kibris.com\/fr\/boutique-2\/shop-msb\/\">\n\t\t\t\t\t\t\t<img loading=\"lazy\" decoding=\"async\" width=\"600\" height=\"600\" src=\"https:\/\/beyondskin.nura-kibris.com\/wp-content\/uploads\/2025\/06\/Kategorien-MSB-Logo.png\" class=\"attachment-large size-large wp-image-3974\" alt=\"Soins de la peau haute technologie MSB\" srcset=\"https:\/\/beyondskin.nura-kibris.com\/wp-content\/uploads\/2025\/06\/Kategorien-MSB-Logo.png 600w, https:\/\/beyondskin.nura-kibris.com\/wp-content\/uploads\/2025\/06\/Kategorien-MSB-Logo-550x550.png 550w, https:\/\/beyondskin.nura-kibris.com\/wp-content\/uploads\/2025\/06\/Kategorien-MSB-Logo-100x100.png 100w, https:\/\/beyondskin.nura-kibris.com\/wp-content\/uploads\/2025\/06\/Kategorien-MSB-Logo-300x300.png 300w, https:\/\/beyondskin.nura-kibris.com\/wp-content\/uploads\/2025\/06\/Kategorien-MSB-Logo-150x150.png 150w\" sizes=\"(max-width: 600px) 100vw, 600px\" \/>\t\t\t\t\t\t\t\t<\/a>\n\t\t\t\t\t\t\t\t\t\t\t\t\t\t\t<\/div>\n\t\t\t\t<\/div>\n\t\t\t\t\t<\/div>\n\t\t<\/div>\n\t\t\t\t\t<\/div>\n\t\t<\/section>\n\t\t\t\t<\/div>\n\t\t","protected":false},"excerpt":{"rendered":"<p>MBR BOUTIQUE medical SUN care Un bronzage ensoleill\u00e9 prot\u00e9g\u00e9 en toute s\u00e9curit\u00e9. \u2022 Protection compl\u00e8te gr\u00e2ce au syst\u00e8me 3-fach MBR\u00ae Sun Guide \u2022 Le syst\u00e8me de protection UV-A &amp; UV-B filtre la lumi\u00e8re solaire \u00e9nerg\u00e9tique \u2022 R\u00e9g\u00e9n\u00e9ration imm\u00e9diate gr\u00e2ce au syst\u00e8me de soin r\u00e9parateur Care \u2022 Renforcement des d\u00e9fenses naturelles de la peau gr\u00e2ce au [&hellip;]<\/p>\n","protected":false},"author":2,"featured_media":0,"parent":4274,"menu_order":0,"comment_status":"closed","ping_status":"closed","template":"","meta":{"footnotes":""},"class_list":["post-4264","page","type-page","status-publish","hentry"],"_links":{"self":[{"href":"https:\/\/beyondskin.nura-kibris.com\/fr\/wp-json\/wp\/v2\/pages\/4264","targetHints":{"allow":["GET"]}}],"collection":[{"href":"https:\/\/beyondskin.nura-kibris.com\/fr\/wp-json\/wp\/v2\/pages"}],"about":[{"href":"https:\/\/beyondskin.nura-kibris.com\/fr\/wp-json\/wp\/v2\/types\/page"}],"author":[{"embeddable":true,"href":"https:\/\/beyondskin.nura-kibris.com\/fr\/wp-json\/wp\/v2\/users\/2"}],"replies":[{"embeddable":true,"href":"https:\/\/beyondskin.nura-kibris.com\/fr\/wp-json\/wp\/v2\/comments?post=4264"}],"version-history":[{"count":0,"href":"https:\/\/beyondskin.nura-kibris.com\/fr\/wp-json\/wp\/v2\/pages\/4264\/revisions"}],"up":[{"embeddable":true,"href":"https:\/\/beyondskin.nura-kibris.com\/fr\/wp-json\/wp\/v2\/pages\/4274"}],"wp:attachment":[{"href":"https:\/\/beyondskin.nura-kibris.com\/fr\/wp-json\/wp\/v2\/media?parent=4264"}],"curies":[{"name":"wp","href":"https:\/\/api.w.org\/{rel}","templated":true}]}}