{"id":4251,"date":"2025-06-24T11:36:21","date_gmt":"2025-06-24T09:36:21","guid":{"rendered":"https:\/\/beyond-skin.ch\/mbr-cea\/"},"modified":"2025-11-07T12:52:34","modified_gmt":"2025-11-07T10:52:34","slug":"mbr-cea","status":"publish","type":"page","link":"https:\/\/beyondskin.nura-kibris.com\/fr\/boutique-2\/shop-mbr\/mbr-cea\/","title":{"rendered":"MBR CEA"},"content":{"rendered":"\t\t<div data-elementor-type=\"wp-page\" data-elementor-id=\"4251\" class=\"elementor elementor-4251\" data-elementor-post-type=\"page\">\n\t\t\t\t\t\t<section class=\"elementor-section elementor-top-section elementor-element elementor-element-cc2be6a elementor-section-height-min-height elementor-section-boxed elementor-section-height-default elementor-section-items-middle\" data-id=\"cc2be6a\" data-element_type=\"section\" data-e-type=\"section\" data-settings=\"{&quot;background_background&quot;:&quot;classic&quot;}\">\n\t\t\t\t\t\t<div class=\"elementor-container elementor-column-gap-default\">\n\t\t\t\t\t<div class=\"elementor-column elementor-col-100 elementor-top-column elementor-element elementor-element-11a9dae\" data-id=\"11a9dae\" data-element_type=\"column\" data-e-type=\"column\">\n\t\t\t<div class=\"elementor-widget-wrap elementor-element-populated\">\n\t\t\t\t\t\t<div class=\"elementor-element elementor-element-d7fa998 elementor-widget__width-initial elementor-widget elementor-widget-image\" data-id=\"d7fa998\" data-element_type=\"widget\" data-e-type=\"widget\" data-widget_type=\"image.default\">\n\t\t\t\t<div class=\"elementor-widget-container\">\n\t\t\t\t\t\t\t\t\t\t\t\t\t\t\t<img fetchpriority=\"high\" decoding=\"async\" width=\"768\" height=\"110\" src=\"https:\/\/beyondskin.nura-kibris.com\/wp-content\/uploads\/2024\/01\/beyondskin_Logo_RZ_CMYK_Weiss-768x110.png\" class=\"attachment-medium_large size-medium_large wp-image-3971\" alt=\"Beyond Skin Wellness Skincare Zurich Suisse\" srcset=\"https:\/\/beyondskin.nura-kibris.com\/wp-content\/uploads\/2024\/01\/beyondskin_Logo_RZ_CMYK_Weiss-768x110.png 768w, https:\/\/beyondskin.nura-kibris.com\/wp-content\/uploads\/2024\/01\/beyondskin_Logo_RZ_CMYK_Weiss-scaled-600x86.png 600w, https:\/\/beyondskin.nura-kibris.com\/wp-content\/uploads\/2024\/01\/beyondskin_Logo_RZ_CMYK_Weiss-300x43.png 300w, https:\/\/beyondskin.nura-kibris.com\/wp-content\/uploads\/2024\/01\/beyondskin_Logo_RZ_CMYK_Weiss-1024x147.png 1024w, https:\/\/beyondskin.nura-kibris.com\/wp-content\/uploads\/2024\/01\/beyondskin_Logo_RZ_CMYK_Weiss-1536x221.png 1536w, https:\/\/beyondskin.nura-kibris.com\/wp-content\/uploads\/2024\/01\/beyondskin_Logo_RZ_CMYK_Weiss-2048x294.png 2048w\" sizes=\"(max-width: 768px) 100vw, 768px\" \/>\t\t\t\t\t\t\t\t\t\t\t\t\t\t\t<\/div>\n\t\t\t\t<\/div>\n\t\t\t\t<div class=\"elementor-element elementor-element-6149ef7 elementor-invisible elementor-widget elementor-widget-heading\" data-id=\"6149ef7\" data-element_type=\"widget\" data-e-type=\"widget\" data-settings=\"{&quot;_animation&quot;:&quot;fadeInUp&quot;}\" data-widget_type=\"heading.default\">\n\t\t\t\t<div class=\"elementor-widget-container\">\n\t\t\t\t\t<h3 class=\"elementor-heading-title elementor-size-default\">MBR BOUTIQUE<\/h3>\t\t\t\t<\/div>\n\t\t\t\t<\/div>\n\t\t\t\t\t<\/div>\n\t\t<\/div>\n\t\t\t\t\t<\/div>\n\t\t<\/section>\n\t\t\t\t<section class=\"elementor-section elementor-top-section elementor-element elementor-element-11faa23 elementor-section-boxed elementor-section-height-default elementor-section-height-default\" data-id=\"11faa23\" data-element_type=\"section\" data-e-type=\"section\">\n\t\t\t\t\t\t<div class=\"elementor-container elementor-column-gap-default\">\n\t\t\t\t\t<div class=\"elementor-column elementor-col-100 elementor-top-column elementor-element elementor-element-f6d9b89\" data-id=\"f6d9b89\" data-element_type=\"column\" data-e-type=\"column\">\n\t\t\t<div class=\"elementor-widget-wrap elementor-element-populated\">\n\t\t\t\t\t\t<div class=\"elementor-element elementor-element-d7004e6 elementor-widget elementor-widget-woocommerce-breadcrumb\" data-id=\"d7004e6\" data-element_type=\"widget\" data-e-type=\"widget\" data-widget_type=\"woocommerce-breadcrumb.default\">\n\t\t\t\t<div class=\"elementor-widget-container\">\n\t\t\t\t\t<nav class=\"woocommerce-breadcrumb\" aria-label=\"Breadcrumb\">Accueil<\/nav>\t\t\t\t<\/div>\n\t\t\t\t<\/div>\n\t\t\t\t\t<\/div>\n\t\t<\/div>\n\t\t\t\t\t<\/div>\n\t\t<\/section>\n\t\t\t\t<section class=\"elementor-section elementor-top-section elementor-element elementor-element-84e93b4 elementor-section-boxed elementor-section-height-default elementor-section-height-default\" data-id=\"84e93b4\" data-element_type=\"section\" data-e-type=\"section\">\n\t\t\t\t\t\t<div class=\"elementor-container elementor-column-gap-default\">\n\t\t\t\t\t<div class=\"elementor-column elementor-col-33 elementor-top-column elementor-element elementor-element-04141b6\" data-id=\"04141b6\" data-element_type=\"column\" data-e-type=\"column\">\n\t\t\t<div class=\"elementor-widget-wrap elementor-element-populated\">\n\t\t\t\t\t\t<div class=\"elementor-element elementor-element-de34c4b elementor-widget elementor-widget-image\" data-id=\"de34c4b\" data-element_type=\"widget\" data-e-type=\"widget\" data-widget_type=\"image.default\">\n\t\t\t\t<div class=\"elementor-widget-container\">\n\t\t\t\t\t\t\t\t\t\t\t\t\t\t\t<img decoding=\"async\" width=\"300\" height=\"300\" src=\"https:\/\/beyondskin.nura-kibris.com\/wp-content\/uploads\/2025\/06\/Kategorien-MBR-Logo-300x300.png\" class=\"attachment-medium size-medium wp-image-3975\" alt=\"Soins de la peau premium MBR\" srcset=\"https:\/\/beyondskin.nura-kibris.com\/wp-content\/uploads\/2025\/06\/Kategorien-MBR-Logo-300x300.png 300w, https:\/\/beyondskin.nura-kibris.com\/wp-content\/uploads\/2025\/06\/Kategorien-MBR-Logo-550x550.png 550w, https:\/\/beyondskin.nura-kibris.com\/wp-content\/uploads\/2025\/06\/Kategorien-MBR-Logo-100x100.png 100w, https:\/\/beyondskin.nura-kibris.com\/wp-content\/uploads\/2025\/06\/Kategorien-MBR-Logo-150x150.png 150w, https:\/\/beyondskin.nura-kibris.com\/wp-content\/uploads\/2025\/06\/Kategorien-MBR-Logo.png 600w\" sizes=\"(max-width: 300px) 100vw, 300px\" \/>\t\t\t\t\t\t\t\t\t\t\t\t\t\t\t<\/div>\n\t\t\t\t<\/div>\n\t\t\t\t\t<\/div>\n\t\t<\/div>\n\t\t\t\t<div class=\"elementor-column elementor-col-33 elementor-top-column elementor-element elementor-element-a94788e\" data-id=\"a94788e\" data-element_type=\"column\" data-e-type=\"column\">\n\t\t\t<div class=\"elementor-widget-wrap elementor-element-populated\">\n\t\t\t\t\t\t<div class=\"elementor-element elementor-element-71016a0 elementor-widget elementor-widget-text-editor\" data-id=\"71016a0\" data-element_type=\"widget\" data-e-type=\"widget\" data-widget_type=\"text-editor.default\">\n\t\t\t\t<div class=\"elementor-widget-container\">\n\t\t\t\t\t\t\t\t\t<h3>CEA<\/h3>\t\t\t\t\t\t\t\t<\/div>\n\t\t\t\t<\/div>\n\t\t\t\t<div class=\"elementor-element elementor-element-5ad3f10 elementor-widget elementor-widget-text-editor\" data-id=\"5ad3f10\" data-element_type=\"widget\" data-e-type=\"widget\" data-widget_type=\"text-editor.default\">\n\t\t\t\t<div class=\"elementor-widget-container\">\n\t\t\t\t\t\t\t\t\t<p>Cocktails multi-vitamin\u00e9s<\/p>\t\t\t\t\t\t\t\t<\/div>\n\t\t\t\t<\/div>\n\t\t\t\t\t<\/div>\n\t\t<\/div>\n\t\t\t\t<div class=\"elementor-column elementor-col-33 elementor-top-column elementor-element elementor-element-8d1caf4\" data-id=\"8d1caf4\" data-element_type=\"column\" data-e-type=\"column\">\n\t\t\t<div class=\"elementor-widget-wrap elementor-element-populated\">\n\t\t\t\t\t\t<div class=\"elementor-element elementor-element-5d9a1d1 elementor-widget elementor-widget-text-editor\" data-id=\"5d9a1d1\" data-element_type=\"widget\" data-e-type=\"widget\" data-widget_type=\"text-editor.default\">\n\t\t\t\t<div class=\"elementor-widget-container\">\n\t\t\t\t\t\t\t\t\t<p>\u2022 Combinaison innovante de science moderne et d&rsquo;ingr\u00e9dients actifs naturels<\/p><p>\u2022 Agit contre la pollution atmosph\u00e9rique, l&rsquo;\u00e9lectrosmog et le stress UV.<\/p><p>\u2022 Soutient la peau dans sa lutte contre les agressions ext\u00e9rieures.<\/p><p>\u2022 R\u00e9duit la perte d&rsquo;hydratation, les rides et les taches pigmentaires, redonne de la vitalit\u00e9.<\/p>\t\t\t\t\t\t\t\t<\/div>\n\t\t\t\t<\/div>\n\t\t\t\t\t<\/div>\n\t\t<\/div>\n\t\t\t\t\t<\/div>\n\t\t<\/section>\n\t\t\t\t<section class=\"elementor-section elementor-top-section elementor-element elementor-element-b8b3620 elementor-section-boxed elementor-section-height-default elementor-section-height-default\" data-id=\"b8b3620\" data-element_type=\"section\" data-e-type=\"section\">\n\t\t\t\t\t\t<div class=\"elementor-container elementor-column-gap-default\">\n\t\t\t\t\t<div class=\"elementor-column elementor-col-50 elementor-top-column elementor-element elementor-element-1b61cf7\" data-id=\"1b61cf7\" data-element_type=\"column\" data-e-type=\"column\">\n\t\t\t<div class=\"elementor-widget-wrap elementor-element-populated\">\n\t\t\t\t\t\t<div class=\"elementor-element elementor-element-27fa149 elementor-widget elementor-widget-heading\" data-id=\"27fa149\" data-element_type=\"widget\" data-e-type=\"widget\" data-widget_type=\"heading.default\">\n\t\t\t\t<div class=\"elementor-widget-container\">\n\t\t\t\t\t<h2 class=\"elementor-heading-title elementor-size-default\"><a href=\"https:\/\/beyondskin.nura-kibris.com\/fr\/boutique-2\/shop-mbr\/\">MBR - Aper\u00e7u des marques<\/a><\/h2>\t\t\t\t<\/div>\n\t\t\t\t<\/div>\n\t\t\t\t<div class=\"elementor-element elementor-element-4d06f6e elementor-widget elementor-widget-heading\" data-id=\"4d06f6e\" data-element_type=\"widget\" data-e-type=\"widget\" data-widget_type=\"heading.default\">\n\t\t\t\t<div class=\"elementor-widget-container\">\n\t\t\t\t\t<h2 class=\"elementor-heading-title elementor-size-default\"><a href=\"https:\/\/beyondskin.nura-kibris.com\/fr\/boutique-2\/shop-mbr\/mbr-biochange\/\">BioChange<\/a><\/h2>\t\t\t\t<\/div>\n\t\t\t\t<\/div>\n\t\t\t\t<div class=\"elementor-element elementor-element-2381ec9 elementor-widget elementor-widget-heading\" data-id=\"2381ec9\" data-element_type=\"widget\" data-e-type=\"widget\" data-widget_type=\"heading.default\">\n\t\t\t\t<div class=\"elementor-widget-container\">\n\t\t\t\t\t<h2 class=\"elementor-heading-title elementor-size-default\"><a href=\"https:\/\/beyondskin.nura-kibris.com\/fr\/boutique-2\/shop-mbr\/mbr-cytoline\/\">CytoLine<\/a><\/h2>\t\t\t\t<\/div>\n\t\t\t\t<\/div>\n\t\t\t\t<div class=\"elementor-element elementor-element-0f7f16c elementor-widget elementor-widget-heading\" data-id=\"0f7f16c\" data-element_type=\"widget\" data-e-type=\"widget\" data-widget_type=\"heading.default\">\n\t\t\t\t<div class=\"elementor-widget-container\">\n\t\t\t\t\t<h2 class=\"elementor-heading-title elementor-size-default\"><a href=\"https:\/\/beyondskin.nura-kibris.com\/fr\/boutique-2\/shop-mbr\/mbr-cea\/\">CEA<\/a><\/h2>\t\t\t\t<\/div>\n\t\t\t\t<\/div>\n\t\t\t\t<div class=\"elementor-element elementor-element-df5605e elementor-widget elementor-widget-heading\" data-id=\"df5605e\" data-element_type=\"widget\" data-e-type=\"widget\" data-widget_type=\"heading.default\">\n\t\t\t\t<div class=\"elementor-widget-container\">\n\t\t\t\t\t<h2 class=\"elementor-heading-title elementor-size-default\"><a href=\"https:\/\/beyondskin.nura-kibris.com\/fr\/boutique-2\/shop-mbr\/mbr-pure-perfection-100-n\/\">Pure Perfection 100 N\u00ae<\/a><\/h2>\t\t\t\t<\/div>\n\t\t\t\t<\/div>\n\t\t\t\t<div class=\"elementor-element elementor-element-ed56287 elementor-widget elementor-widget-heading\" data-id=\"ed56287\" data-element_type=\"widget\" data-e-type=\"widget\" data-widget_type=\"heading.default\">\n\t\t\t\t<div class=\"elementor-widget-container\">\n\t\t\t\t\t<h2 class=\"elementor-heading-title elementor-size-default\"><a href=\"https:\/\/beyondskin.nura-kibris.com\/fr\/boutique-2\/shop-mbr\/mbr-pure-perfection-the-best\/\">Pure Perfection THE BEST<\/a><\/h2>\t\t\t\t<\/div>\n\t\t\t\t<\/div>\n\t\t\t\t<div class=\"elementor-element elementor-element-6128a2a elementor-widget elementor-widget-heading\" data-id=\"6128a2a\" data-element_type=\"widget\" data-e-type=\"widget\" data-widget_type=\"heading.default\">\n\t\t\t\t<div class=\"elementor-widget-container\">\n\t\t\t\t\t<h2 class=\"elementor-heading-title elementor-size-default\"><a href=\"https:\/\/beyondskin.nura-kibris.com\/fr\/boutique-2\/shop-mbr\/mbr-continueline-med\/\">ContinueLine med\u00ae<\/a><\/h2>\t\t\t\t<\/div>\n\t\t\t\t<\/div>\n\t\t\t\t<div class=\"elementor-element elementor-element-1562a33 elementor-widget elementor-widget-heading\" data-id=\"1562a33\" data-element_type=\"widget\" data-e-type=\"widget\" data-widget_type=\"heading.default\">\n\t\t\t\t<div class=\"elementor-widget-container\">\n\t\t\t\t\t<h2 class=\"elementor-heading-title elementor-size-default\"><a href=\"https:\/\/beyondskin.nura-kibris.com\/fr\/boutique-2\/shop-mbr\/mbr-soins-corps\/\">SOINS CORPORELS<\/a><\/h2>\t\t\t\t<\/div>\n\t\t\t\t<\/div>\n\t\t\t\t<div class=\"elementor-element elementor-element-fc6abb1 elementor-widget elementor-widget-heading\" data-id=\"fc6abb1\" data-element_type=\"widget\" data-e-type=\"widget\" data-widget_type=\"heading.default\">\n\t\t\t\t<div class=\"elementor-widget-container\">\n\t\t\t\t\t<h2 class=\"elementor-heading-title elementor-size-default\"><a href=\"https:\/\/beyondskin.nura-kibris.com\/fr\/boutique-2\/shop-mbr\/mbr-men-oleosome\/\">MEN Ol\u00e9osome<\/a><\/h2>\t\t\t\t<\/div>\n\t\t\t\t<\/div>\n\t\t\t\t<div class=\"elementor-element elementor-element-88ea32c elementor-widget elementor-widget-heading\" data-id=\"88ea32c\" data-element_type=\"widget\" data-e-type=\"widget\" data-widget_type=\"heading.default\">\n\t\t\t\t<div class=\"elementor-widget-container\">\n\t\t\t\t\t<h2 class=\"elementor-heading-title elementor-size-default\"><a href=\"https:\/\/beyondskin.nura-kibris.com\/fr\/boutique-2\/shop-mbr\/mbr-medical-sun-care\/\">medical SUN care<\/a><\/h2>\t\t\t\t<\/div>\n\t\t\t\t<\/div>\n\t\t\t\t<div class=\"elementor-element elementor-element-c3ec876 elementor-widget elementor-widget-heading\" data-id=\"c3ec876\" data-element_type=\"widget\" data-e-type=\"widget\" data-widget_type=\"heading.default\">\n\t\t\t\t<div class=\"elementor-widget-container\">\n\t\t\t\t\t<h2 class=\"elementor-heading-title elementor-size-default\"><a href=\"https:\/\/beyondskin.nura-kibris.com\/shop\/shop-mbr\/mbr-fragrances-soaps\/\">Parfums &amp; Savons<\/a><\/h2>\t\t\t\t<\/div>\n\t\t\t\t<\/div>\n\t\t\t\t<div class=\"elementor-element elementor-element-a5942dd elementor-widget elementor-widget-heading\" data-id=\"a5942dd\" data-element_type=\"widget\" data-e-type=\"widget\" data-widget_type=\"heading.default\">\n\t\t\t\t<div class=\"elementor-widget-container\">\n\t\t\t\t\t<h2 class=\"elementor-heading-title elementor-size-default\"><a href=\"https:\/\/beyondskin.nura-kibris.com\/fr\/boutique-2\/shop-mbr\/boutique-mbr-coffrets\/\">MBR - ENSEMBLES<\/a><\/h2>\t\t\t\t<\/div>\n\t\t\t\t<\/div>\n\t\t\t\t\t<\/div>\n\t\t<\/div>\n\t\t\t\t<div class=\"elementor-column elementor-col-50 elementor-top-column elementor-element elementor-element-4721d01\" data-id=\"4721d01\" data-element_type=\"column\" data-e-type=\"column\">\n\t\t\t<div class=\"elementor-widget-wrap elementor-element-populated\">\n\t\t\t\t\t\t\t<\/div>\n\t\t<\/div>\n\t\t\t\t\t<\/div>\n\t\t<\/section>\n\t\t\t\t<section class=\"elementor-section elementor-top-section elementor-element elementor-element-9ab04f1 elementor-section-boxed elementor-section-height-default elementor-section-height-default\" data-id=\"9ab04f1\" data-element_type=\"section\" data-e-type=\"section\" data-settings=\"{&quot;background_background&quot;:&quot;classic&quot;}\">\n\t\t\t\t\t\t<div class=\"elementor-container elementor-column-gap-default\">\n\t\t\t\t\t<div class=\"elementor-column elementor-col-100 elementor-top-column elementor-element elementor-element-53fcc43\" data-id=\"53fcc43\" data-element_type=\"column\" data-e-type=\"column\">\n\t\t\t<div class=\"elementor-widget-wrap\">\n\t\t\t\t\t\t\t<\/div>\n\t\t<\/div>\n\t\t\t\t\t<\/div>\n\t\t<\/section>\n\t\t\t\t<section class=\"elementor-section elementor-top-section elementor-element elementor-element-e64d542 elementor-section-boxed elementor-section-height-default elementor-section-height-default\" data-id=\"e64d542\" data-element_type=\"section\" data-e-type=\"section\">\n\t\t\t\t\t\t<div class=\"elementor-container elementor-column-gap-default\">\n\t\t\t\t\t<div class=\"elementor-column elementor-col-33 elementor-top-column elementor-element elementor-element-17ea542\" data-id=\"17ea542\" data-element_type=\"column\" data-e-type=\"column\">\n\t\t\t<div class=\"elementor-widget-wrap elementor-element-populated\">\n\t\t\t\t\t\t<div class=\"elementor-element elementor-element-0de207f elementor-widget elementor-widget-image\" data-id=\"0de207f\" data-element_type=\"widget\" data-e-type=\"widget\" data-widget_type=\"image.default\">\n\t\t\t\t<div class=\"elementor-widget-container\">\n\t\t\t\t\t\t\t\t\t\t\t\t\t\t\t\t<a href=\"https:\/\/beyondskin.nura-kibris.com\/fr\/boutique-2\/shop-mbr\/\">\n\t\t\t\t\t\t\t<img decoding=\"async\" width=\"600\" height=\"600\" src=\"https:\/\/beyondskin.nura-kibris.com\/wp-content\/uploads\/2025\/06\/Kategorien-MBR-Logo.png\" class=\"attachment-large size-large wp-image-3975\" alt=\"Soins de la peau premium MBR\" srcset=\"https:\/\/beyondskin.nura-kibris.com\/wp-content\/uploads\/2025\/06\/Kategorien-MBR-Logo.png 600w, https:\/\/beyondskin.nura-kibris.com\/wp-content\/uploads\/2025\/06\/Kategorien-MBR-Logo-550x550.png 550w, https:\/\/beyondskin.nura-kibris.com\/wp-content\/uploads\/2025\/06\/Kategorien-MBR-Logo-100x100.png 100w, https:\/\/beyondskin.nura-kibris.com\/wp-content\/uploads\/2025\/06\/Kategorien-MBR-Logo-300x300.png 300w, https:\/\/beyondskin.nura-kibris.com\/wp-content\/uploads\/2025\/06\/Kategorien-MBR-Logo-150x150.png 150w\" sizes=\"(max-width: 600px) 100vw, 600px\" \/>\t\t\t\t\t\t\t\t<\/a>\n\t\t\t\t\t\t\t\t\t\t\t\t\t\t\t<\/div>\n\t\t\t\t<\/div>\n\t\t\t\t\t<\/div>\n\t\t<\/div>\n\t\t\t\t<div class=\"elementor-column elementor-col-33 elementor-top-column elementor-element elementor-element-5420d46\" data-id=\"5420d46\" data-element_type=\"column\" data-e-type=\"column\">\n\t\t\t<div class=\"elementor-widget-wrap elementor-element-populated\">\n\t\t\t\t\t\t<div class=\"elementor-element elementor-element-3362cc1 elementor-widget elementor-widget-image\" data-id=\"3362cc1\" data-element_type=\"widget\" data-e-type=\"widget\" data-widget_type=\"image.default\">\n\t\t\t\t<div class=\"elementor-widget-container\">\n\t\t\t\t\t\t\t\t\t\t\t\t\t\t\t\t<a href=\"https:\/\/beyondskin.nura-kibris.com\/fr\/boutique-2\/boutique-mh\/\">\n\t\t\t\t\t\t\t<img loading=\"lazy\" decoding=\"async\" width=\"800\" height=\"800\" src=\"https:\/\/beyondskin.nura-kibris.com\/wp-content\/uploads\/2025\/05\/MH_logo_poprawione_Black-1-1024x1024.png\" class=\"attachment-large size-large wp-image-3976\" alt=\"Soin professionnel des l\u00e8vres par Monika Heiligmann\" srcset=\"https:\/\/beyondskin.nura-kibris.com\/wp-content\/uploads\/2025\/05\/MH_logo_poprawione_Black-1-1024x1024.png 1024w, https:\/\/beyondskin.nura-kibris.com\/wp-content\/uploads\/2025\/05\/MH_logo_poprawione_Black-1-550x550.png 550w, https:\/\/beyondskin.nura-kibris.com\/wp-content\/uploads\/2025\/05\/MH_logo_poprawione_Black-1-100x100.png 100w, https:\/\/beyondskin.nura-kibris.com\/wp-content\/uploads\/2025\/05\/MH_logo_poprawione_Black-1-600x600.png 600w, https:\/\/beyondskin.nura-kibris.com\/wp-content\/uploads\/2025\/05\/MH_logo_poprawione_Black-1-300x300.png 300w, https:\/\/beyondskin.nura-kibris.com\/wp-content\/uploads\/2025\/05\/MH_logo_poprawione_Black-1-150x150.png 150w, https:\/\/beyondskin.nura-kibris.com\/wp-content\/uploads\/2025\/05\/MH_logo_poprawione_Black-1-768x768.png 768w, https:\/\/beyondskin.nura-kibris.com\/wp-content\/uploads\/2025\/05\/MH_logo_poprawione_Black-1.png 1250w\" sizes=\"(max-width: 800px) 100vw, 800px\" \/>\t\t\t\t\t\t\t\t<\/a>\n\t\t\t\t\t\t\t\t\t\t\t\t\t\t\t<\/div>\n\t\t\t\t<\/div>\n\t\t\t\t\t<\/div>\n\t\t<\/div>\n\t\t\t\t<div class=\"elementor-column elementor-col-33 elementor-top-column elementor-element elementor-element-d4fa616\" data-id=\"d4fa616\" data-element_type=\"column\" data-e-type=\"column\">\n\t\t\t<div class=\"elementor-widget-wrap elementor-element-populated\">\n\t\t\t\t\t\t<div class=\"elementor-element elementor-element-b0f58ea elementor-widget elementor-widget-image\" data-id=\"b0f58ea\" data-element_type=\"widget\" data-e-type=\"widget\" data-widget_type=\"image.default\">\n\t\t\t\t<div class=\"elementor-widget-container\">\n\t\t\t\t\t\t\t\t\t\t\t\t\t\t\t\t<a href=\"https:\/\/beyondskin.nura-kibris.com\/fr\/boutique-2\/shop-msb\/\">\n\t\t\t\t\t\t\t<img loading=\"lazy\" decoding=\"async\" width=\"600\" height=\"600\" src=\"https:\/\/beyondskin.nura-kibris.com\/wp-content\/uploads\/2025\/06\/Kategorien-MSB-Logo.png\" class=\"attachment-large size-large wp-image-3974\" alt=\"Soins de la peau haute technologie MSB\" srcset=\"https:\/\/beyondskin.nura-kibris.com\/wp-content\/uploads\/2025\/06\/Kategorien-MSB-Logo.png 600w, https:\/\/beyondskin.nura-kibris.com\/wp-content\/uploads\/2025\/06\/Kategorien-MSB-Logo-550x550.png 550w, https:\/\/beyondskin.nura-kibris.com\/wp-content\/uploads\/2025\/06\/Kategorien-MSB-Logo-100x100.png 100w, https:\/\/beyondskin.nura-kibris.com\/wp-content\/uploads\/2025\/06\/Kategorien-MSB-Logo-300x300.png 300w, https:\/\/beyondskin.nura-kibris.com\/wp-content\/uploads\/2025\/06\/Kategorien-MSB-Logo-150x150.png 150w\" sizes=\"(max-width: 600px) 100vw, 600px\" \/>\t\t\t\t\t\t\t\t<\/a>\n\t\t\t\t\t\t\t\t\t\t\t\t\t\t\t<\/div>\n\t\t\t\t<\/div>\n\t\t\t\t\t<\/div>\n\t\t<\/div>\n\t\t\t\t\t<\/div>\n\t\t<\/section>\n\t\t\t\t<\/div>\n\t\t","protected":false},"excerpt":{"rendered":"<p>MBR BOUTIQUE CEA Cocktails multi-vitamin\u00e9s \u2022 Combinaison innovante de science moderne et d&rsquo;ingr\u00e9dients actifs naturels \u2022 Agit contre la pollution atmosph\u00e9rique, l&rsquo;\u00e9lectrosmog et le stress UV. \u2022 Soutient la peau dans sa lutte contre les agressions ext\u00e9rieures. \u2022 R\u00e9duit la perte d&rsquo;hydratation, les rides et les taches pigmentaires, redonne de la vitalit\u00e9. MBR &#8211; Aper\u00e7u [&hellip;]<\/p>\n","protected":false},"author":2,"featured_media":0,"parent":4274,"menu_order":0,"comment_status":"closed","ping_status":"closed","template":"","meta":{"footnotes":""},"class_list":["post-4251","page","type-page","status-publish","hentry"],"_links":{"self":[{"href":"https:\/\/beyondskin.nura-kibris.com\/fr\/wp-json\/wp\/v2\/pages\/4251","targetHints":{"allow":["GET"]}}],"collection":[{"href":"https:\/\/beyondskin.nura-kibris.com\/fr\/wp-json\/wp\/v2\/pages"}],"about":[{"href":"https:\/\/beyondskin.nura-kibris.com\/fr\/wp-json\/wp\/v2\/types\/page"}],"author":[{"embeddable":true,"href":"https:\/\/beyondskin.nura-kibris.com\/fr\/wp-json\/wp\/v2\/users\/2"}],"replies":[{"embeddable":true,"href":"https:\/\/beyondskin.nura-kibris.com\/fr\/wp-json\/wp\/v2\/comments?post=4251"}],"version-history":[{"count":0,"href":"https:\/\/beyondskin.nura-kibris.com\/fr\/wp-json\/wp\/v2\/pages\/4251\/revisions"}],"up":[{"embeddable":true,"href":"https:\/\/beyondskin.nura-kibris.com\/fr\/wp-json\/wp\/v2\/pages\/4274"}],"wp:attachment":[{"href":"https:\/\/beyondskin.nura-kibris.com\/fr\/wp-json\/wp\/v2\/media?parent=4251"}],"curies":[{"name":"wp","href":"https:\/\/api.w.org\/{rel}","templated":true}]}}