{"id":4128,"date":"2025-06-25T14:11:24","date_gmt":"2025-06-25T12:11:24","guid":{"rendered":"https:\/\/beyond-skin.ch\/boutique-2\/shop-msb\/"},"modified":"2025-11-07T12:50:54","modified_gmt":"2025-11-07T10:50:54","slug":"shop-msb","status":"publish","type":"page","link":"https:\/\/beyondskin.nura-kibris.com\/fr\/boutique-2\/shop-msb\/","title":{"rendered":"SHOP MSB"},"content":{"rendered":"\t\t<div data-elementor-type=\"wp-page\" data-elementor-id=\"4128\" class=\"elementor elementor-4128\" data-elementor-post-type=\"page\">\n\t\t\t\t\t\t<section class=\"elementor-section elementor-top-section elementor-element elementor-element-cc2be6a elementor-section-height-min-height elementor-section-boxed elementor-section-height-default elementor-section-items-middle\" data-id=\"cc2be6a\" data-element_type=\"section\" data-e-type=\"section\" data-settings=\"{&quot;background_background&quot;:&quot;classic&quot;}\">\n\t\t\t\t\t\t<div class=\"elementor-container elementor-column-gap-default\">\n\t\t\t\t\t<div class=\"elementor-column elementor-col-100 elementor-top-column elementor-element elementor-element-11a9dae\" data-id=\"11a9dae\" data-element_type=\"column\" data-e-type=\"column\">\n\t\t\t<div class=\"elementor-widget-wrap elementor-element-populated\">\n\t\t\t\t\t\t<div class=\"elementor-element elementor-element-d7fa998 elementor-widget__width-initial elementor-widget elementor-widget-image\" data-id=\"d7fa998\" data-element_type=\"widget\" data-e-type=\"widget\" data-widget_type=\"image.default\">\n\t\t\t\t<div class=\"elementor-widget-container\">\n\t\t\t\t\t\t\t\t\t\t\t\t\t\t\t<img fetchpriority=\"high\" decoding=\"async\" width=\"768\" height=\"110\" src=\"https:\/\/beyondskin.nura-kibris.com\/wp-content\/uploads\/2024\/01\/beyondskin_Logo_RZ_CMYK_Weiss-768x110.png\" class=\"attachment-medium_large size-medium_large wp-image-3971\" alt=\"Beyond Skin Wellness Skincare Zurich Suisse\" srcset=\"https:\/\/beyondskin.nura-kibris.com\/wp-content\/uploads\/2024\/01\/beyondskin_Logo_RZ_CMYK_Weiss-768x110.png 768w, https:\/\/beyondskin.nura-kibris.com\/wp-content\/uploads\/2024\/01\/beyondskin_Logo_RZ_CMYK_Weiss-scaled-600x86.png 600w, https:\/\/beyondskin.nura-kibris.com\/wp-content\/uploads\/2024\/01\/beyondskin_Logo_RZ_CMYK_Weiss-300x43.png 300w, https:\/\/beyondskin.nura-kibris.com\/wp-content\/uploads\/2024\/01\/beyondskin_Logo_RZ_CMYK_Weiss-1024x147.png 1024w, https:\/\/beyondskin.nura-kibris.com\/wp-content\/uploads\/2024\/01\/beyondskin_Logo_RZ_CMYK_Weiss-1536x221.png 1536w, https:\/\/beyondskin.nura-kibris.com\/wp-content\/uploads\/2024\/01\/beyondskin_Logo_RZ_CMYK_Weiss-2048x294.png 2048w\" sizes=\"(max-width: 768px) 100vw, 768px\" \/>\t\t\t\t\t\t\t\t\t\t\t\t\t\t\t<\/div>\n\t\t\t\t<\/div>\n\t\t\t\t<div class=\"elementor-element elementor-element-6149ef7 elementor-invisible elementor-widget elementor-widget-heading\" data-id=\"6149ef7\" data-element_type=\"widget\" data-e-type=\"widget\" data-settings=\"{&quot;_animation&quot;:&quot;fadeInUp&quot;}\" data-widget_type=\"heading.default\">\n\t\t\t\t<div class=\"elementor-widget-container\">\n\t\t\t\t\t<h1 class=\"elementor-heading-title elementor-size-default\">BOUTIQUE MSB<\/h1>\t\t\t\t<\/div>\n\t\t\t\t<\/div>\n\t\t\t\t\t<\/div>\n\t\t<\/div>\n\t\t\t\t\t<\/div>\n\t\t<\/section>\n\t\t\t\t<section class=\"elementor-section elementor-top-section elementor-element elementor-element-7ff8569 elementor-section-boxed elementor-section-height-default elementor-section-height-default\" data-id=\"7ff8569\" data-element_type=\"section\" data-e-type=\"section\">\n\t\t\t\t\t\t<div class=\"elementor-container elementor-column-gap-default\">\n\t\t\t\t\t<div class=\"elementor-column elementor-col-100 elementor-top-column elementor-element elementor-element-58f5923\" data-id=\"58f5923\" data-element_type=\"column\" data-e-type=\"column\">\n\t\t\t<div class=\"elementor-widget-wrap elementor-element-populated\">\n\t\t\t\t\t\t<div class=\"elementor-element elementor-element-fee977b elementor-widget elementor-widget-image\" data-id=\"fee977b\" data-element_type=\"widget\" data-e-type=\"widget\" data-widget_type=\"image.default\">\n\t\t\t\t<div class=\"elementor-widget-container\">\n\t\t\t\t\t\t\t\t\t\t\t\t\t\t\t<img decoding=\"async\" width=\"600\" height=\"600\" src=\"https:\/\/beyondskin.nura-kibris.com\/wp-content\/uploads\/2025\/06\/Kategorien-MSB-Logo.png\" class=\"attachment-full size-full wp-image-3974\" alt=\"Soins de la peau haute technologie MSB\" srcset=\"https:\/\/beyondskin.nura-kibris.com\/wp-content\/uploads\/2025\/06\/Kategorien-MSB-Logo.png 600w, https:\/\/beyondskin.nura-kibris.com\/wp-content\/uploads\/2025\/06\/Kategorien-MSB-Logo-550x550.png 550w, https:\/\/beyondskin.nura-kibris.com\/wp-content\/uploads\/2025\/06\/Kategorien-MSB-Logo-100x100.png 100w, https:\/\/beyondskin.nura-kibris.com\/wp-content\/uploads\/2025\/06\/Kategorien-MSB-Logo-300x300.png 300w, https:\/\/beyondskin.nura-kibris.com\/wp-content\/uploads\/2025\/06\/Kategorien-MSB-Logo-150x150.png 150w\" sizes=\"(max-width: 600px) 100vw, 600px\" \/>\t\t\t\t\t\t\t\t\t\t\t\t\t\t\t<\/div>\n\t\t\t\t<\/div>\n\t\t\t\t<div class=\"elementor-element elementor-element-f7427da elementor-widget elementor-widget-text-editor\" data-id=\"f7427da\" data-element_type=\"widget\" data-e-type=\"widget\" data-widget_type=\"text-editor.default\">\n\t\t\t\t<div class=\"elementor-widget-container\">\n\t\t\t\t\t\t\t\t\t<h6>Smart Skin Concept<\/h6>\t\t\t\t\t\t\t\t<\/div>\n\t\t\t\t<\/div>\n\t\t\t\t<div class=\"elementor-element elementor-element-e34c462 elementor-widget elementor-widget-text-editor\" data-id=\"e34c462\" data-element_type=\"widget\" data-e-type=\"widget\" data-widget_type=\"text-editor.default\">\n\t\t\t\t<div class=\"elementor-widget-container\">\n\t\t\t\t\t\t\t\t\t<p>Depuis 2003, MSB\u00ae brille d\u2019une part en tant que dermatologue \u00e0 domicile avec des possibilit\u00e9s de th\u00e9rapie cibl\u00e9es pour les \u00e9tats cutan\u00e9s particuli\u00e8rement fragiles, et d\u2019autre part, il s\u2019av\u00e8re \u00eatre un \u00ab dopage cutan\u00e9 \u00bb tr\u00e8s efficace pour des processus de rajeunissement exceptionnels.<\/p>\t\t\t\t\t\t\t\t<\/div>\n\t\t\t\t<\/div>\n\t\t\t\t\t<\/div>\n\t\t<\/div>\n\t\t\t\t\t<\/div>\n\t\t<\/section>\n\t\t\t\t<section class=\"elementor-section elementor-top-section elementor-element elementor-element-c94a18d elementor-section-boxed elementor-section-height-default elementor-section-height-default\" data-id=\"c94a18d\" data-element_type=\"section\" data-e-type=\"section\">\n\t\t\t\t\t\t<div class=\"elementor-container elementor-column-gap-default\">\n\t\t\t\t\t<div class=\"elementor-column elementor-col-100 elementor-top-column elementor-element elementor-element-cc3d952\" data-id=\"cc3d952\" data-element_type=\"column\" data-e-type=\"column\">\n\t\t\t<div class=\"elementor-widget-wrap elementor-element-populated\">\n\t\t\t\t\t\t<div class=\"elementor-element elementor-element-e5fd9ed elementor-widget elementor-widget-heading\" data-id=\"e5fd9ed\" data-element_type=\"widget\" data-e-type=\"widget\" data-widget_type=\"heading.default\">\n\t\t\t\t<div class=\"elementor-widget-container\">\n\t\t\t\t\t<h2 class=\"elementor-heading-title elementor-size-default\"><a href=\"https:\/\/beyondskin.nura-kibris.com\/fr\/boutique-2\/shop-msb\/boutique-msb-basic-line\/\">Gamme Basic<\/a><\/h2>\t\t\t\t<\/div>\n\t\t\t\t<\/div>\n\t\t\t\t<div class=\"elementor-element elementor-element-2594671 elementor-widget elementor-widget-text-editor\" data-id=\"2594671\" data-element_type=\"widget\" data-e-type=\"widget\" data-widget_type=\"text-editor.default\">\n\t\t\t\t<div class=\"elementor-widget-container\">\n\t\t\t\t\t\t\t\t\t<p>Solutions polyvalentes pour&nbsp;:<br>\u2022 Anti-\u00e2ge<br>\u2022 Perte d\u2019\u00e9lasticit\u00e9<br>\u2022 Impuret\u00e9s (acn\u00e9)<br>\u2022 Rougeurs et irritations de la peau<br>\u2022 Rides et ridules<br>\u2022 Peau s\u00e8che<br>\u2022 Pigmentation<\/p>\t\t\t\t\t\t\t\t<\/div>\n\t\t\t\t<\/div>\n\t\t\t\t<div class=\"elementor-element elementor-element-5fc422a elementor-widget elementor-widget-heading\" data-id=\"5fc422a\" data-element_type=\"widget\" data-e-type=\"widget\" data-widget_type=\"heading.default\">\n\t\t\t\t<div class=\"elementor-widget-container\">\n\t\t\t\t\t<h2 class=\"elementor-heading-title elementor-size-default\"><a href=\"https:\/\/beyondskin.nura-kibris.com\/fr\/boutique-2\/shop-msb\/boutique-msb-acides-de-fruits\/\">MSB\u00ae Acides de fruits<\/a><\/h2>\t\t\t\t<\/div>\n\t\t\t\t<\/div>\n\t\t\t\t<div class=\"elementor-element elementor-element-81418a5 elementor-widget elementor-widget-text-editor\" data-id=\"81418a5\" data-element_type=\"widget\" data-e-type=\"widget\" data-widget_type=\"text-editor.default\">\n\t\t\t\t<div class=\"elementor-widget-container\">\n\t\t\t\t\t\t\t\t\t<p>\u2022 Une variante douce et une variante puissante<br>\u2022 Favorise un processus de renouvellement complet de la peau<br>\u2022 Une v\u00e9ritable fontaine de jouvence pour chaque peau et chaque besoin de la peau<\/p>\t\t\t\t\t\t\t\t<\/div>\n\t\t\t\t<\/div>\n\t\t\t\t<div class=\"elementor-element elementor-element-ae261b3 elementor-widget elementor-widget-heading\" data-id=\"ae261b3\" data-element_type=\"widget\" data-e-type=\"widget\" data-widget_type=\"heading.default\">\n\t\t\t\t<div class=\"elementor-widget-container\">\n\t\t\t\t\t<h2 class=\"elementor-heading-title elementor-size-default\"><a href=\"https:\/\/beyondskin.nura-kibris.com\/fr\/boutique-2\/shop-msb\/acheter-msb-alpha-trophox-112-soin-visage\/\">Alpha-Trophox112\u00ae \u2022 Soin Visage<\/a><\/h2>\t\t\t\t<\/div>\n\t\t\t\t<\/div>\n\t\t\t\t<div class=\"elementor-element elementor-element-ff686af elementor-widget elementor-widget-text-editor\" data-id=\"ff686af\" data-element_type=\"widget\" data-e-type=\"widget\" data-widget_type=\"text-editor.default\">\n\t\t\t\t<div class=\"elementor-widget-container\">\n\t\t\t\t\t\t\t\t\t<p>\u2022 Munapsys\u2122&nbsp;: Peptide \u00e0 effet botulinum<br>\u2022 Filmexel\u00ae&nbsp;: R\u00e9duction des rides et ridules<br>\u2022 Cresson de Para&nbsp;: \u00ab&nbsp;Bio-Botox&nbsp;\u00bb pour le lissage de la peau<br>\u2022 Bio-Placenta&nbsp;: Booster de revitalisation<\/p>\t\t\t\t\t\t\t\t<\/div>\n\t\t\t\t<\/div>\n\t\t\t\t<div class=\"elementor-element elementor-element-d12fa6e elementor-widget elementor-widget-heading\" data-id=\"d12fa6e\" data-element_type=\"widget\" data-e-type=\"widget\" data-widget_type=\"heading.default\">\n\t\t\t\t<div class=\"elementor-widget-container\">\n\t\t\t\t\t<h2 class=\"elementor-heading-title elementor-size-default\"><a href=\"https:\/\/beyondskin.nura-kibris.com\/fr\/boutique-2\/shop-msb\/boutique-msb-alpha-trophox-112-soin-corporel\/\">Alpha-Trophox112\u00ae \u2022 Soin Corps<\/a><\/h2>\t\t\t\t<\/div>\n\t\t\t\t<\/div>\n\t\t\t\t<div class=\"elementor-element elementor-element-4409d5b elementor-widget elementor-widget-text-editor\" data-id=\"4409d5b\" data-element_type=\"widget\" data-e-type=\"widget\" data-widget_type=\"text-editor.default\">\n\t\t\t\t<div class=\"elementor-widget-container\">\n\t\t\t\t\t\t\t\t\t<p>\u2022 Actigym\u2122&nbsp;: favorise la d\u00e9gradation des graisses<br>\u2022 Mod\u00e8le de belles contours corporels<br>\u2022 L\u2019entra\u00eeneur personnel secret<\/p>\t\t\t\t\t\t\t\t<\/div>\n\t\t\t\t<\/div>\n\t\t\t\t<div class=\"elementor-element elementor-element-d81d5fb elementor-widget elementor-widget-heading\" data-id=\"d81d5fb\" data-element_type=\"widget\" data-e-type=\"widget\" data-widget_type=\"heading.default\">\n\t\t\t\t<div class=\"elementor-widget-container\">\n\t\t\t\t\t<h2 class=\"elementor-heading-title elementor-size-default\"><a href=\"https:\/\/beyondskin.nura-kibris.com\/fr\/boutique-2\/shop-msb\/boutique-msb-sun\/\">MSB\u00ae SUN<\/a><\/h2>\t\t\t\t<\/div>\n\t\t\t\t<\/div>\n\t\t\t\t<div class=\"elementor-element elementor-element-1f332e4 elementor-widget elementor-widget-text-editor\" data-id=\"1f332e4\" data-element_type=\"widget\" data-e-type=\"widget\" data-widget_type=\"text-editor.default\">\n\t\t\t\t<div class=\"elementor-widget-container\">\n\t\t\t\t\t\t\t\t\t<p>\u2022 Protection UV-A et UV-B innovante et photostable<br>\u2022 Prot\u00e8ge contre le vieillissement cutan\u00e9 d\u00fb \u00e0 la lumi\u00e8re<br>\u2022 Compensation de la pigmentation et hydratation intense<br>\u2022 Renforce la r\u00e9sistance naturelle de la peau<\/p>\t\t\t\t\t\t\t\t<\/div>\n\t\t\t\t<\/div>\n\t\t\t\t\t<\/div>\n\t\t<\/div>\n\t\t\t\t\t<\/div>\n\t\t<\/section>\n\t\t\t\t<section class=\"elementor-section elementor-top-section elementor-element elementor-element-369c619 elementor-section-boxed elementor-section-height-default elementor-section-height-default\" data-id=\"369c619\" data-element_type=\"section\" data-e-type=\"section\" data-settings=\"{&quot;background_background&quot;:&quot;classic&quot;}\">\n\t\t\t\t\t\t<div class=\"elementor-container elementor-column-gap-default\">\n\t\t\t\t\t<div class=\"elementor-column elementor-col-100 elementor-top-column elementor-element elementor-element-a367a18\" data-id=\"a367a18\" data-element_type=\"column\" data-e-type=\"column\">\n\t\t\t<div class=\"elementor-widget-wrap\">\n\t\t\t\t\t\t\t<\/div>\n\t\t<\/div>\n\t\t\t\t\t<\/div>\n\t\t<\/section>\n\t\t\t\t<section class=\"elementor-section elementor-top-section elementor-element elementor-element-37583b7 elementor-section-boxed elementor-section-height-default elementor-section-height-default\" data-id=\"37583b7\" data-element_type=\"section\" data-e-type=\"section\">\n\t\t\t\t\t\t<div class=\"elementor-container elementor-column-gap-default\">\n\t\t\t\t\t<div class=\"elementor-column elementor-col-33 elementor-top-column elementor-element elementor-element-a24f810\" data-id=\"a24f810\" data-element_type=\"column\" data-e-type=\"column\">\n\t\t\t<div class=\"elementor-widget-wrap elementor-element-populated\">\n\t\t\t\t\t\t<div class=\"elementor-element elementor-element-5679498 elementor-widget elementor-widget-image\" data-id=\"5679498\" data-element_type=\"widget\" data-e-type=\"widget\" data-widget_type=\"image.default\">\n\t\t\t\t<div class=\"elementor-widget-container\">\n\t\t\t\t\t\t\t\t\t\t\t\t\t\t\t\t<a href=\"https:\/\/beyondskin.nura-kibris.com\/shop\/shop-mbr\/\">\n\t\t\t\t\t\t\t<img decoding=\"async\" width=\"600\" height=\"600\" src=\"https:\/\/beyondskin.nura-kibris.com\/wp-content\/uploads\/2025\/06\/Kategorien-MBR-Logo.png\" class=\"attachment-large size-large wp-image-3975\" alt=\"Soins de la peau premium MBR\" srcset=\"https:\/\/beyondskin.nura-kibris.com\/wp-content\/uploads\/2025\/06\/Kategorien-MBR-Logo.png 600w, https:\/\/beyondskin.nura-kibris.com\/wp-content\/uploads\/2025\/06\/Kategorien-MBR-Logo-550x550.png 550w, https:\/\/beyondskin.nura-kibris.com\/wp-content\/uploads\/2025\/06\/Kategorien-MBR-Logo-100x100.png 100w, https:\/\/beyondskin.nura-kibris.com\/wp-content\/uploads\/2025\/06\/Kategorien-MBR-Logo-300x300.png 300w, https:\/\/beyondskin.nura-kibris.com\/wp-content\/uploads\/2025\/06\/Kategorien-MBR-Logo-150x150.png 150w\" sizes=\"(max-width: 600px) 100vw, 600px\" \/>\t\t\t\t\t\t\t\t<\/a>\n\t\t\t\t\t\t\t\t\t\t\t\t\t\t\t<\/div>\n\t\t\t\t<\/div>\n\t\t\t\t\t<\/div>\n\t\t<\/div>\n\t\t\t\t<div class=\"elementor-column elementor-col-33 elementor-top-column elementor-element elementor-element-517202c\" data-id=\"517202c\" data-element_type=\"column\" data-e-type=\"column\">\n\t\t\t<div class=\"elementor-widget-wrap elementor-element-populated\">\n\t\t\t\t\t\t<div class=\"elementor-element elementor-element-97e7574 elementor-widget elementor-widget-image\" data-id=\"97e7574\" data-element_type=\"widget\" data-e-type=\"widget\" data-widget_type=\"image.default\">\n\t\t\t\t<div class=\"elementor-widget-container\">\n\t\t\t\t\t\t\t\t\t\t\t\t\t\t\t\t<a href=\"https:\/\/beyondskin.nura-kibris.com\/shop\/shop-mh\/\">\n\t\t\t\t\t\t\t<img loading=\"lazy\" decoding=\"async\" width=\"800\" height=\"800\" src=\"https:\/\/beyondskin.nura-kibris.com\/wp-content\/uploads\/2025\/05\/MH_logo_poprawione_Black-1-1024x1024.png\" class=\"attachment-large size-large wp-image-3976\" alt=\"Soin professionnel des l\u00e8vres par Monika Heiligmann\" srcset=\"https:\/\/beyondskin.nura-kibris.com\/wp-content\/uploads\/2025\/05\/MH_logo_poprawione_Black-1-1024x1024.png 1024w, https:\/\/beyondskin.nura-kibris.com\/wp-content\/uploads\/2025\/05\/MH_logo_poprawione_Black-1-550x550.png 550w, https:\/\/beyondskin.nura-kibris.com\/wp-content\/uploads\/2025\/05\/MH_logo_poprawione_Black-1-100x100.png 100w, https:\/\/beyondskin.nura-kibris.com\/wp-content\/uploads\/2025\/05\/MH_logo_poprawione_Black-1-600x600.png 600w, https:\/\/beyondskin.nura-kibris.com\/wp-content\/uploads\/2025\/05\/MH_logo_poprawione_Black-1-300x300.png 300w, https:\/\/beyondskin.nura-kibris.com\/wp-content\/uploads\/2025\/05\/MH_logo_poprawione_Black-1-150x150.png 150w, https:\/\/beyondskin.nura-kibris.com\/wp-content\/uploads\/2025\/05\/MH_logo_poprawione_Black-1-768x768.png 768w, https:\/\/beyondskin.nura-kibris.com\/wp-content\/uploads\/2025\/05\/MH_logo_poprawione_Black-1.png 1250w\" sizes=\"(max-width: 800px) 100vw, 800px\" \/>\t\t\t\t\t\t\t\t<\/a>\n\t\t\t\t\t\t\t\t\t\t\t\t\t\t\t<\/div>\n\t\t\t\t<\/div>\n\t\t\t\t\t<\/div>\n\t\t<\/div>\n\t\t\t\t<div class=\"elementor-column elementor-col-33 elementor-top-column elementor-element elementor-element-ec8fba5\" data-id=\"ec8fba5\" data-element_type=\"column\" data-e-type=\"column\">\n\t\t\t<div class=\"elementor-widget-wrap elementor-element-populated\">\n\t\t\t\t\t\t<div class=\"elementor-element elementor-element-00b0b8f elementor-widget elementor-widget-image\" data-id=\"00b0b8f\" data-element_type=\"widget\" data-e-type=\"widget\" data-widget_type=\"image.default\">\n\t\t\t\t<div class=\"elementor-widget-container\">\n\t\t\t\t\t\t\t\t\t\t\t\t\t\t\t\t<a href=\"https:\/\/beyondskin.nura-kibris.com\/fr\/boutique-2\/shop-msb\/\">\n\t\t\t\t\t\t\t<img loading=\"lazy\" decoding=\"async\" width=\"600\" height=\"600\" src=\"https:\/\/beyondskin.nura-kibris.com\/wp-content\/uploads\/2025\/06\/Kategorien-MSB-Logo.png\" class=\"attachment-large size-large wp-image-3974\" alt=\"Soins de la peau haute technologie MSB\" srcset=\"https:\/\/beyondskin.nura-kibris.com\/wp-content\/uploads\/2025\/06\/Kategorien-MSB-Logo.png 600w, https:\/\/beyondskin.nura-kibris.com\/wp-content\/uploads\/2025\/06\/Kategorien-MSB-Logo-550x550.png 550w, https:\/\/beyondskin.nura-kibris.com\/wp-content\/uploads\/2025\/06\/Kategorien-MSB-Logo-100x100.png 100w, https:\/\/beyondskin.nura-kibris.com\/wp-content\/uploads\/2025\/06\/Kategorien-MSB-Logo-300x300.png 300w, https:\/\/beyondskin.nura-kibris.com\/wp-content\/uploads\/2025\/06\/Kategorien-MSB-Logo-150x150.png 150w\" sizes=\"(max-width: 600px) 100vw, 600px\" \/>\t\t\t\t\t\t\t\t<\/a>\n\t\t\t\t\t\t\t\t\t\t\t\t\t\t\t<\/div>\n\t\t\t\t<\/div>\n\t\t\t\t\t<\/div>\n\t\t<\/div>\n\t\t\t\t\t<\/div>\n\t\t<\/section>\n\t\t\t\t<\/div>\n\t\t","protected":false},"excerpt":{"rendered":"<p>BOUTIQUE MSB Smart Skin Concept Depuis 2003, MSB\u00ae brille d\u2019une part en tant que dermatologue \u00e0 domicile avec des possibilit\u00e9s de th\u00e9rapie cibl\u00e9es pour les \u00e9tats cutan\u00e9s particuli\u00e8rement fragiles, et d\u2019autre part, il s\u2019av\u00e8re \u00eatre un \u00ab dopage cutan\u00e9 \u00bb tr\u00e8s efficace pour des processus de rajeunissement exceptionnels. Gamme Basic Solutions polyvalentes pour&nbsp;:\u2022 Anti-\u00e2ge\u2022 Perte [&hellip;]<\/p>\n","protected":false},"author":2,"featured_media":0,"parent":4018,"menu_order":0,"comment_status":"closed","ping_status":"closed","template":"","meta":{"footnotes":""},"class_list":["post-4128","page","type-page","status-publish","hentry"],"_links":{"self":[{"href":"https:\/\/beyondskin.nura-kibris.com\/fr\/wp-json\/wp\/v2\/pages\/4128","targetHints":{"allow":["GET"]}}],"collection":[{"href":"https:\/\/beyondskin.nura-kibris.com\/fr\/wp-json\/wp\/v2\/pages"}],"about":[{"href":"https:\/\/beyondskin.nura-kibris.com\/fr\/wp-json\/wp\/v2\/types\/page"}],"author":[{"embeddable":true,"href":"https:\/\/beyondskin.nura-kibris.com\/fr\/wp-json\/wp\/v2\/users\/2"}],"replies":[{"embeddable":true,"href":"https:\/\/beyondskin.nura-kibris.com\/fr\/wp-json\/wp\/v2\/comments?post=4128"}],"version-history":[{"count":0,"href":"https:\/\/beyondskin.nura-kibris.com\/fr\/wp-json\/wp\/v2\/pages\/4128\/revisions"}],"up":[{"embeddable":true,"href":"https:\/\/beyondskin.nura-kibris.com\/fr\/wp-json\/wp\/v2\/pages\/4018"}],"wp:attachment":[{"href":"https:\/\/beyondskin.nura-kibris.com\/fr\/wp-json\/wp\/v2\/media?parent=4128"}],"curies":[{"name":"wp","href":"https:\/\/api.w.org\/{rel}","templated":true}]}}