{"id":4075,"date":"2025-06-24T13:47:21","date_gmt":"2025-06-24T11:47:21","guid":{"rendered":"https:\/\/beyond-skin.ch\/mbr-continueline-med\/"},"modified":"2025-11-07T12:52:35","modified_gmt":"2025-11-07T10:52:35","slug":"mbr-continueline-med","status":"publish","type":"page","link":"https:\/\/beyondskin.nura-kibris.com\/fr\/boutique-2\/shop-mbr\/mbr-continueline-med\/","title":{"rendered":"MBR ContinueLine med"},"content":{"rendered":"\t\t<div data-elementor-type=\"wp-page\" data-elementor-id=\"4075\" class=\"elementor elementor-4075\" data-elementor-post-type=\"page\">\n\t\t\t\t\t\t<section class=\"elementor-section elementor-top-section elementor-element elementor-element-cc2be6a elementor-section-height-min-height elementor-section-boxed elementor-section-height-default elementor-section-items-middle\" data-id=\"cc2be6a\" data-element_type=\"section\" data-e-type=\"section\" data-settings=\"{&quot;background_background&quot;:&quot;classic&quot;}\">\n\t\t\t\t\t\t<div class=\"elementor-container elementor-column-gap-default\">\n\t\t\t\t\t<div class=\"elementor-column elementor-col-100 elementor-top-column elementor-element elementor-element-11a9dae\" data-id=\"11a9dae\" data-element_type=\"column\" data-e-type=\"column\">\n\t\t\t<div class=\"elementor-widget-wrap elementor-element-populated\">\n\t\t\t\t\t\t<div class=\"elementor-element elementor-element-d7fa998 elementor-widget__width-initial elementor-widget elementor-widget-image\" data-id=\"d7fa998\" data-element_type=\"widget\" data-e-type=\"widget\" data-widget_type=\"image.default\">\n\t\t\t\t<div class=\"elementor-widget-container\">\n\t\t\t\t\t\t\t\t\t\t\t\t\t\t\t<img fetchpriority=\"high\" decoding=\"async\" width=\"768\" height=\"110\" src=\"https:\/\/beyondskin.nura-kibris.com\/wp-content\/uploads\/2024\/01\/beyondskin_Logo_RZ_CMYK_Weiss-768x110.png\" class=\"attachment-medium_large size-medium_large wp-image-3971\" alt=\"Beyond Skin Wellness Skincare Zurich Suisse\" srcset=\"https:\/\/beyondskin.nura-kibris.com\/wp-content\/uploads\/2024\/01\/beyondskin_Logo_RZ_CMYK_Weiss-768x110.png 768w, https:\/\/beyondskin.nura-kibris.com\/wp-content\/uploads\/2024\/01\/beyondskin_Logo_RZ_CMYK_Weiss-scaled-600x86.png 600w, https:\/\/beyondskin.nura-kibris.com\/wp-content\/uploads\/2024\/01\/beyondskin_Logo_RZ_CMYK_Weiss-300x43.png 300w, https:\/\/beyondskin.nura-kibris.com\/wp-content\/uploads\/2024\/01\/beyondskin_Logo_RZ_CMYK_Weiss-1024x147.png 1024w, https:\/\/beyondskin.nura-kibris.com\/wp-content\/uploads\/2024\/01\/beyondskin_Logo_RZ_CMYK_Weiss-1536x221.png 1536w, https:\/\/beyondskin.nura-kibris.com\/wp-content\/uploads\/2024\/01\/beyondskin_Logo_RZ_CMYK_Weiss-2048x294.png 2048w\" sizes=\"(max-width: 768px) 100vw, 768px\" \/>\t\t\t\t\t\t\t\t\t\t\t\t\t\t\t<\/div>\n\t\t\t\t<\/div>\n\t\t\t\t<div class=\"elementor-element elementor-element-6149ef7 elementor-invisible elementor-widget elementor-widget-heading\" data-id=\"6149ef7\" data-element_type=\"widget\" data-e-type=\"widget\" data-settings=\"{&quot;_animation&quot;:&quot;fadeInUp&quot;}\" data-widget_type=\"heading.default\">\n\t\t\t\t<div class=\"elementor-widget-container\">\n\t\t\t\t\t<h3 class=\"elementor-heading-title elementor-size-default\">MBR SHOP<\/h3>\t\t\t\t<\/div>\n\t\t\t\t<\/div>\n\t\t\t\t\t<\/div>\n\t\t<\/div>\n\t\t\t\t\t<\/div>\n\t\t<\/section>\n\t\t\t\t<section class=\"elementor-section elementor-top-section elementor-element elementor-element-69d8440 elementor-section-boxed elementor-section-height-default elementor-section-height-default\" data-id=\"69d8440\" data-element_type=\"section\" data-e-type=\"section\">\n\t\t\t\t\t\t<div class=\"elementor-container elementor-column-gap-default\">\n\t\t\t\t\t<div class=\"elementor-column elementor-col-100 elementor-top-column elementor-element elementor-element-305b4e8\" data-id=\"305b4e8\" data-element_type=\"column\" data-e-type=\"column\">\n\t\t\t<div class=\"elementor-widget-wrap elementor-element-populated\">\n\t\t\t\t\t\t<div class=\"elementor-element elementor-element-0e7944a elementor-widget elementor-widget-woocommerce-breadcrumb\" data-id=\"0e7944a\" data-element_type=\"widget\" data-e-type=\"widget\" data-widget_type=\"woocommerce-breadcrumb.default\">\n\t\t\t\t<div class=\"elementor-widget-container\">\n\t\t\t\t\t<nav class=\"woocommerce-breadcrumb\" aria-label=\"Breadcrumb\">Accueil<\/nav>\t\t\t\t<\/div>\n\t\t\t\t<\/div>\n\t\t\t\t\t<\/div>\n\t\t<\/div>\n\t\t\t\t\t<\/div>\n\t\t<\/section>\n\t\t\t\t<section class=\"elementor-section elementor-top-section elementor-element elementor-element-058e46c elementor-section-boxed elementor-section-height-default elementor-section-height-default\" data-id=\"058e46c\" data-element_type=\"section\" data-e-type=\"section\">\n\t\t\t\t\t\t<div class=\"elementor-container elementor-column-gap-default\">\n\t\t\t\t\t<div class=\"elementor-column elementor-col-33 elementor-top-column elementor-element elementor-element-cf52bad\" data-id=\"cf52bad\" data-element_type=\"column\" data-e-type=\"column\">\n\t\t\t<div class=\"elementor-widget-wrap elementor-element-populated\">\n\t\t\t\t\t\t<div class=\"elementor-element elementor-element-e963d64 elementor-widget elementor-widget-image\" data-id=\"e963d64\" data-element_type=\"widget\" data-e-type=\"widget\" data-widget_type=\"image.default\">\n\t\t\t\t<div class=\"elementor-widget-container\">\n\t\t\t\t\t\t\t\t\t\t\t\t\t\t\t<img decoding=\"async\" width=\"300\" height=\"300\" src=\"https:\/\/beyondskin.nura-kibris.com\/wp-content\/uploads\/2025\/06\/Kategorien-MBR-Logo-300x300.png\" class=\"attachment-medium size-medium wp-image-3975\" alt=\"Soins de la peau premium MBR\" srcset=\"https:\/\/beyondskin.nura-kibris.com\/wp-content\/uploads\/2025\/06\/Kategorien-MBR-Logo-300x300.png 300w, https:\/\/beyondskin.nura-kibris.com\/wp-content\/uploads\/2025\/06\/Kategorien-MBR-Logo-550x550.png 550w, https:\/\/beyondskin.nura-kibris.com\/wp-content\/uploads\/2025\/06\/Kategorien-MBR-Logo-100x100.png 100w, https:\/\/beyondskin.nura-kibris.com\/wp-content\/uploads\/2025\/06\/Kategorien-MBR-Logo-150x150.png 150w, https:\/\/beyondskin.nura-kibris.com\/wp-content\/uploads\/2025\/06\/Kategorien-MBR-Logo.png 600w\" sizes=\"(max-width: 300px) 100vw, 300px\" \/>\t\t\t\t\t\t\t\t\t\t\t\t\t\t\t<\/div>\n\t\t\t\t<\/div>\n\t\t\t\t\t<\/div>\n\t\t<\/div>\n\t\t\t\t<div class=\"elementor-column elementor-col-33 elementor-top-column elementor-element elementor-element-e3c9958\" data-id=\"e3c9958\" data-element_type=\"column\" data-e-type=\"column\">\n\t\t\t<div class=\"elementor-widget-wrap elementor-element-populated\">\n\t\t\t\t\t\t<div class=\"elementor-element elementor-element-b22af97 elementor-widget elementor-widget-text-editor\" data-id=\"b22af97\" data-element_type=\"widget\" data-e-type=\"widget\" data-widget_type=\"text-editor.default\">\n\t\t\t\t<div class=\"elementor-widget-container\">\n\t\t\t\t\t\t\t\t\t<h3>ContinueLine med\u00ae<\/h3>\t\t\t\t\t\t\t\t<\/div>\n\t\t\t\t<\/div>\n\t\t\t\t<div class=\"elementor-element elementor-element-deff071 elementor-widget elementor-widget-text-editor\" data-id=\"deff071\" data-element_type=\"widget\" data-e-type=\"widget\" data-widget_type=\"text-editor.default\">\n\t\t\t\t<div class=\"elementor-widget-container\">\n\t\t\t\t\t\t\t\t\t<p>La ligne de sp\u00e9cialistes pour les peaux hautement r\u00e9actives, sensibles et irrit\u00e9es.<\/p>\t\t\t\t\t\t\t\t<\/div>\n\t\t\t\t<\/div>\n\t\t\t\t\t<\/div>\n\t\t<\/div>\n\t\t\t\t<div class=\"elementor-column elementor-col-33 elementor-top-column elementor-element elementor-element-3c9c98a\" data-id=\"3c9c98a\" data-element_type=\"column\" data-e-type=\"column\">\n\t\t\t<div class=\"elementor-widget-wrap elementor-element-populated\">\n\t\t\t\t\t\t<div class=\"elementor-element elementor-element-f297ce2 elementor-widget elementor-widget-text-editor\" data-id=\"f297ce2\" data-element_type=\"widget\" data-e-type=\"widget\" data-widget_type=\"text-editor.default\">\n\t\t\t\t<div class=\"elementor-widget-container\">\n\t\t\t\t\t\t\t\t\t<p>\u2022 Premiers soins pour soutenir le processus de gu\u00e9rison de la peau<\/p><p>\u2022 Test\u00e9 cliniquement, anti-inflammatoire, apaisant, stabilisant<\/p><p>\u2022 Renforce le syst\u00e8me immunitaire et de d\u00e9fense, assistance dermatologique<\/p><p>\u2022 Sans : paraffines, parab\u00e8nes, \u00e9mulsifiants, parfums et colorants<\/p>\t\t\t\t\t\t\t\t<\/div>\n\t\t\t\t<\/div>\n\t\t\t\t\t<\/div>\n\t\t<\/div>\n\t\t\t\t\t<\/div>\n\t\t<\/section>\n\t\t\t\t<section class=\"elementor-section elementor-top-section elementor-element elementor-element-b8b3620 elementor-section-boxed elementor-section-height-default elementor-section-height-default\" data-id=\"b8b3620\" data-element_type=\"section\" data-e-type=\"section\">\n\t\t\t\t\t\t<div class=\"elementor-container elementor-column-gap-default\">\n\t\t\t\t\t<div class=\"elementor-column elementor-col-50 elementor-top-column elementor-element elementor-element-8c946ff\" data-id=\"8c946ff\" data-element_type=\"column\" data-e-type=\"column\">\n\t\t\t<div class=\"elementor-widget-wrap elementor-element-populated\">\n\t\t\t\t\t\t<div class=\"elementor-element elementor-element-5dc8bbf elementor-widget elementor-widget-heading\" data-id=\"5dc8bbf\" data-element_type=\"widget\" data-e-type=\"widget\" data-widget_type=\"heading.default\">\n\t\t\t\t<div class=\"elementor-widget-container\">\n\t\t\t\t\t<h2 class=\"elementor-heading-title elementor-size-default\"><a href=\"https:\/\/beyondskin.nura-kibris.com\/fr\/boutique-2\/shop-mbr\/\">MBR - Aper\u00e7u des marques<\/a><\/h2>\t\t\t\t<\/div>\n\t\t\t\t<\/div>\n\t\t\t\t<div class=\"elementor-element elementor-element-b62836c elementor-widget elementor-widget-heading\" data-id=\"b62836c\" data-element_type=\"widget\" data-e-type=\"widget\" data-widget_type=\"heading.default\">\n\t\t\t\t<div class=\"elementor-widget-container\">\n\t\t\t\t\t<h2 class=\"elementor-heading-title elementor-size-default\"><a href=\"https:\/\/beyondskin.nura-kibris.com\/fr\/boutique-2\/shop-mbr\/mbr-biochange\/\">BioChange<\/a><\/h2>\t\t\t\t<\/div>\n\t\t\t\t<\/div>\n\t\t\t\t<div class=\"elementor-element elementor-element-c6f06a5 elementor-widget elementor-widget-heading\" data-id=\"c6f06a5\" data-element_type=\"widget\" data-e-type=\"widget\" data-widget_type=\"heading.default\">\n\t\t\t\t<div class=\"elementor-widget-container\">\n\t\t\t\t\t<h2 class=\"elementor-heading-title elementor-size-default\"><a href=\"https:\/\/beyondskin.nura-kibris.com\/fr\/boutique-2\/shop-mbr\/mbr-cytoline\/\">CytoLine<\/a><\/h2>\t\t\t\t<\/div>\n\t\t\t\t<\/div>\n\t\t\t\t<div class=\"elementor-element elementor-element-fcd3c31 elementor-widget elementor-widget-heading\" data-id=\"fcd3c31\" data-element_type=\"widget\" data-e-type=\"widget\" data-widget_type=\"heading.default\">\n\t\t\t\t<div class=\"elementor-widget-container\">\n\t\t\t\t\t<h2 class=\"elementor-heading-title elementor-size-default\"><a href=\"https:\/\/beyondskin.nura-kibris.com\/fr\/boutique-2\/shop-mbr\/mbr-cea\/\">CEA<\/a><\/h2>\t\t\t\t<\/div>\n\t\t\t\t<\/div>\n\t\t\t\t<div class=\"elementor-element elementor-element-11c5625 elementor-widget elementor-widget-heading\" data-id=\"11c5625\" data-element_type=\"widget\" data-e-type=\"widget\" data-widget_type=\"heading.default\">\n\t\t\t\t<div class=\"elementor-widget-container\">\n\t\t\t\t\t<h2 class=\"elementor-heading-title elementor-size-default\"><a href=\"https:\/\/beyondskin.nura-kibris.com\/fr\/boutique-2\/shop-mbr\/mbr-pure-perfection-100-n\/\">Pure Perfection 100 N\u00ae<\/a><\/h2>\t\t\t\t<\/div>\n\t\t\t\t<\/div>\n\t\t\t\t<div class=\"elementor-element elementor-element-c5237a5 elementor-widget elementor-widget-heading\" data-id=\"c5237a5\" data-element_type=\"widget\" data-e-type=\"widget\" data-widget_type=\"heading.default\">\n\t\t\t\t<div class=\"elementor-widget-container\">\n\t\t\t\t\t<h2 class=\"elementor-heading-title elementor-size-default\"><a href=\"https:\/\/beyondskin.nura-kibris.com\/fr\/boutique-2\/shop-mbr\/mbr-pure-perfection-the-best\/\">Pure Perfection THE BEST<\/a><\/h2>\t\t\t\t<\/div>\n\t\t\t\t<\/div>\n\t\t\t\t<div class=\"elementor-element elementor-element-3c3537d elementor-widget elementor-widget-heading\" data-id=\"3c3537d\" data-element_type=\"widget\" data-e-type=\"widget\" data-widget_type=\"heading.default\">\n\t\t\t\t<div class=\"elementor-widget-container\">\n\t\t\t\t\t<h2 class=\"elementor-heading-title elementor-size-default\"><a href=\"https:\/\/beyondskin.nura-kibris.com\/fr\/boutique-2\/shop-mbr\/mbr-continueline-med\/\">ContinueLine med\u00ae<\/a><\/h2>\t\t\t\t<\/div>\n\t\t\t\t<\/div>\n\t\t\t\t<div class=\"elementor-element elementor-element-bf8efe8 elementor-widget elementor-widget-heading\" data-id=\"bf8efe8\" data-element_type=\"widget\" data-e-type=\"widget\" data-widget_type=\"heading.default\">\n\t\t\t\t<div class=\"elementor-widget-container\">\n\t\t\t\t\t<h2 class=\"elementor-heading-title elementor-size-default\"><a href=\"https:\/\/beyondskin.nura-kibris.com\/fr\/boutique-2\/shop-mbr\/mbr-soins-corps\/\">SOINS CORPORELS<\/a><\/h2>\t\t\t\t<\/div>\n\t\t\t\t<\/div>\n\t\t\t\t<div class=\"elementor-element elementor-element-e46376c elementor-widget elementor-widget-heading\" data-id=\"e46376c\" data-element_type=\"widget\" data-e-type=\"widget\" data-widget_type=\"heading.default\">\n\t\t\t\t<div class=\"elementor-widget-container\">\n\t\t\t\t\t<h2 class=\"elementor-heading-title elementor-size-default\"><a href=\"https:\/\/beyondskin.nura-kibris.com\/fr\/boutique-2\/shop-mbr\/mbr-men-oleosome\/\">MEN Oleosome<\/a><\/h2>\t\t\t\t<\/div>\n\t\t\t\t<\/div>\n\t\t\t\t<div class=\"elementor-element elementor-element-ac08d9e elementor-widget elementor-widget-heading\" data-id=\"ac08d9e\" data-element_type=\"widget\" data-e-type=\"widget\" data-widget_type=\"heading.default\">\n\t\t\t\t<div class=\"elementor-widget-container\">\n\t\t\t\t\t<h2 class=\"elementor-heading-title elementor-size-default\"><a href=\"https:\/\/beyondskin.nura-kibris.com\/fr\/boutique-2\/shop-mbr\/mbr-medical-sun-care\/\">medical SUN care<\/a><\/h2>\t\t\t\t<\/div>\n\t\t\t\t<\/div>\n\t\t\t\t<div class=\"elementor-element elementor-element-9f9c1da elementor-widget elementor-widget-heading\" data-id=\"9f9c1da\" data-element_type=\"widget\" data-e-type=\"widget\" data-widget_type=\"heading.default\">\n\t\t\t\t<div class=\"elementor-widget-container\">\n\t\t\t\t\t<h2 class=\"elementor-heading-title elementor-size-default\"><a href=\"https:\/\/beyondskin.nura-kibris.com\/shop\/shop-mbr\/mbr-fragrances-soaps\/\">Parfums &amp; Savons<\/a><\/h2>\t\t\t\t<\/div>\n\t\t\t\t<\/div>\n\t\t\t\t<div class=\"elementor-element elementor-element-f3d51f8 elementor-widget elementor-widget-heading\" data-id=\"f3d51f8\" data-element_type=\"widget\" data-e-type=\"widget\" data-widget_type=\"heading.default\">\n\t\t\t\t<div class=\"elementor-widget-container\">\n\t\t\t\t\t<h2 class=\"elementor-heading-title elementor-size-default\"><a href=\"https:\/\/beyondskin.nura-kibris.com\/fr\/boutique-2\/shop-mbr\/boutique-mbr-coffrets\/\">MBR - ENSEMBLES<\/a><\/h2>\t\t\t\t<\/div>\n\t\t\t\t<\/div>\n\t\t\t\t\t<\/div>\n\t\t<\/div>\n\t\t\t\t<div class=\"elementor-column elementor-col-50 elementor-top-column elementor-element elementor-element-4721d01\" data-id=\"4721d01\" data-element_type=\"column\" data-e-type=\"column\">\n\t\t\t<div class=\"elementor-widget-wrap elementor-element-populated\">\n\t\t\t\t\t\t\t<\/div>\n\t\t<\/div>\n\t\t\t\t\t<\/div>\n\t\t<\/section>\n\t\t\t\t<section class=\"elementor-section elementor-top-section elementor-element elementor-element-d7364c1 elementor-section-boxed elementor-section-height-default elementor-section-height-default\" data-id=\"d7364c1\" data-element_type=\"section\" data-e-type=\"section\" data-settings=\"{&quot;background_background&quot;:&quot;classic&quot;}\">\n\t\t\t\t\t\t<div class=\"elementor-container elementor-column-gap-default\">\n\t\t\t\t\t<div class=\"elementor-column elementor-col-100 elementor-top-column elementor-element elementor-element-9a4fd21\" data-id=\"9a4fd21\" data-element_type=\"column\" data-e-type=\"column\">\n\t\t\t<div class=\"elementor-widget-wrap\">\n\t\t\t\t\t\t\t<\/div>\n\t\t<\/div>\n\t\t\t\t\t<\/div>\n\t\t<\/section>\n\t\t\t\t<section class=\"elementor-section elementor-top-section elementor-element elementor-element-e6704ed elementor-section-boxed elementor-section-height-default elementor-section-height-default\" data-id=\"e6704ed\" data-element_type=\"section\" data-e-type=\"section\">\n\t\t\t\t\t\t<div class=\"elementor-container elementor-column-gap-default\">\n\t\t\t\t\t<div class=\"elementor-column elementor-col-33 elementor-top-column elementor-element elementor-element-1de0b3a\" data-id=\"1de0b3a\" data-element_type=\"column\" data-e-type=\"column\">\n\t\t\t<div class=\"elementor-widget-wrap elementor-element-populated\">\n\t\t\t\t\t\t<div class=\"elementor-element elementor-element-252381b elementor-widget elementor-widget-image\" data-id=\"252381b\" data-element_type=\"widget\" data-e-type=\"widget\" data-widget_type=\"image.default\">\n\t\t\t\t<div class=\"elementor-widget-container\">\n\t\t\t\t\t\t\t\t\t\t\t\t\t\t\t\t<a href=\"https:\/\/beyondskin.nura-kibris.com\/fr\/boutique-2\/shop-mbr\/\">\n\t\t\t\t\t\t\t<img decoding=\"async\" width=\"600\" height=\"600\" src=\"https:\/\/beyondskin.nura-kibris.com\/wp-content\/uploads\/2025\/06\/Kategorien-MBR-Logo.png\" class=\"attachment-large size-large wp-image-3975\" alt=\"Soins de la peau premium MBR\" srcset=\"https:\/\/beyondskin.nura-kibris.com\/wp-content\/uploads\/2025\/06\/Kategorien-MBR-Logo.png 600w, https:\/\/beyondskin.nura-kibris.com\/wp-content\/uploads\/2025\/06\/Kategorien-MBR-Logo-550x550.png 550w, https:\/\/beyondskin.nura-kibris.com\/wp-content\/uploads\/2025\/06\/Kategorien-MBR-Logo-100x100.png 100w, https:\/\/beyondskin.nura-kibris.com\/wp-content\/uploads\/2025\/06\/Kategorien-MBR-Logo-300x300.png 300w, https:\/\/beyondskin.nura-kibris.com\/wp-content\/uploads\/2025\/06\/Kategorien-MBR-Logo-150x150.png 150w\" sizes=\"(max-width: 600px) 100vw, 600px\" \/>\t\t\t\t\t\t\t\t<\/a>\n\t\t\t\t\t\t\t\t\t\t\t\t\t\t\t<\/div>\n\t\t\t\t<\/div>\n\t\t\t\t\t<\/div>\n\t\t<\/div>\n\t\t\t\t<div class=\"elementor-column elementor-col-33 elementor-top-column elementor-element elementor-element-4c64562\" data-id=\"4c64562\" data-element_type=\"column\" data-e-type=\"column\">\n\t\t\t<div class=\"elementor-widget-wrap elementor-element-populated\">\n\t\t\t\t\t\t<div class=\"elementor-element elementor-element-a0a4d12 elementor-widget elementor-widget-image\" data-id=\"a0a4d12\" data-element_type=\"widget\" data-e-type=\"widget\" data-widget_type=\"image.default\">\n\t\t\t\t<div class=\"elementor-widget-container\">\n\t\t\t\t\t\t\t\t\t\t\t\t\t\t\t\t<a href=\"https:\/\/beyondskin.nura-kibris.com\/fr\/boutique-2\/boutique-mh\/\">\n\t\t\t\t\t\t\t<img loading=\"lazy\" decoding=\"async\" width=\"800\" height=\"800\" src=\"https:\/\/beyondskin.nura-kibris.com\/wp-content\/uploads\/2025\/05\/MH_logo_poprawione_Black-1-1024x1024.png\" class=\"attachment-large size-large wp-image-3976\" alt=\"Soin professionnel des l\u00e8vres par Monika Heiligmann\" srcset=\"https:\/\/beyondskin.nura-kibris.com\/wp-content\/uploads\/2025\/05\/MH_logo_poprawione_Black-1-1024x1024.png 1024w, https:\/\/beyondskin.nura-kibris.com\/wp-content\/uploads\/2025\/05\/MH_logo_poprawione_Black-1-550x550.png 550w, https:\/\/beyondskin.nura-kibris.com\/wp-content\/uploads\/2025\/05\/MH_logo_poprawione_Black-1-100x100.png 100w, https:\/\/beyondskin.nura-kibris.com\/wp-content\/uploads\/2025\/05\/MH_logo_poprawione_Black-1-600x600.png 600w, https:\/\/beyondskin.nura-kibris.com\/wp-content\/uploads\/2025\/05\/MH_logo_poprawione_Black-1-300x300.png 300w, https:\/\/beyondskin.nura-kibris.com\/wp-content\/uploads\/2025\/05\/MH_logo_poprawione_Black-1-150x150.png 150w, https:\/\/beyondskin.nura-kibris.com\/wp-content\/uploads\/2025\/05\/MH_logo_poprawione_Black-1-768x768.png 768w, https:\/\/beyondskin.nura-kibris.com\/wp-content\/uploads\/2025\/05\/MH_logo_poprawione_Black-1.png 1250w\" sizes=\"(max-width: 800px) 100vw, 800px\" \/>\t\t\t\t\t\t\t\t<\/a>\n\t\t\t\t\t\t\t\t\t\t\t\t\t\t\t<\/div>\n\t\t\t\t<\/div>\n\t\t\t\t\t<\/div>\n\t\t<\/div>\n\t\t\t\t<div class=\"elementor-column elementor-col-33 elementor-top-column elementor-element elementor-element-2a9f5f8\" data-id=\"2a9f5f8\" data-element_type=\"column\" data-e-type=\"column\">\n\t\t\t<div class=\"elementor-widget-wrap elementor-element-populated\">\n\t\t\t\t\t\t<div class=\"elementor-element elementor-element-5668afb elementor-widget elementor-widget-image\" data-id=\"5668afb\" data-element_type=\"widget\" data-e-type=\"widget\" data-widget_type=\"image.default\">\n\t\t\t\t<div class=\"elementor-widget-container\">\n\t\t\t\t\t\t\t\t\t\t\t\t\t\t\t\t<a href=\"https:\/\/beyondskin.nura-kibris.com\/fr\/boutique-2\/shop-msb\/\">\n\t\t\t\t\t\t\t<img loading=\"lazy\" decoding=\"async\" width=\"600\" height=\"600\" src=\"https:\/\/beyondskin.nura-kibris.com\/wp-content\/uploads\/2025\/06\/Kategorien-MSB-Logo.png\" class=\"attachment-large size-large wp-image-3974\" alt=\"Soins de la peau haute technologie MSB\" srcset=\"https:\/\/beyondskin.nura-kibris.com\/wp-content\/uploads\/2025\/06\/Kategorien-MSB-Logo.png 600w, https:\/\/beyondskin.nura-kibris.com\/wp-content\/uploads\/2025\/06\/Kategorien-MSB-Logo-550x550.png 550w, https:\/\/beyondskin.nura-kibris.com\/wp-content\/uploads\/2025\/06\/Kategorien-MSB-Logo-100x100.png 100w, https:\/\/beyondskin.nura-kibris.com\/wp-content\/uploads\/2025\/06\/Kategorien-MSB-Logo-300x300.png 300w, https:\/\/beyondskin.nura-kibris.com\/wp-content\/uploads\/2025\/06\/Kategorien-MSB-Logo-150x150.png 150w\" sizes=\"(max-width: 600px) 100vw, 600px\" \/>\t\t\t\t\t\t\t\t<\/a>\n\t\t\t\t\t\t\t\t\t\t\t\t\t\t\t<\/div>\n\t\t\t\t<\/div>\n\t\t\t\t\t<\/div>\n\t\t<\/div>\n\t\t\t\t\t<\/div>\n\t\t<\/section>\n\t\t\t\t<\/div>\n\t\t","protected":false},"excerpt":{"rendered":"<p>MBR SHOP ContinueLine med\u00ae La ligne de sp\u00e9cialistes pour les peaux hautement r\u00e9actives, sensibles et irrit\u00e9es. \u2022 Premiers soins pour soutenir le processus de gu\u00e9rison de la peau \u2022 Test\u00e9 cliniquement, anti-inflammatoire, apaisant, stabilisant \u2022 Renforce le syst\u00e8me immunitaire et de d\u00e9fense, assistance dermatologique \u2022 Sans : paraffines, parab\u00e8nes, \u00e9mulsifiants, parfums et colorants MBR &#8211; [&hellip;]<\/p>\n","protected":false},"author":2,"featured_media":0,"parent":4274,"menu_order":0,"comment_status":"closed","ping_status":"closed","template":"","meta":{"footnotes":""},"class_list":["post-4075","page","type-page","status-publish","hentry"],"_links":{"self":[{"href":"https:\/\/beyondskin.nura-kibris.com\/fr\/wp-json\/wp\/v2\/pages\/4075","targetHints":{"allow":["GET"]}}],"collection":[{"href":"https:\/\/beyondskin.nura-kibris.com\/fr\/wp-json\/wp\/v2\/pages"}],"about":[{"href":"https:\/\/beyondskin.nura-kibris.com\/fr\/wp-json\/wp\/v2\/types\/page"}],"author":[{"embeddable":true,"href":"https:\/\/beyondskin.nura-kibris.com\/fr\/wp-json\/wp\/v2\/users\/2"}],"replies":[{"embeddable":true,"href":"https:\/\/beyondskin.nura-kibris.com\/fr\/wp-json\/wp\/v2\/comments?post=4075"}],"version-history":[{"count":0,"href":"https:\/\/beyondskin.nura-kibris.com\/fr\/wp-json\/wp\/v2\/pages\/4075\/revisions"}],"up":[{"embeddable":true,"href":"https:\/\/beyondskin.nura-kibris.com\/fr\/wp-json\/wp\/v2\/pages\/4274"}],"wp:attachment":[{"href":"https:\/\/beyondskin.nura-kibris.com\/fr\/wp-json\/wp\/v2\/media?parent=4075"}],"curies":[{"name":"wp","href":"https:\/\/api.w.org\/{rel}","templated":true}]}}