{"id":4018,"date":"2025-06-17T14:47:08","date_gmt":"2025-06-17T12:47:08","guid":{"rendered":"https:\/\/beyond-skin.ch\/boutique-2\/"},"modified":"2025-12-11T16:16:00","modified_gmt":"2025-12-11T14:16:00","slug":"boutique-2","status":"publish","type":"page","link":"https:\/\/beyondskin.nura-kibris.com\/fr\/boutique-2\/","title":{"rendered":"BOUTIQUE"},"content":{"rendered":"\t\t<div data-elementor-type=\"wp-page\" data-elementor-id=\"4018\" class=\"elementor elementor-4018\" data-elementor-post-type=\"page\">\n\t\t\t\t\t\t<section class=\"elementor-section elementor-top-section elementor-element elementor-element-cc2be6a elementor-section-height-min-height elementor-section-boxed elementor-section-height-default elementor-section-items-middle\" data-id=\"cc2be6a\" data-element_type=\"section\" data-e-type=\"section\" data-settings=\"{&quot;background_background&quot;:&quot;classic&quot;}\">\n\t\t\t\t\t\t<div class=\"elementor-container elementor-column-gap-default\">\n\t\t\t\t\t<div class=\"elementor-column elementor-col-100 elementor-top-column elementor-element elementor-element-11a9dae\" data-id=\"11a9dae\" data-element_type=\"column\" data-e-type=\"column\">\n\t\t\t<div class=\"elementor-widget-wrap elementor-element-populated\">\n\t\t\t\t\t\t<div class=\"elementor-element elementor-element-6149ef7 elementor-invisible elementor-widget elementor-widget-heading\" data-id=\"6149ef7\" data-element_type=\"widget\" data-e-type=\"widget\" data-settings=\"{&quot;_animation&quot;:&quot;fadeInUp&quot;}\" data-widget_type=\"heading.default\">\n\t\t\t\t<div class=\"elementor-widget-container\">\n\t\t\t\t\t<h2 class=\"elementor-heading-title elementor-size-default\">BOUTIQUE<\/h2>\t\t\t\t<\/div>\n\t\t\t\t<\/div>\n\t\t\t\t\t<\/div>\n\t\t<\/div>\n\t\t\t\t\t<\/div>\n\t\t<\/section>\n\t\t\t\t<section class=\"elementor-section elementor-top-section elementor-element elementor-element-1e626f9 elementor-section-boxed elementor-section-height-default elementor-section-height-default\" data-id=\"1e626f9\" data-element_type=\"section\" data-e-type=\"section\">\n\t\t\t\t\t\t<div class=\"elementor-container elementor-column-gap-default\">\n\t\t\t\t\t<div class=\"elementor-column elementor-col-100 elementor-top-column elementor-element elementor-element-ba59c7b\" data-id=\"ba59c7b\" data-element_type=\"column\" data-e-type=\"column\">\n\t\t\t<div class=\"elementor-widget-wrap elementor-element-populated\">\n\t\t\t\t\t\t<div class=\"elementor-element elementor-element-dc81d12 elementor-widget elementor-widget-heading\" data-id=\"dc81d12\" data-element_type=\"widget\" data-e-type=\"widget\" data-widget_type=\"heading.default\">\n\t\t\t\t<div class=\"elementor-widget-container\">\n\t\t\t\t\t<h1 class=\"elementor-heading-title elementor-size-default\">Boutique de soins de la peau Premium<\/h1>\t\t\t\t<\/div>\n\t\t\t\t<\/div>\n\t\t\t\t\t<\/div>\n\t\t<\/div>\n\t\t\t\t\t<\/div>\n\t\t<\/section>\n\t\t\t\t<section class=\"elementor-section elementor-top-section elementor-element elementor-element-7ad2187 elementor-section-boxed elementor-section-height-default elementor-section-height-default\" data-id=\"7ad2187\" data-element_type=\"section\" data-e-type=\"section\">\n\t\t\t\t\t\t<div class=\"elementor-container elementor-column-gap-default\">\n\t\t\t\t\t<div class=\"elementor-column elementor-col-100 elementor-top-column elementor-element elementor-element-7aca862\" data-id=\"7aca862\" data-element_type=\"column\" data-e-type=\"column\">\n\t\t\t<div class=\"elementor-widget-wrap elementor-element-populated\">\n\t\t\t\t\t\t<div class=\"elementor-element elementor-element-30954d6 elementor-widget elementor-widget-text-editor\" data-id=\"30954d6\" data-element_type=\"widget\" data-e-type=\"widget\" data-widget_type=\"text-editor.default\">\n\t\t\t\t<div class=\"elementor-widget-container\">\n\t\t\t\t\t\t\t\t\t<p>Nos soins de la peau Premium exclusifs n&rsquo;attendent que d&rsquo;\u00eatre d\u00e9couverts. Dans la <strong data-start=\"465\" data-end=\"484\">boutique BEYONDSKIN<\/strong>, vous trouverez une s\u00e9lection de produits de marque hautement efficaces qui allient science, luxe et pure sant\u00e9 de la peau. Avec les lignes de soins innovantes de <strong data-start=\"634\" data-end=\"641\">MBR<\/strong>, <strong data-start=\"643\" data-end=\"650\">MSB<\/strong> et <strong data-start=\"655\" data-end=\"676\">Monika Heiligmann<\/strong>, nous vous offrons des soins de la peau Premium au plus haut niveau \u2013 pour une peau \u00e9clatante et une beaut\u00e9 sensuelle.  <\/p>\t\t\t\t\t\t\t\t<\/div>\n\t\t\t\t<\/div>\n\t\t\t\t\t<\/div>\n\t\t<\/div>\n\t\t\t\t\t<\/div>\n\t\t<\/section>\n\t\t\t\t<section class=\"elementor-section elementor-top-section elementor-element elementor-element-8159ccc elementor-section-boxed elementor-section-height-default elementor-section-height-default\" data-id=\"8159ccc\" data-element_type=\"section\" data-e-type=\"section\">\n\t\t\t\t\t\t<div class=\"elementor-container elementor-column-gap-default\">\n\t\t\t\t\t<div class=\"elementor-column elementor-col-33 elementor-top-column elementor-element elementor-element-01e5c1b\" data-id=\"01e5c1b\" data-element_type=\"column\" data-e-type=\"column\">\n\t\t\t<div class=\"elementor-widget-wrap elementor-element-populated\">\n\t\t\t\t\t\t<div class=\"elementor-element elementor-element-974a66d elementor-widget elementor-widget-image\" data-id=\"974a66d\" data-element_type=\"widget\" data-e-type=\"widget\" data-widget_type=\"image.default\">\n\t\t\t\t<div class=\"elementor-widget-container\">\n\t\t\t\t\t\t\t\t\t\t\t\t\t\t\t\t<a href=\"https:\/\/beyondskin.nura-kibris.com\/shop-mbr\/\">\n\t\t\t\t\t\t\t<img fetchpriority=\"high\" decoding=\"async\" width=\"600\" height=\"600\" src=\"https:\/\/beyondskin.nura-kibris.com\/wp-content\/uploads\/2025\/06\/Kategorien-MBR-Logo.png\" class=\"attachment-large size-large wp-image-3975\" alt=\"Soins de la peau premium MBR\" srcset=\"https:\/\/beyondskin.nura-kibris.com\/wp-content\/uploads\/2025\/06\/Kategorien-MBR-Logo.png 600w, https:\/\/beyondskin.nura-kibris.com\/wp-content\/uploads\/2025\/06\/Kategorien-MBR-Logo-550x550.png 550w, https:\/\/beyondskin.nura-kibris.com\/wp-content\/uploads\/2025\/06\/Kategorien-MBR-Logo-100x100.png 100w, https:\/\/beyondskin.nura-kibris.com\/wp-content\/uploads\/2025\/06\/Kategorien-MBR-Logo-300x300.png 300w, https:\/\/beyondskin.nura-kibris.com\/wp-content\/uploads\/2025\/06\/Kategorien-MBR-Logo-150x150.png 150w\" sizes=\"(max-width: 600px) 100vw, 600px\" \/>\t\t\t\t\t\t\t\t<\/a>\n\t\t\t\t\t\t\t\t\t\t\t\t\t\t\t<\/div>\n\t\t\t\t<\/div>\n\t\t\t\t<div class=\"elementor-element elementor-element-efa07b1 elementor-widget elementor-widget-heading\" data-id=\"efa07b1\" data-element_type=\"widget\" data-e-type=\"widget\" data-widget_type=\"heading.default\">\n\t\t\t\t<div class=\"elementor-widget-container\">\n\t\t\t\t\t<h2 class=\"elementor-heading-title elementor-size-default\"><a href=\"https:\/\/beyondskin.nura-kibris.com\/shop-mbr\/\">MBR\u00ae - Cosm\u00e9tiques<\/a><\/h2>\t\t\t\t<\/div>\n\t\t\t\t<\/div>\n\t\t\t\t<div class=\"elementor-element elementor-element-eb2b26a elementor-widget elementor-widget-heading\" data-id=\"eb2b26a\" data-element_type=\"widget\" data-e-type=\"widget\" data-widget_type=\"heading.default\">\n\t\t\t\t<div class=\"elementor-widget-container\">\n\t\t\t\t\t<h3 class=\"elementor-heading-title elementor-size-default\">Soins conceptuels haut de gamme \u00e0 la fronti\u00e8re de la m\u00e9decine<\/h3>\t\t\t\t<\/div>\n\t\t\t\t<\/div>\n\t\t\t\t<div class=\"elementor-element elementor-element-51c8881 elementor-widget elementor-widget-text-editor\" data-id=\"51c8881\" data-element_type=\"widget\" data-e-type=\"widget\" data-widget_type=\"text-editor.default\">\n\t\t\t\t<div class=\"elementor-widget-container\">\n\t\t\t\t\t\t\t\t\t<p><strong>MBR<\/strong> repr\u00e9sente la qu\u00eate de la perfection cutan\u00e9e v\u00e9ritable. Avec des m\u00e9thodes de traitement sur mesure, il est possible d&rsquo;obtenir des r\u00e9sultats sensationnels \u2013 presque comme un lifting, mais sans scalpel. <\/p><ul><li data-start=\"1112\" data-end=\"1159\"><p data-start=\"1114\" data-end=\"1159\">Concentrations d&rsquo;ingr\u00e9dients actifs les plus \u00e9lev\u00e9es possibles<\/p><\/li><li data-start=\"1160\" data-end=\"1196\"><p data-start=\"1162\" data-end=\"1196\">Tol\u00e9rance cutan\u00e9e optimale<\/p><\/li><li data-start=\"1197\" data-end=\"1241\"><p data-start=\"1199\" data-end=\"1241\">Formulations anti-\u00e2ge innovantes<\/p><\/li><\/ul>\t\t\t\t\t\t\t\t<\/div>\n\t\t\t\t<\/div>\n\t\t\t\t<div class=\"elementor-element elementor-element-16de1f5 elementor-widget elementor-widget-heading\" data-id=\"16de1f5\" data-element_type=\"widget\" data-e-type=\"widget\" data-widget_type=\"heading.default\">\n\t\t\t\t<div class=\"elementor-widget-container\">\n\t\t\t\t\t<h2 class=\"elementor-heading-title elementor-size-default\"><a href=\"https:\/\/www.mbr-cosmetics.de\/\" target=\"_blank\" rel=\"noopener\">Vers le site web officiel de MBR\u00ae<\/a><\/h2>\t\t\t\t<\/div>\n\t\t\t\t<\/div>\n\t\t\t\t\t<\/div>\n\t\t<\/div>\n\t\t\t\t<div class=\"elementor-column elementor-col-33 elementor-top-column elementor-element elementor-element-0e19e32\" data-id=\"0e19e32\" data-element_type=\"column\" data-e-type=\"column\">\n\t\t\t<div class=\"elementor-widget-wrap elementor-element-populated\">\n\t\t\t\t\t\t<div class=\"elementor-element elementor-element-b6a89f1 elementor-widget elementor-widget-image\" data-id=\"b6a89f1\" data-element_type=\"widget\" data-e-type=\"widget\" data-widget_type=\"image.default\">\n\t\t\t\t<div class=\"elementor-widget-container\">\n\t\t\t\t\t\t\t\t\t\t\t\t\t\t\t\t<a href=\"https:\/\/beyondskin.nura-kibris.com\/shop-mh\/\">\n\t\t\t\t\t\t\t<img decoding=\"async\" width=\"800\" height=\"800\" src=\"https:\/\/beyondskin.nura-kibris.com\/wp-content\/uploads\/2025\/05\/MH_logo_poprawione_Black-1-1024x1024.png\" class=\"attachment-large size-large wp-image-3976\" alt=\"Soin professionnel des l\u00e8vres par Monika Heiligmann\" srcset=\"https:\/\/beyondskin.nura-kibris.com\/wp-content\/uploads\/2025\/05\/MH_logo_poprawione_Black-1-1024x1024.png 1024w, https:\/\/beyondskin.nura-kibris.com\/wp-content\/uploads\/2025\/05\/MH_logo_poprawione_Black-1-550x550.png 550w, https:\/\/beyondskin.nura-kibris.com\/wp-content\/uploads\/2025\/05\/MH_logo_poprawione_Black-1-100x100.png 100w, https:\/\/beyondskin.nura-kibris.com\/wp-content\/uploads\/2025\/05\/MH_logo_poprawione_Black-1-600x600.png 600w, https:\/\/beyondskin.nura-kibris.com\/wp-content\/uploads\/2025\/05\/MH_logo_poprawione_Black-1-300x300.png 300w, https:\/\/beyondskin.nura-kibris.com\/wp-content\/uploads\/2025\/05\/MH_logo_poprawione_Black-1-150x150.png 150w, https:\/\/beyondskin.nura-kibris.com\/wp-content\/uploads\/2025\/05\/MH_logo_poprawione_Black-1-768x768.png 768w, https:\/\/beyondskin.nura-kibris.com\/wp-content\/uploads\/2025\/05\/MH_logo_poprawione_Black-1.png 1250w\" sizes=\"(max-width: 800px) 100vw, 800px\" \/>\t\t\t\t\t\t\t\t<\/a>\n\t\t\t\t\t\t\t\t\t\t\t\t\t\t\t<\/div>\n\t\t\t\t<\/div>\n\t\t\t\t<div class=\"elementor-element elementor-element-8cdbfce elementor-widget elementor-widget-heading\" data-id=\"8cdbfce\" data-element_type=\"widget\" data-e-type=\"widget\" data-widget_type=\"heading.default\">\n\t\t\t\t<div class=\"elementor-widget-container\">\n\t\t\t\t\t<h2 class=\"elementor-heading-title elementor-size-default\"><a href=\"https:\/\/beyondskin.nura-kibris.com\/shop-mh\/\">Monika Heiligmann Paris<\/a><\/h2>\t\t\t\t<\/div>\n\t\t\t\t<\/div>\n\t\t\t\t<div class=\"elementor-element elementor-element-b2cb87c elementor-widget elementor-widget-heading\" data-id=\"b2cb87c\" data-element_type=\"widget\" data-e-type=\"widget\" data-widget_type=\"heading.default\">\n\t\t\t\t<div class=\"elementor-widget-container\">\n\t\t\t\t\t<h3 class=\"elementor-heading-title elementor-size-default\">L'\u00e9talon-or en mati\u00e8re de soins des l\u00e8vres<\/h3>\t\t\t\t<\/div>\n\t\t\t\t<\/div>\n\t\t\t\t<div class=\"elementor-element elementor-element-c989c16 elementor-widget elementor-widget-text-editor\" data-id=\"c989c16\" data-element_type=\"widget\" data-e-type=\"widget\" data-widget_type=\"text-editor.default\">\n\t\t\t\t<div class=\"elementor-widget-container\">\n\t\t\t\t\t\t\t\t\t<p>D\u00e9couvrez l&rsquo;univers luxueux de <strong data-start=\"1703\" data-end=\"1724\">Monika Heiligmann<\/strong> : des produits de soins des l\u00e8vres innovants qui non seulement soignent, mais intensifient la couleur des l\u00e8vres, perfectionnent les contours et donnent un volume impressionnant.<\/p><ul><li data-start=\"1920\" data-end=\"1981\"><p data-start=\"1922\" data-end=\"1981\">Formules ultra-nourrissantes pour les l\u00e8vres s\u00e8ches et sollicit\u00e9es<\/p><\/li><li data-start=\"1982\" data-end=\"2053\"><p data-start=\"1984\" data-end=\"2053\">D\u00e9velopp\u00e9 par des experts, convient \u00e9galement apr\u00e8s des injections de comblement et des injections<\/p><\/li><li data-start=\"2054\" data-end=\"2099\"><p data-start=\"2056\" data-end=\"2099\">R\u00e9g\u00e9n\u00e9ration, soin et glamour en un<\/p><\/li><\/ul>\t\t\t\t\t\t\t\t<\/div>\n\t\t\t\t<\/div>\n\t\t\t\t<div class=\"elementor-element elementor-element-5f0accb elementor-widget elementor-widget-heading\" data-id=\"5f0accb\" data-element_type=\"widget\" data-e-type=\"widget\" data-widget_type=\"heading.default\">\n\t\t\t\t<div class=\"elementor-widget-container\">\n\t\t\t\t\t<h2 class=\"elementor-heading-title elementor-size-default\"><a href=\"https:\/\/www.monikaheiligmann.com\/\" target=\"_blank\" rel=\"noopener\">Vers le site web officiel de Monika Heiligmann<\/a><\/h2>\t\t\t\t<\/div>\n\t\t\t\t<\/div>\n\t\t\t\t\t<\/div>\n\t\t<\/div>\n\t\t\t\t<div class=\"elementor-column elementor-col-33 elementor-top-column elementor-element elementor-element-a154c0c\" data-id=\"a154c0c\" data-element_type=\"column\" data-e-type=\"column\">\n\t\t\t<div class=\"elementor-widget-wrap elementor-element-populated\">\n\t\t\t\t\t\t<div class=\"elementor-element elementor-element-9be37d5 elementor-widget elementor-widget-image\" data-id=\"9be37d5\" data-element_type=\"widget\" data-e-type=\"widget\" data-widget_type=\"image.default\">\n\t\t\t\t<div class=\"elementor-widget-container\">\n\t\t\t\t\t\t\t\t\t\t\t\t\t\t\t\t<a href=\"https:\/\/beyondskin.nura-kibris.com\/shop\/shop-msb\/\">\n\t\t\t\t\t\t\t<img decoding=\"async\" width=\"600\" height=\"600\" src=\"https:\/\/beyondskin.nura-kibris.com\/wp-content\/uploads\/2025\/06\/Kategorien-MSB-Logo.png\" class=\"attachment-large size-large wp-image-3974\" alt=\"Soins de la peau haute technologie MSB\" srcset=\"https:\/\/beyondskin.nura-kibris.com\/wp-content\/uploads\/2025\/06\/Kategorien-MSB-Logo.png 600w, https:\/\/beyondskin.nura-kibris.com\/wp-content\/uploads\/2025\/06\/Kategorien-MSB-Logo-550x550.png 550w, https:\/\/beyondskin.nura-kibris.com\/wp-content\/uploads\/2025\/06\/Kategorien-MSB-Logo-100x100.png 100w, https:\/\/beyondskin.nura-kibris.com\/wp-content\/uploads\/2025\/06\/Kategorien-MSB-Logo-300x300.png 300w, https:\/\/beyondskin.nura-kibris.com\/wp-content\/uploads\/2025\/06\/Kategorien-MSB-Logo-150x150.png 150w\" sizes=\"(max-width: 600px) 100vw, 600px\" \/>\t\t\t\t\t\t\t\t<\/a>\n\t\t\t\t\t\t\t\t\t\t\t\t\t\t\t<\/div>\n\t\t\t\t<\/div>\n\t\t\t\t<div class=\"elementor-element elementor-element-540c57e elementor-widget elementor-widget-heading\" data-id=\"540c57e\" data-element_type=\"widget\" data-e-type=\"widget\" data-widget_type=\"heading.default\">\n\t\t\t\t<div class=\"elementor-widget-container\">\n\t\t\t\t\t<h2 class=\"elementor-heading-title elementor-size-default\"><a href=\"https:\/\/beyondskin.nura-kibris.com\/shop\/shop-msb\/\">MSB\u00ae - Cosm\u00e9ceutiques\n<\/a><\/h2>\t\t\t\t<\/div>\n\t\t\t\t<\/div>\n\t\t\t\t<div class=\"elementor-element elementor-element-29c54f7 elementor-widget elementor-widget-heading\" data-id=\"29c54f7\" data-element_type=\"widget\" data-e-type=\"widget\" data-widget_type=\"heading.default\">\n\t\t\t\t<div class=\"elementor-widget-container\">\n\t\t\t\t\t<h3 class=\"elementor-heading-title elementor-size-default\">Transformation gr\u00e2ce aux acides de fruits tamponn\u00e9s<\/h3>\t\t\t\t<\/div>\n\t\t\t\t<\/div>\n\t\t\t\t<div class=\"elementor-element elementor-element-888a189 elementor-widget elementor-widget-text-editor\" data-id=\"888a189\" data-element_type=\"widget\" data-e-type=\"widget\" data-widget_type=\"text-editor.default\">\n\t\t\t\t<div class=\"elementor-widget-container\">\n\t\t\t\t\t\t\t\t\t<p>Les formulations innovantes de <strong data-start=\"2362\" data-end=\"2396\">MSB \u2013 Medical Spirit of Beauty<\/strong> misent sur les acides de fruits tamponn\u00e9s comme v\u00e9ritables transformateurs. D\u00e8s la premi\u00e8re application, l&rsquo;<strong data-start=\"2506\" data-end=\"2531\">effet de transformation<\/strong> se produit : <\/p><ul><li data-start=\"2540\" data-end=\"2581\"><p data-start=\"2542\" data-end=\"2581\">Renouvellement cutan\u00e9 doux mais efficace<\/p><\/li><li data-start=\"2582\" data-end=\"2626\"><p data-start=\"2584\" data-end=\"2626\">Correction des signes visibles de l&rsquo;\u00e2ge<\/p><\/li><li data-start=\"2627\" data-end=\"2671\"><p data-start=\"2629\" data-end=\"2671\">Peau saine et \u00e9clatante sans irritation<\/p><\/li><\/ul>\t\t\t\t\t\t\t\t<\/div>\n\t\t\t\t<\/div>\n\t\t\t\t<div class=\"elementor-element elementor-element-e5c360c elementor-widget elementor-widget-heading\" data-id=\"e5c360c\" data-element_type=\"widget\" data-e-type=\"widget\" data-widget_type=\"heading.default\">\n\t\t\t\t<div class=\"elementor-widget-container\">\n\t\t\t\t\t<h2 class=\"elementor-heading-title elementor-size-default\"><a href=\"https:\/\/medical-spirit-of-beauty.de\/\" target=\"_blank\" rel=\"noopener\">Vers le site web officiel de MSB\u00ae<\/a><\/h2>\t\t\t\t<\/div>\n\t\t\t\t<\/div>\n\t\t\t\t\t<\/div>\n\t\t<\/div>\n\t\t\t\t\t<\/div>\n\t\t<\/section>\n\t\t\t\t<section class=\"elementor-section elementor-top-section elementor-element elementor-element-35f2555 elementor-section-boxed elementor-section-height-default elementor-section-height-default\" data-id=\"35f2555\" data-element_type=\"section\" data-e-type=\"section\">\n\t\t\t\t\t\t<div class=\"elementor-container elementor-column-gap-default\">\n\t\t\t\t\t<div class=\"elementor-column elementor-col-100 elementor-top-column elementor-element elementor-element-3f3764f\" data-id=\"3f3764f\" data-element_type=\"column\" data-e-type=\"column\">\n\t\t\t<div class=\"elementor-widget-wrap elementor-element-populated\">\n\t\t\t\t\t\t<div class=\"elementor-element elementor-element-1b83c42 elementor-widget elementor-widget-heading\" data-id=\"1b83c42\" data-element_type=\"widget\" data-e-type=\"widget\" data-widget_type=\"heading.default\">\n\t\t\t\t<div class=\"elementor-widget-container\">\n\t\t\t\t\t<h3 class=\"elementor-heading-title elementor-size-default\">Soins de la peau Premium dans la boutique BEYONDSKIN<\/h3>\t\t\t\t<\/div>\n\t\t\t\t<\/div>\n\t\t\t\t\t<\/div>\n\t\t<\/div>\n\t\t\t\t\t<\/div>\n\t\t<\/section>\n\t\t\t\t<section class=\"elementor-section elementor-top-section elementor-element elementor-element-eda1cb2 elementor-section-boxed elementor-section-height-default elementor-section-height-default\" data-id=\"eda1cb2\" data-element_type=\"section\" data-e-type=\"section\">\n\t\t\t\t\t\t<div class=\"elementor-container elementor-column-gap-default\">\n\t\t\t\t\t<div class=\"elementor-column elementor-col-100 elementor-top-column elementor-element elementor-element-785fc17\" data-id=\"785fc17\" data-element_type=\"column\" data-e-type=\"column\">\n\t\t\t<div class=\"elementor-widget-wrap elementor-element-populated\">\n\t\t\t\t\t\t<div class=\"elementor-element elementor-element-d50372b elementor-widget elementor-widget-image\" data-id=\"d50372b\" data-element_type=\"widget\" data-e-type=\"widget\" data-widget_type=\"image.default\">\n\t\t\t\t<div class=\"elementor-widget-container\">\n\t\t\t\t\t\t\t\t\t\t\t\t\t\t\t<img loading=\"lazy\" decoding=\"async\" width=\"300\" height=\"200\" src=\"https:\/\/beyondskin.nura-kibris.com\/wp-content\/uploads\/2025\/09\/beyondskin-holistic-medspa-zurich-shop-1-300x200.jpg\" class=\"attachment-medium size-medium wp-image-4022\" alt=\"Soins de la peau Premium dans la boutique BEYONDSKIN\" srcset=\"https:\/\/beyondskin.nura-kibris.com\/wp-content\/uploads\/2025\/09\/beyondskin-holistic-medspa-zurich-shop-1-300x200.jpg 300w, https:\/\/beyondskin.nura-kibris.com\/wp-content\/uploads\/2025\/09\/beyondskin-holistic-medspa-zurich-shop-1-1024x683.jpg 1024w, https:\/\/beyondskin.nura-kibris.com\/wp-content\/uploads\/2025\/09\/beyondskin-holistic-medspa-zurich-shop-1-768x512.jpg 768w, https:\/\/beyondskin.nura-kibris.com\/wp-content\/uploads\/2025\/09\/beyondskin-holistic-medspa-zurich-shop-1-1536x1024.jpg 1536w, https:\/\/beyondskin.nura-kibris.com\/wp-content\/uploads\/2025\/09\/beyondskin-holistic-medspa-zurich-shop-1-2048x1365.jpg 2048w, https:\/\/beyondskin.nura-kibris.com\/wp-content\/uploads\/2025\/09\/beyondskin-holistic-medspa-zurich-shop-1-600x400.jpg 600w\" sizes=\"(max-width: 300px) 100vw, 300px\" \/>\t\t\t\t\t\t\t\t\t\t\t\t\t\t\t<\/div>\n\t\t\t\t<\/div>\n\t\t\t\t\t<\/div>\n\t\t<\/div>\n\t\t\t\t\t<\/div>\n\t\t<\/section>\n\t\t\t\t<section class=\"elementor-section elementor-top-section elementor-element elementor-element-3e04bd3 elementor-section-boxed elementor-section-height-default elementor-section-height-default\" data-id=\"3e04bd3\" data-element_type=\"section\" data-e-type=\"section\">\n\t\t\t\t\t\t<div class=\"elementor-container elementor-column-gap-default\">\n\t\t\t\t\t<div class=\"elementor-column elementor-col-100 elementor-top-column elementor-element elementor-element-27502b2\" data-id=\"27502b2\" data-element_type=\"column\" data-e-type=\"column\">\n\t\t\t<div class=\"elementor-widget-wrap elementor-element-populated\">\n\t\t\t\t\t\t<div class=\"elementor-element elementor-element-1cd87a0 elementor-widget elementor-widget-text-editor\" data-id=\"1cd87a0\" data-element_type=\"widget\" data-e-type=\"widget\" data-widget_type=\"text-editor.default\">\n\t\t\t\t<div class=\"elementor-widget-container\">\n\t\t\t\t\t\t\t\t\t<p>Notre mission est de vous rendre accessibles les meilleures marques de <strong data-start=\"3012\" data-end=\"3034\">soins de la peau Premium<\/strong>.<\/p><p data-start=\"2961\" data-end=\"3138\">Avec MBR, MSB et Monika Heiligmann, vous trouverez dans la boutique BEYONDSKIN des produits qui :<\/p>\t\t\t\t\t\t\t\t<\/div>\n\t\t\t\t<\/div>\n\t\t\t\t<div class=\"elementor-element elementor-element-2ae42fc elementor-widget elementor-widget-text-editor\" data-id=\"2ae42fc\" data-element_type=\"widget\" data-e-type=\"widget\" data-widget_type=\"text-editor.default\">\n\t\t\t\t<div class=\"elementor-widget-container\">\n\t\t\t\t\t\t\t\t\t<p>\u2022 Sont tr\u00e8s efficaces &amp; test\u00e9s dermatologiquement<\/p><p>\u2022 Allient luxe &amp; science<\/p><p>\u2022 Offrent des solutions sur mesure pour les besoins individuels de la peau<\/p>\t\t\t\t\t\t\t\t<\/div>\n\t\t\t\t<\/div>\n\t\t\t\t<div class=\"elementor-element elementor-element-a91d87e elementor-widget elementor-widget-text-editor\" data-id=\"a91d87e\" data-element_type=\"widget\" data-e-type=\"widget\" data-widget_type=\"text-editor.default\">\n\t\t\t\t<div class=\"elementor-widget-container\">\n\t\t\t\t\t\t\t\t\t<p data-start=\"3293\" data-end=\"3419\">Plongez dans l&rsquo;univers des soins de la peau exclusifs et offrez-vous le meilleur de ce que la recherche et la cosm\u00e9tique ont \u00e0 offrir.<\/p>\t\t\t\t\t\t\t\t<\/div>\n\t\t\t\t<\/div>\n\t\t\t\t\t<\/div>\n\t\t<\/div>\n\t\t\t\t\t<\/div>\n\t\t<\/section>\n\t\t\t\t<\/div>\n\t\t","protected":false},"excerpt":{"rendered":"<p>BOUTIQUE Boutique de soins de la peau Premium Nos soins de la peau Premium exclusifs n&rsquo;attendent que d&rsquo;\u00eatre d\u00e9couverts. Dans la boutique BEYONDSKIN, vous trouverez une s\u00e9lection de produits de marque hautement efficaces qui allient science, luxe et pure sant\u00e9 de la peau. Avec les lignes de soins innovantes de MBR, MSB et Monika Heiligmann, [&hellip;]<\/p>\n","protected":false},"author":2,"featured_media":0,"parent":0,"menu_order":0,"comment_status":"closed","ping_status":"closed","template":"","meta":{"footnotes":""},"class_list":["post-4018","page","type-page","status-publish","hentry"],"_links":{"self":[{"href":"https:\/\/beyondskin.nura-kibris.com\/fr\/wp-json\/wp\/v2\/pages\/4018","targetHints":{"allow":["GET"]}}],"collection":[{"href":"https:\/\/beyondskin.nura-kibris.com\/fr\/wp-json\/wp\/v2\/pages"}],"about":[{"href":"https:\/\/beyondskin.nura-kibris.com\/fr\/wp-json\/wp\/v2\/types\/page"}],"author":[{"embeddable":true,"href":"https:\/\/beyondskin.nura-kibris.com\/fr\/wp-json\/wp\/v2\/users\/2"}],"replies":[{"embeddable":true,"href":"https:\/\/beyondskin.nura-kibris.com\/fr\/wp-json\/wp\/v2\/comments?post=4018"}],"version-history":[{"count":0,"href":"https:\/\/beyondskin.nura-kibris.com\/fr\/wp-json\/wp\/v2\/pages\/4018\/revisions"}],"wp:attachment":[{"href":"https:\/\/beyondskin.nura-kibris.com\/fr\/wp-json\/wp\/v2\/media?parent=4018"}],"curies":[{"name":"wp","href":"https:\/\/api.w.org\/{rel}","templated":true}]}}