{"id":295,"date":"2024-01-11T13:24:07","date_gmt":"2024-01-11T13:24:07","guid":{"rendered":"https:\/\/beyondskin.nfwebdesign.ch\/?page_id=295"},"modified":"2025-09-16T15:02:21","modified_gmt":"2025-09-16T15:02:21","slug":"impressum","status":"publish","type":"page","link":"https:\/\/beyondskin.nura-kibris.com\/fr\/impressum\/","title":{"rendered":"Impressum"},"content":{"rendered":"\t\t<div data-elementor-type=\"wp-page\" data-elementor-id=\"295\" class=\"elementor elementor-295\" data-elementor-post-type=\"page\">\n\t\t\t\t\t\t<section class=\"elementor-section elementor-top-section elementor-element elementor-element-b6f6ff7 elementor-section-height-min-height elementor-section-boxed elementor-section-height-default elementor-section-items-middle\" data-id=\"b6f6ff7\" data-element_type=\"section\" data-e-type=\"section\" data-settings=\"{&quot;background_background&quot;:&quot;classic&quot;}\">\n\t\t\t\t\t\t<div class=\"elementor-container elementor-column-gap-default\">\n\t\t\t\t\t<div class=\"elementor-column elementor-col-100 elementor-top-column elementor-element elementor-element-e56095a\" data-id=\"e56095a\" data-element_type=\"column\" data-e-type=\"column\">\n\t\t\t<div class=\"elementor-widget-wrap elementor-element-populated\">\n\t\t\t\t\t\t<div class=\"elementor-element elementor-element-962ff18 elementor-invisible elementor-widget elementor-widget-heading\" data-id=\"962ff18\" data-element_type=\"widget\" data-e-type=\"widget\" data-settings=\"{&quot;_animation&quot;:&quot;fadeInUp&quot;}\" data-widget_type=\"heading.default\">\n\t\t\t\t<div class=\"elementor-widget-container\">\n\t\t\t\t\t<h1 class=\"elementor-heading-title elementor-size-default\">Impressum<\/h1>\t\t\t\t<\/div>\n\t\t\t\t<\/div>\n\t\t\t\t\t<\/div>\n\t\t<\/div>\n\t\t\t\t\t<\/div>\n\t\t<\/section>\n\t\t\t\t<section class=\"elementor-section elementor-top-section elementor-element elementor-element-e387021 elementor-section-height-min-height elementor-section-items-stretch elementor-section-content-middle elementor-reverse-mobile elementor-section-boxed elementor-section-height-default\" data-id=\"e387021\" data-element_type=\"section\" data-e-type=\"section\">\n\t\t\t\t\t\t<div class=\"elementor-container elementor-column-gap-no\">\n\t\t\t\t\t<div class=\"elementor-column elementor-col-100 elementor-top-column elementor-element elementor-element-dcff246\" data-id=\"dcff246\" data-element_type=\"column\" data-e-type=\"column\">\n\t\t\t<div class=\"elementor-widget-wrap elementor-element-populated\">\n\t\t\t\t\t\t<div class=\"elementor-element elementor-element-c6c0fb7 elementor-widget elementor-widget-text-editor\" data-id=\"c6c0fb7\" data-element_type=\"widget\" data-e-type=\"widget\" data-widget_type=\"text-editor.default\">\n\t\t\t\t<div class=\"elementor-widget-container\">\n\t\t\t\t\t\t\t\t\t<div class=\"elementor-element elementor-element-75516fe elementor-widget elementor-widget-text-editor\" data-id=\"75516fe\" data-element_type=\"widget\" data-widget_type=\"text-editor.default\"><div class=\"elementor-widget-container\"><h5>KONTAKTADRESSE<\/h5><p>Beyond Skin AG<br \/>Freigustrasse 12<br \/>8002 Z\u00fcrich<\/p><p>e-Mail: <a href=\"mailto:management@beyond-skin.ch\">management@beyond-skin.ch<\/a><\/p><h5>INFORMATIONEN &amp; INHALTE<\/h5><p>Alle Informationen, Inhalte und Erkl\u00e4rungen dieser Homepage sind unverbindlich. Beyond Skin \u00fcbernimmt f\u00fcr die Richtigkeit und Vollst\u00e4ndigkeit der Inhalte keine Gew\u00e4hr. Es wird keine Garantie \u00fcbernommen und keine Zusicherung von Produkteigenschaften gemacht. Aus den Inhalten der Internetseiten ergeben sich keine Rechtsanspr\u00fcche. Fehler im Inhalt werden bei Kenntnis dar\u00fcber unverz\u00fcglich korrigiert. Links auf andere Webseiten werden nicht regelm\u00e4ssig kontrolliert. Wir sind Ihnen dankbar f\u00fcr Hinweise auf Fehler auf unserer Webseite. Beyond Skin \u00fcbernimmt keine Verantwortung f\u00fcr den Inhalt verlinkter Seiten.<\/p><h5>HERUNTERLADEN VON DATEN<\/h5><p>Beyond Skin \u00fcbernimmt keine Gew\u00e4hr f\u00fcr die Fehlerfreiheit von Daten und Software, die von den Webseiten heruntergeladen werden k\u00f6nnen. Unsere verwendete Software wird auf Virenbefall \u00fcberpr\u00fcft. Wir empfehlen dennoch, Daten und Software nach dem Herunterladen auf Virenbefall mit jeweils neuester Virensuchsoftware zu pr\u00fcfen.<\/p><h5>URHEBERRECHTE UND SONSTIGE SONDERSCHUTZRECHTE<\/h5><p>Der Inhalt dieser Webseiten ist urheberrechtlich gesch\u00fctzt. Es darf eine Kopie der Informationen der Internetseiten auf einem einzigen Computer f\u00fcr den nicht-kommerziellen und pers\u00f6nlichen internen Gebrauch gespeichert werden. Grafiken, Texte, Logos, Bilder usw. d\u00fcrfen nur nach schriftlicher Genehmigung durch Beyond Skin heruntergeladen, vervielf\u00e4ltigt, kopiert, ge\u00e4ndert, ver\u00f6ffentlicht, versendet, \u00fcbertragen oder in sonstiger Form genutzt werden. Bei genannten Produkt- und Firmennamen kann es sich um eingetragene Warenzeichen oder Marken handeln. Die unberechtigte Verwendung kann zu Schadensersatzanspr\u00fcchen und Unterlassungsanspr\u00fcchen f\u00fchren.<\/p><h5>SCHUTZ PERS\u00d6NLICHER DATEN UND VERTRAULICHKEIT<\/h5><p>Beyond Skin behandelt alle privaten Daten von Kunden mit Respekt und Vertraulichkeit. Es kann jedoch keine Garantie gegeben werden, dass diese nicht von Dritten \u201egehackt\u201c und gestohlen werden.<\/p><h5>HAFTUNG<\/h5><p>Beyond Skin haftet nicht f\u00fcr Sch\u00e4den, insbesondere nicht f\u00fcr unmittelbare oder mittelbare Folgesch\u00e4den, Datenverlust, entgangenen Gewinn, System- oder Produktionsausf\u00e4lle, die durch die Nutzung dieser Webseiten oder das Herunterladen von Daten entstehen. Liegt bei einem entstandenen Schaden durch die Nutzung der Webseiten oder das Herunterladen von Daten Vorsatz oder grobe Fahrl\u00e4ssigkeit vor, gilt der Haftungsausschluss nicht. Die durch die Nutzung der Webseiten entstandene Rechtsbeziehung zwischen Ihnen und Beyond Skin unterliegt dem schweizerischen Recht. Bei Rechtsstreitigkeiten, die aus der Nutzung dieser Webseiten resultieren, ist der Gerichtsstand der Sitz von Beyond Skin in Z\u00fcrich. Bei Streitigkeiten sind wir bem\u00fcht, eine aussergerichtliche, f\u00fcr alle beteiligten Parteien zufriedenstellende L\u00f6sung im Dialog zu finden.<\/p><h5>ERL\u00c4UTERUNGEN ZUM DATENSCHUTZ<\/h5><p>Sie k\u00f6nnen im Regelfall alle Webseiten von Beyond Skin aufrufen, ohne Angaben \u00fcber Ihre Person zu machen. Werden im Einzelfall Ihr Name, Ihre Anschrift oder sonstige pers\u00f6nliche Daten ben\u00f6tigt, so ist es Ihr freiwilliger Entscheid diese an Beyond Skin zu \u00fcbermitteln. Wenn Sie sich entschliessen, Beyond Skin pers\u00f6nliche Daten \u00fcber das Internet zu \u00fcberlassen, damit z.B. Korrespondenz abgewickelt oder eine Bestellung ausgef\u00fchrt werden kann, so wird mit diesen Daten vertraulich umgegangen.<\/p><h5>LINKS ZU ANDEREN WEBSEITEN<\/h5><p>Die Webseiten von Beyond Skin enthalten gegebenenfalls Links zu anderen Webseiten. Beyond Skin hat keinen Einfluss auf den Inhalt fremder Webseiten und darauf, dass deren Betreiber die Datenschutzbestimmungen einhalten.<\/p><\/div><\/div>\t\t\t\t\t\t\t\t<\/div>\n\t\t\t\t<\/div>\n\t\t\t\t\t<\/div>\n\t\t<\/div>\n\t\t\t\t\t<\/div>\n\t\t<\/section>\n\t\t\t\t<\/div>\n\t\t","protected":false},"excerpt":{"rendered":"<p>Impressum KONTAKTADRESSE Beyond Skin AGFreigustrasse 128002 Z\u00fcrich e-Mail: management@beyond-skin.ch INFORMATIONEN &amp; INHALTE Alle Informationen, Inhalte und Erkl\u00e4rungen dieser Homepage sind unverbindlich. Beyond Skin \u00fcbernimmt f\u00fcr die Richtigkeit und Vollst\u00e4ndigkeit der Inhalte keine Gew\u00e4hr. Es wird keine Garantie \u00fcbernommen und keine Zusicherung von Produkteigenschaften gemacht. Aus den Inhalten der Internetseiten ergeben sich keine Rechtsanspr\u00fcche. Fehler im [&hellip;]<\/p>\n","protected":false},"author":1,"featured_media":0,"parent":0,"menu_order":0,"comment_status":"closed","ping_status":"closed","template":"","meta":{"footnotes":""},"class_list":["post-295","page","type-page","status-publish","hentry"],"_links":{"self":[{"href":"https:\/\/beyondskin.nura-kibris.com\/fr\/wp-json\/wp\/v2\/pages\/295","targetHints":{"allow":["GET"]}}],"collection":[{"href":"https:\/\/beyondskin.nura-kibris.com\/fr\/wp-json\/wp\/v2\/pages"}],"about":[{"href":"https:\/\/beyondskin.nura-kibris.com\/fr\/wp-json\/wp\/v2\/types\/page"}],"author":[{"embeddable":true,"href":"https:\/\/beyondskin.nura-kibris.com\/fr\/wp-json\/wp\/v2\/users\/1"}],"replies":[{"embeddable":true,"href":"https:\/\/beyondskin.nura-kibris.com\/fr\/wp-json\/wp\/v2\/comments?post=295"}],"version-history":[{"count":0,"href":"https:\/\/beyondskin.nura-kibris.com\/fr\/wp-json\/wp\/v2\/pages\/295\/revisions"}],"wp:attachment":[{"href":"https:\/\/beyondskin.nura-kibris.com\/fr\/wp-json\/wp\/v2\/media?parent=295"}],"curies":[{"name":"wp","href":"https:\/\/api.w.org\/{rel}","templated":true}]}}