{"id":5053,"date":"2025-06-12T11:52:13","date_gmt":"2025-06-12T09:52:13","guid":{"rendered":"https:\/\/beyond-skin.ch\/produkt\/mbr-elements-soap-set\/"},"modified":"2026-01-06T16:41:30","modified_gmt":"2026-01-06T14:41:30","slug":"mbr-elements-soap-set","status":"publish","type":"product","link":"https:\/\/beyondskin.nura-kibris.com\/en\/produkt\/mbr-elements-soap-set\/","title":{"rendered":"MBR\u00ae Elements Soap Set"},"content":{"rendered":"<p>Mit dem Soap Set vereinen wir f\u00fcnf luxuri\u00f6se Seifen mit den verf\u00fchrerischen D\u00fcften unserer MBR\u00ae Elements Kollektion. Diese rein pflanzlichen Seifen sind eine wunderbare Geschenkidee die durch ihren verlockenden Duft und ihre pflegenden Eigenschaften begeistern. <\/p>\n<p>&#8211; A combination of nourishing plant oils from sustainable, controlled cultivation<br \/>\n&#8211; Cleanses the skin without drying it out<br \/>\n&#8211; Free from microplastics, silicones, and parabens<br \/>\n&#8211; Skin-friendly pH value (approx. 8)<br \/>\n&#8211; Vegan and cruelty-free<br \/>\n&#8211; Very economical and sustainable, even when traveling<\/p>\n<p>Main active ingredients:<\/p>\n<p>NATURAL &amp; PURE Soap<br \/>\nTonka bean, rooibos, musk, leaves of white flowers.<\/p>\n<p>HARMONY &amp; BALANCE Soap<br \/>\nPeach, rose, peony, white musk, amber.<\/p>\n<p>PERFECT &amp; BRILLANT<br \/>\nBergamot, blackcurrant, tuberose, violet, frankincense.<\/p>\n<p>PERFORMANCE &amp; ENERGY<br \/>\nLemon, grapefruit, apple, patchouli, sandalwood, vetiver.<\/p>\n<p>FUN &amp; SUN<br \/>\nMandarin, blood orange, apple, apricot, freesia, musk.<\/p>\n<p>5 x 50 g<\/p>\n","protected":false},"excerpt":{"rendered":"<h3>The soap collection of MBR\u00ae line fragrances<\/h3>\n","protected":false},"featured_media":5054,"comment_status":"open","ping_status":"closed","template":"","meta":[],"product_brand":[144],"product_cat":[140,137,128],"product_tag":[],"class_list":{"0":"post-5053","1":"product","2":"type-product","3":"status-publish","4":"has-post-thumbnail","6":"product_brand-mbr","7":"product_cat-cleanser","8":"product_cat-fragrants-soaps","9":"product_cat-specials-sets","11":"first","12":"instock","13":"taxable","14":"shipping-taxable","15":"purchasable","16":"product-type-simple"},"_links":{"self":[{"href":"https:\/\/beyondskin.nura-kibris.com\/en\/wp-json\/wp\/v2\/product\/5053","targetHints":{"allow":["GET"]}}],"collection":[{"href":"https:\/\/beyondskin.nura-kibris.com\/en\/wp-json\/wp\/v2\/product"}],"about":[{"href":"https:\/\/beyondskin.nura-kibris.com\/en\/wp-json\/wp\/v2\/types\/product"}],"replies":[{"embeddable":true,"href":"https:\/\/beyondskin.nura-kibris.com\/en\/wp-json\/wp\/v2\/comments?post=5053"}],"wp:featuredmedia":[{"embeddable":true,"href":"https:\/\/beyondskin.nura-kibris.com\/en\/wp-json\/wp\/v2\/media\/5054"}],"wp:attachment":[{"href":"https:\/\/beyondskin.nura-kibris.com\/en\/wp-json\/wp\/v2\/media?parent=5053"}],"wp:term":[{"taxonomy":"product_brand","embeddable":true,"href":"https:\/\/beyondskin.nura-kibris.com\/en\/wp-json\/wp\/v2\/product_brand?post=5053"},{"taxonomy":"product_cat","embeddable":true,"href":"https:\/\/beyondskin.nura-kibris.com\/en\/wp-json\/wp\/v2\/product_cat?post=5053"},{"taxonomy":"product_tag","embeddable":true,"href":"https:\/\/beyondskin.nura-kibris.com\/en\/wp-json\/wp\/v2\/product_tag?post=5053"}],"curies":[{"name":"wp","href":"https:\/\/api.w.org\/{rel}","templated":true}]}}