{"id":4958,"date":"2025-06-25T11:03:50","date_gmt":"2025-06-25T09:03:50","guid":{"rendered":"https:\/\/beyond-skin.ch\/produkt\/algae-eye-patches\/"},"modified":"2026-01-06T12:51:10","modified_gmt":"2026-01-06T10:51:10","slug":"algae-eye-patches","status":"publish","type":"product","link":"https:\/\/beyondskin.nura-kibris.com\/en\/produkt\/algae-eye-patches\/","title":{"rendered":"Algae Eye Patches"},"content":{"rendered":"<p>Die Haut rund um die Augen ist im Gegensatz zur restlichen Haut viel d\u00fcnner und dementsprechend besonders empfindlich. Wenig Schlaf oder Stress lassen die Partie sofort um Jahre \u00e4lter und m\u00fcder aussehen. <\/p>\n<p>\u2022 Gives the eye area new energy and elasticity<br \/>\u2022 Fills in lines and wrinkles (plumping effect)<br \/>\u2022 Soothes and moisturizes tired skin<br \/>\u2022 Smoothes and revitalizes<br \/>\u2022 Leaves the eye area looking refreshed and awake<\/p>\n<p>Main active ingredients: Alginate, calcium ions, sodium ions, hyaluronic acid<\/p>\n<p>5 applications<\/p>\n","protected":false},"excerpt":{"rendered":"<p>Eye patches based on state-of-the-art active ingredients combined with a high-quality algae fleece act like a &#8220;hello wake-up call&#8221;.<\/p>\n","protected":false},"featured_media":4959,"comment_status":"open","ping_status":"closed","template":"","meta":[],"product_brand":[148],"product_cat":[132],"product_tag":[],"class_list":{"0":"post-4958","1":"product","2":"type-product","3":"status-publish","4":"has-post-thumbnail","6":"product_brand-msb","7":"product_cat-eye-care","9":"first","10":"instock","11":"taxable","12":"shipping-taxable","13":"purchasable","14":"product-type-simple"},"_links":{"self":[{"href":"https:\/\/beyondskin.nura-kibris.com\/en\/wp-json\/wp\/v2\/product\/4958","targetHints":{"allow":["GET"]}}],"collection":[{"href":"https:\/\/beyondskin.nura-kibris.com\/en\/wp-json\/wp\/v2\/product"}],"about":[{"href":"https:\/\/beyondskin.nura-kibris.com\/en\/wp-json\/wp\/v2\/types\/product"}],"replies":[{"embeddable":true,"href":"https:\/\/beyondskin.nura-kibris.com\/en\/wp-json\/wp\/v2\/comments?post=4958"}],"wp:featuredmedia":[{"embeddable":true,"href":"https:\/\/beyondskin.nura-kibris.com\/en\/wp-json\/wp\/v2\/media\/4959"}],"wp:attachment":[{"href":"https:\/\/beyondskin.nura-kibris.com\/en\/wp-json\/wp\/v2\/media?parent=4958"}],"wp:term":[{"taxonomy":"product_brand","embeddable":true,"href":"https:\/\/beyondskin.nura-kibris.com\/en\/wp-json\/wp\/v2\/product_brand?post=4958"},{"taxonomy":"product_cat","embeddable":true,"href":"https:\/\/beyondskin.nura-kibris.com\/en\/wp-json\/wp\/v2\/product_cat?post=4958"},{"taxonomy":"product_tag","embeddable":true,"href":"https:\/\/beyondskin.nura-kibris.com\/en\/wp-json\/wp\/v2\/product_tag?post=4958"}],"curies":[{"name":"wp","href":"https:\/\/api.w.org\/{rel}","templated":true}]}}